{"id":1331,"date":"2017-10-23T19:52:40","date_gmt":"2017-10-23T17:52:40","guid":{"rendered":"http:\/\/www.strandvejen23.dk\/?page_id=1331"},"modified":"2018-12-20T20:38:31","modified_gmt":"2018-12-20T19:38:31","slug":"2018-2","status":"publish","type":"page","link":"http:\/\/www.strandvejen23.dk\/?page_id=1331","title":{"rendered":"2018"},"content":{"rendered":"<h1 style=\"text-align: center;\">2018<\/h1>\n<p style=\"text-align: center;\"><a href=\"http:\/\/www.strandvejen23.dk\/wp-content\/uploads\/2017\/05\/fullsizeoutput_3089.jpeg\"><img loading=\"lazy\" decoding=\"async\" class=\"alignnone size-large wp-image-1468\" src=\"http:\/\/www.strandvejen23.dk\/wp-content\/uploads\/2017\/05\/fullsizeoutput_3089-819x1024.jpeg\" alt=\"\" width=\"584\" height=\"730\" srcset=\"http:\/\/www.strandvejen23.dk\/wp-content\/uploads\/2017\/05\/fullsizeoutput_3089-819x1024.jpeg 819w, http:\/\/www.strandvejen23.dk\/wp-content\/uploads\/2017\/05\/fullsizeoutput_3089-240x300.jpeg 240w, http:\/\/www.strandvejen23.dk\/wp-content\/uploads\/2017\/05\/fullsizeoutput_3089-768x960.jpeg 768w\" sizes=\"auto, (max-width: 584px) 100vw, 584px\" \/><\/a><\/p>\n<p style=\"text-align: center;\">2018 b\u00f6rjade p\u00e5 en bar med\u00a0levande\u00a0musik i Nosy Bee p\u00e5 Madagaskar.<\/p>\n<p style=\"text-align: center;\"><a href=\"http:\/\/www.strandvejen23.dk\/wp-content\/uploads\/2017\/10\/fullsizeoutput_320e.jpeg\"><img loading=\"lazy\" decoding=\"async\" class=\"size-large wp-image-1654 aligncenter\" src=\"http:\/\/www.strandvejen23.dk\/wp-content\/uploads\/2017\/10\/fullsizeoutput_320e-768x1024.jpeg\" alt=\"\" width=\"584\" height=\"779\" srcset=\"http:\/\/www.strandvejen23.dk\/wp-content\/uploads\/2017\/10\/fullsizeoutput_320e-768x1024.jpeg 768w, http:\/\/www.strandvejen23.dk\/wp-content\/uploads\/2017\/10\/fullsizeoutput_320e-225x300.jpeg 225w\" sizes=\"auto, (max-width: 584px) 100vw, 584px\" \/><\/a><\/p>\n<p style=\"text-align: center;\">Lotusblomma p\u00e5 Mauritius<\/p>\n<p><a href=\"http:\/\/www.strandvejen23.dk\/wp-content\/uploads\/2017\/05\/fullsizeoutput_3175.jpeg\"><img loading=\"lazy\" decoding=\"async\" class=\"size-large wp-image-1612 aligncenter\" src=\"http:\/\/www.strandvejen23.dk\/wp-content\/uploads\/2017\/05\/fullsizeoutput_3175-1024x768.jpeg\" alt=\"\" width=\"584\" height=\"438\" srcset=\"http:\/\/www.strandvejen23.dk\/wp-content\/uploads\/2017\/05\/fullsizeoutput_3175-1024x768.jpeg 1024w, http:\/\/www.strandvejen23.dk\/wp-content\/uploads\/2017\/05\/fullsizeoutput_3175-300x225.jpeg 300w, http:\/\/www.strandvejen23.dk\/wp-content\/uploads\/2017\/05\/fullsizeoutput_3175-768x576.jpeg 768w, http:\/\/www.strandvejen23.dk\/wp-content\/uploads\/2017\/05\/fullsizeoutput_3175-400x300.jpeg 400w\" sizes=\"auto, (max-width: 584px) 100vw, 584px\" \/><\/a><\/p>\n<p style=\"text-align: center;\">Seychellerna januari 2018<\/p>\n<p style=\"text-align: center;\"><a href=\"http:\/\/www.strandvejen23.dk\/wp-content\/uploads\/2018\/03\/gCyaFCxySLOunTPEwk2vQ-e1529878715144.jpg\"><img loading=\"lazy\" decoding=\"async\" class=\"alignnone size-large wp-image-1807\" src=\"http:\/\/www.strandvejen23.dk\/wp-content\/uploads\/2018\/03\/gCyaFCxySLOunTPEwk2vQ-e1529878715144-769x1024.jpg\" alt=\"\" width=\"584\" height=\"778\" srcset=\"http:\/\/www.strandvejen23.dk\/wp-content\/uploads\/2018\/03\/gCyaFCxySLOunTPEwk2vQ-e1529878715144-769x1024.jpg 769w, http:\/\/www.strandvejen23.dk\/wp-content\/uploads\/2018\/03\/gCyaFCxySLOunTPEwk2vQ-e1529878715144-225x300.jpg 225w, http:\/\/www.strandvejen23.dk\/wp-content\/uploads\/2018\/03\/gCyaFCxySLOunTPEwk2vQ-e1529878715144-768x1022.jpg 768w\" sizes=\"auto, (max-width: 584px) 100vw, 584px\" \/><\/a><\/p>\n<p style=\"text-align: center;\">G\u00f6ta kanal juni 2018<\/p>\n<p><a href=\"http:\/\/www.strandvejen23.dk\/wp-content\/uploads\/2017\/10\/laesoekonstfestival.png\"><img loading=\"lazy\" decoding=\"async\" class=\"alignnone size-full wp-image-1334\" src=\"http:\/\/www.strandvejen23.dk\/wp-content\/uploads\/2017\/10\/laesoekonstfestival.png\" alt=\"\" width=\"1000\" height=\"200\" srcset=\"http:\/\/www.strandvejen23.dk\/wp-content\/uploads\/2017\/10\/laesoekonstfestival.png 1000w, http:\/\/www.strandvejen23.dk\/wp-content\/uploads\/2017\/10\/laesoekonstfestival-300x60.png 300w, http:\/\/www.strandvejen23.dk\/wp-content\/uploads\/2017\/10\/laesoekonstfestival-768x154.png 768w, http:\/\/www.strandvejen23.dk\/wp-content\/uploads\/2017\/10\/laesoekonstfestival-500x100.png 500w\" sizes=\"auto, (max-width: 1000px) 100vw, 1000px\" \/><\/a><\/p>\n<p><a href=\"https:\/\/www.youtube.com\/watch?v=swVS_fpooOc\">https:\/\/www.youtube.com\/watch?v=swVS_fpooOc<\/a><\/p>\n<p><strong>PROGRAM:\u00a0<a href=\"http:\/\/undermappe.laesoekunstfestival.dk\/\" target=\"_blank\" rel=\"noopener noreferrer\">L\u00e6s\u00f8 Kunstfestival 2018<\/a><\/strong><\/p>\n<p><a href=\"http:\/\/www.strandvejen23.dk\/wp-content\/uploads\/2017\/10\/IMG_3902.jpg\"><img loading=\"lazy\" decoding=\"async\" class=\"alignnone size-large wp-image-1861\" src=\"http:\/\/www.strandvejen23.dk\/wp-content\/uploads\/2017\/10\/IMG_3902-1024x473.jpg\" alt=\"\" width=\"584\" height=\"270\" srcset=\"http:\/\/www.strandvejen23.dk\/wp-content\/uploads\/2017\/10\/IMG_3902-1024x473.jpg 1024w, http:\/\/www.strandvejen23.dk\/wp-content\/uploads\/2017\/10\/IMG_3902-300x139.jpg 300w, http:\/\/www.strandvejen23.dk\/wp-content\/uploads\/2017\/10\/IMG_3902-768x355.jpg 768w, http:\/\/www.strandvejen23.dk\/wp-content\/uploads\/2017\/10\/IMG_3902-500x231.jpg 500w, http:\/\/www.strandvejen23.dk\/wp-content\/uploads\/2017\/10\/IMG_3902.jpg 1920w\" sizes=\"auto, (max-width: 584px) 100vw, 584px\" \/><\/a><\/p>\n<p style=\"text-align: center;\">Stokken,L\u00e6s\u00f8<\/p>\n<p style=\"text-align: center;\"><a href=\"http:\/\/www.strandvejen23.dk\/wp-content\/uploads\/2017\/10\/fullsizeoutput_3407.jpeg\"><img loading=\"lazy\" decoding=\"async\" class=\"alignnone size-large wp-image-1864\" src=\"http:\/\/www.strandvejen23.dk\/wp-content\/uploads\/2017\/10\/fullsizeoutput_3407-1024x768.jpeg\" alt=\"\" width=\"584\" height=\"438\" srcset=\"http:\/\/www.strandvejen23.dk\/wp-content\/uploads\/2017\/10\/fullsizeoutput_3407-1024x768.jpeg 1024w, http:\/\/www.strandvejen23.dk\/wp-content\/uploads\/2017\/10\/fullsizeoutput_3407-300x225.jpeg 300w, http:\/\/www.strandvejen23.dk\/wp-content\/uploads\/2017\/10\/fullsizeoutput_3407-768x576.jpeg 768w, http:\/\/www.strandvejen23.dk\/wp-content\/uploads\/2017\/10\/fullsizeoutput_3407-400x300.jpeg 400w\" sizes=\"auto, (max-width: 584px) 100vw, 584px\" \/><\/a><\/p>\n<p style=\"text-align: center;\">Blodm\u00e5ne konsert p\u00e5 Stokken<\/p>\n<p><a href=\"http:\/\/www.strandvejen23.dk\/wp-content\/uploads\/2017\/10\/IMG_3898.jpg\"><img loading=\"lazy\" decoding=\"async\" class=\"alignnone size-large wp-image-1859\" src=\"http:\/\/www.strandvejen23.dk\/wp-content\/uploads\/2017\/10\/IMG_3898-1024x768.jpg\" alt=\"\" width=\"584\" height=\"438\" srcset=\"http:\/\/www.strandvejen23.dk\/wp-content\/uploads\/2017\/10\/IMG_3898-1024x768.jpg 1024w, http:\/\/www.strandvejen23.dk\/wp-content\/uploads\/2017\/10\/IMG_3898-300x225.jpg 300w, http:\/\/www.strandvejen23.dk\/wp-content\/uploads\/2017\/10\/IMG_3898-768x576.jpg 768w, http:\/\/www.strandvejen23.dk\/wp-content\/uploads\/2017\/10\/IMG_3898-400x300.jpg 400w\" sizes=\"auto, (max-width: 584px) 100vw, 584px\" \/><\/a><\/p>\n<p style=\"text-align: center;\"><img loading=\"lazy\" decoding=\"async\" class=\"alignnone size-large wp-image-1332 aligncenter\" src=\"http:\/\/www.strandvejen23.dk\/wp-content\/uploads\/2017\/10\/Jungfrufestivalen2018-1024x632.jpg\" alt=\"\" width=\"584\" height=\"360\" srcset=\"http:\/\/www.strandvejen23.dk\/wp-content\/uploads\/2017\/10\/Jungfrufestivalen2018-1024x632.jpg 1024w, http:\/\/www.strandvejen23.dk\/wp-content\/uploads\/2017\/10\/Jungfrufestivalen2018-300x185.jpg 300w, http:\/\/www.strandvejen23.dk\/wp-content\/uploads\/2017\/10\/Jungfrufestivalen2018-768x474.jpg 768w, http:\/\/www.strandvejen23.dk\/wp-content\/uploads\/2017\/10\/Jungfrufestivalen2018-486x300.jpg 486w, http:\/\/www.strandvejen23.dk\/wp-content\/uploads\/2017\/10\/Jungfrufestivalen2018.jpg 1367w\" sizes=\"auto, (max-width: 584px) 100vw, 584px\" \/>Jomfruhummerfestival i\u00a0 \u00d8sterby Havn, L\u00e6s\u00f8<\/p>\n<p><a href=\"http:\/\/www.strandvejen23.dk\/wp-content\/uploads\/2017\/10\/SccFPAbMRQt3AIBHmKECQ.jpg\"><img loading=\"lazy\" decoding=\"async\" class=\"alignnone size-large wp-image-1863\" src=\"http:\/\/www.strandvejen23.dk\/wp-content\/uploads\/2017\/10\/SccFPAbMRQt3AIBHmKECQ-e1533493165734-768x1024.jpg\" alt=\"\" width=\"584\" height=\"779\" srcset=\"http:\/\/www.strandvejen23.dk\/wp-content\/uploads\/2017\/10\/SccFPAbMRQt3AIBHmKECQ-e1533493165734-768x1024.jpg 768w, http:\/\/www.strandvejen23.dk\/wp-content\/uploads\/2017\/10\/SccFPAbMRQt3AIBHmKECQ-e1533493165734-225x300.jpg 225w\" sizes=\"auto, (max-width: 584px) 100vw, 584px\" \/><\/a><\/p>\n<p>En helt vanlig s\u00f6ndag p\u00e5 L\u00e6s\u00f8. Bj\u00f8rn kom f\u00f6rbi med sin trumpet medens Ingmar klubbar n\u00e5gra krabbe-klor till lunch. V\u00e5r labbe, Mika kollar s\u00e5 att inget g\u00e5r till spillo.<\/p>\n<p><a href=\"http:\/\/www.strandvejen23.dk\/wp-content\/uploads\/2012\/09\/odKwMTmSvWIpwWcN6MB3g.jpg\"><img loading=\"lazy\" decoding=\"async\" class=\"size-large wp-image-1938 aligncenter\" src=\"http:\/\/www.strandvejen23.dk\/wp-content\/uploads\/2012\/09\/odKwMTmSvWIpwWcN6MB3g-1024x768.jpg\" alt=\"\" width=\"584\" height=\"438\" srcset=\"http:\/\/www.strandvejen23.dk\/wp-content\/uploads\/2012\/09\/odKwMTmSvWIpwWcN6MB3g-1024x768.jpg 1024w, http:\/\/www.strandvejen23.dk\/wp-content\/uploads\/2012\/09\/odKwMTmSvWIpwWcN6MB3g-300x225.jpg 300w, http:\/\/www.strandvejen23.dk\/wp-content\/uploads\/2012\/09\/odKwMTmSvWIpwWcN6MB3g-768x576.jpg 768w, http:\/\/www.strandvejen23.dk\/wp-content\/uploads\/2012\/09\/odKwMTmSvWIpwWcN6MB3g-400x300.jpg 400w\" sizes=\"auto, (max-width: 584px) 100vw, 584px\" \/><\/a><\/p>\n<p style=\"text-align: center;\">2018-\u00e5rs\u00a0installation p\u00e5\u00a0L\u00e6s\u00f8\u00a0L\u00e6s\u00f8<\/p>\n<p><img loading=\"lazy\" decoding=\"async\" class=\"alignnone size-large wp-image-1866\" src=\"http:\/\/www.strandvejen23.dk\/wp-content\/uploads\/2017\/10\/5n0UN2o1R26wMHGRBDwL1w-e1533493441940-769x1024.jpg\" alt=\"\" width=\"584\" height=\"778\" srcset=\"http:\/\/www.strandvejen23.dk\/wp-content\/uploads\/2017\/10\/5n0UN2o1R26wMHGRBDwL1w-e1533493441940-769x1024.jpg 769w, http:\/\/www.strandvejen23.dk\/wp-content\/uploads\/2017\/10\/5n0UN2o1R26wMHGRBDwL1w-e1533493441940-225x300.jpg 225w, http:\/\/www.strandvejen23.dk\/wp-content\/uploads\/2017\/10\/5n0UN2o1R26wMHGRBDwL1w-e1533493441940-768x1022.jpg 768w\" sizes=\"auto, (max-width: 584px) 100vw, 584px\" \/><\/p>\n<p style=\"text-align: center;\">M\u00e5nga sk\u00f6na dagar p\u00e5 L\u00e6s\u00f8. 2018 varmaste sommaren\u00a0p\u00e5 144 \u00e5r!<\/p>\n<div style=\"width: 584px;\" class=\"wp-video\"><video class=\"wp-video-shortcode\" id=\"video-1331-1\" width=\"584\" height=\"329\" preload=\"metadata\" controls=\"controls\"><source type=\"video\/mp4\" src=\"http:\/\/www.strandvejen23.dk\/wp-content\/uploads\/2017\/10\/video-1538848520.mp4?_=1\" \/><a href=\"http:\/\/www.strandvejen23.dk\/wp-content\/uploads\/2017\/10\/video-1538848520.mp4\">http:\/\/www.strandvejen23.dk\/wp-content\/uploads\/2017\/10\/video-1538848520.mp4<\/a><\/video><\/div>\n<p style=\"text-align: center;\">H\u00e4rlig eskadersegling tillsammans med m\u00e5nga Coldinbr\u00f6der och deras respektive<br \/>\ni Kroatien i september 2018<\/p>\n<p style=\"text-align: center;\"><a href=\"http:\/\/www.strandvejen23.dk\/wp-content\/uploads\/2017\/10\/fullsizeoutput_34c9.jpeg\"><img loading=\"lazy\" decoding=\"async\" class=\"alignnone size-large wp-image-1943\" src=\"http:\/\/www.strandvejen23.dk\/wp-content\/uploads\/2017\/10\/fullsizeoutput_34c9-766x1024.jpeg\" alt=\"\" width=\"584\" height=\"781\" srcset=\"http:\/\/www.strandvejen23.dk\/wp-content\/uploads\/2017\/10\/fullsizeoutput_34c9-766x1024.jpeg 766w, http:\/\/www.strandvejen23.dk\/wp-content\/uploads\/2017\/10\/fullsizeoutput_34c9-224x300.jpeg 224w, http:\/\/www.strandvejen23.dk\/wp-content\/uploads\/2017\/10\/fullsizeoutput_34c9-768x1027.jpeg 768w\" sizes=\"auto, (max-width: 584px) 100vw, 584px\" \/><\/a><\/p>\n<p style=\"text-align: center;\"><a href=\"http:\/\/www.strandvejen23.dk\/wp-content\/uploads\/2017\/10\/I5g8Q8acQgiybNr2uMVTIA-e1539264570955.jpg\"><img loading=\"lazy\" decoding=\"async\" class=\"alignnone size-large wp-image-1944\" src=\"http:\/\/www.strandvejen23.dk\/wp-content\/uploads\/2017\/10\/I5g8Q8acQgiybNr2uMVTIA-e1539264570955-1024x769.jpg\" alt=\"\" width=\"584\" height=\"439\" srcset=\"http:\/\/www.strandvejen23.dk\/wp-content\/uploads\/2017\/10\/I5g8Q8acQgiybNr2uMVTIA-e1539264570955-1024x769.jpg 1024w, http:\/\/www.strandvejen23.dk\/wp-content\/uploads\/2017\/10\/I5g8Q8acQgiybNr2uMVTIA-e1539264570955-300x225.jpg 300w, http:\/\/www.strandvejen23.dk\/wp-content\/uploads\/2017\/10\/I5g8Q8acQgiybNr2uMVTIA-e1539264570955-768x577.jpg 768w, http:\/\/www.strandvejen23.dk\/wp-content\/uploads\/2017\/10\/I5g8Q8acQgiybNr2uMVTIA-e1539264570955-399x300.jpg 399w\" sizes=\"auto, (max-width: 584px) 100vw, 584px\" \/><\/a><\/p>\n<p style=\"text-align: center;\">Avslutade eskaderseglingen med n\u00e5gra dagar tillsammans med Denise p\u00e5 \u00f6n Hvar i Kroatien<\/p>\n<p style=\"text-align: center;\"><a href=\"http:\/\/www.strandvejen23.dk\/wp-content\/uploads\/2017\/10\/IMG_0066.jpeg\"><img loading=\"lazy\" decoding=\"async\" class=\"alignnone size-full wp-image-1950\" src=\"http:\/\/www.strandvejen23.dk\/wp-content\/uploads\/2017\/10\/IMG_0066.jpeg\" alt=\"\" width=\"480\" height=\"640\" srcset=\"http:\/\/www.strandvejen23.dk\/wp-content\/uploads\/2017\/10\/IMG_0066.jpeg 480w, http:\/\/www.strandvejen23.dk\/wp-content\/uploads\/2017\/10\/IMG_0066-225x300.jpeg 225w\" sizes=\"auto, (max-width: 480px) 100vw, 480px\" \/><\/a><\/p>\n<p style=\"text-align: center;\">Astrid 181122<\/p>\n<p style=\"text-align: center;\"><a href=\"http:\/\/www.strandvejen23.dk\/wp-content\/uploads\/2017\/10\/QkVVWDtvSnq3E1nkMpYGwA.jpg\"><img loading=\"lazy\" decoding=\"async\" class=\"alignnone wp-image-1951 size-large\" src=\"http:\/\/www.strandvejen23.dk\/wp-content\/uploads\/2017\/10\/QkVVWDtvSnq3E1nkMpYGwA-e1545334589616-768x1024.jpg\" alt=\"\" width=\"584\" height=\"779\" srcset=\"http:\/\/www.strandvejen23.dk\/wp-content\/uploads\/2017\/10\/QkVVWDtvSnq3E1nkMpYGwA-e1545334589616-768x1024.jpg 768w, http:\/\/www.strandvejen23.dk\/wp-content\/uploads\/2017\/10\/QkVVWDtvSnq3E1nkMpYGwA-e1545334589616-225x300.jpg 225w\" sizes=\"auto, (max-width: 584px) 100vw, 584px\" \/><\/a>Stolt farfar<\/p>\n<p style=\"text-align: center;\">Jul hemma i \u00d6nnered med den daska sl\u00e4kten<\/p>\n<blockquote class=\"wp-embedded-content\" data-secret=\"JPXeD7snKU\"><p><a href=\"https:\/\/dental24.se\/\">Start<\/a><\/p><\/blockquote>\n<p><iframe loading=\"lazy\" class=\"wp-embedded-content\" sandbox=\"allow-scripts\" security=\"restricted\" style=\"position: absolute; clip: rect(1px, 1px, 1px, 1px);\" title=\"\u201dStart\u201d &ndash; Dental24\" src=\"https:\/\/dental24.se\/embed\/#?secret=LtiUxal4Q3#?secret=JPXeD7snKU\" data-secret=\"JPXeD7snKU\" width=\"584\" height=\"329\" frameborder=\"0\" marginwidth=\"0\" marginheight=\"0\" scrolling=\"no\"><\/iframe><\/p>\n","protected":false},"excerpt":{"rendered":"<p>2018 2018 b\u00f6rjade p\u00e5 en bar med\u00a0levande\u00a0musik i Nosy Bee p\u00e5 Madagaskar. Lotusblomma p\u00e5 Mauritius Seychellerna januari 2018 G\u00f6ta kanal juni 2018 PROGRAM:\u00a0L\u00e6s\u00f8 Kunstfestival 2018 Stokken,L\u00e6s\u00f8 Blodm\u00e5ne konsert p\u00e5 Stokken Jomfruhummerfestival i\u00a0 \u00d8sterby Havn, L\u00e6s\u00f8 En helt vanlig s\u00f6ndag p\u00e5 &hellip; <a href=\"http:\/\/www.strandvejen23.dk\/?page_id=1331\">L\u00e4s mer <span class=\"meta-nav\">&rarr;<\/span><\/a><\/p>\n","protected":false},"author":3,"featured_media":0,"parent":0,"menu_order":0,"comment_status":"closed","ping_status":"closed","template":"","meta":{"footnotes":""},"class_list":["post-1331","page","type-page","status-publish","hentry"],"_links":{"self":[{"href":"http:\/\/www.strandvejen23.dk\/index.php?rest_route=\/wp\/v2\/pages\/1331","targetHints":{"allow":["GET"]}}],"collection":[{"href":"http:\/\/www.strandvejen23.dk\/index.php?rest_route=\/wp\/v2\/pages"}],"about":[{"href":"http:\/\/www.strandvejen23.dk\/index.php?rest_route=\/wp\/v2\/types\/page"}],"author":[{"embeddable":true,"href":"http:\/\/www.strandvejen23.dk\/index.php?rest_route=\/wp\/v2\/users\/3"}],"replies":[{"embeddable":true,"href":"http:\/\/www.strandvejen23.dk\/index.php?rest_route=%2Fwp%2Fv2%2Fcomments&post=1331"}],"version-history":[{"count":18,"href":"http:\/\/www.strandvejen23.dk\/index.php?rest_route=\/wp\/v2\/pages\/1331\/revisions"}],"predecessor-version":[{"id":1952,"href":"http:\/\/www.strandvejen23.dk\/index.php?rest_route=\/wp\/v2\/pages\/1331\/revisions\/1952"}],"wp:attachment":[{"href":"http:\/\/www.strandvejen23.dk\/index.php?rest_route=%2Fwp%2Fv2%2Fmedia&parent=1331"}],"curies":[{"name":"wp","href":"https:\/\/api.w.org\/{rel}","templated":true}]}}