{"id":1959,"date":"2019-02-06T17:31:56","date_gmt":"2019-02-06T16:31:56","guid":{"rendered":"http:\/\/www.strandvejen23.dk\/?page_id=1959"},"modified":"2022-05-25T11:33:30","modified_gmt":"2022-05-25T09:33:30","slug":"seychellerna-2019","status":"publish","type":"page","link":"http:\/\/www.strandvejen23.dk\/?page_id=1959","title":{"rendered":"Seychellerna 2019"},"content":{"rendered":"<p>Ja, just s\u00e5 h\u00e4r vackert \u00e4r det p\u00e5 Seychellerna.<\/p>\n<p><iframe loading=\"lazy\" title=\"Seychelles 4k drone - La Digue Islands\" width=\"584\" height=\"329\" src=\"https:\/\/www.youtube.com\/embed\/mWjcaEZ5-pM?feature=oembed\" frameborder=\"0\" allow=\"accelerometer; autoplay; clipboard-write; encrypted-media; gyroscope; picture-in-picture; web-share\" referrerpolicy=\"strict-origin-when-cross-origin\" allowfullscreen><\/iframe><\/p>\n<p><a href=\"http:\/\/www.strandvejen23.dk\/wp-content\/uploads\/2019\/02\/ZbmsTU9WR8uW1hNFnU9Mjw_thumb_7b0f.jpg\"><img loading=\"lazy\" decoding=\"async\" class=\"size-large wp-image-2002 aligncenter\" src=\"http:\/\/www.strandvejen23.dk\/wp-content\/uploads\/2019\/02\/ZbmsTU9WR8uW1hNFnU9Mjw_thumb_7b0f-1024x884.jpg\" alt=\"\" width=\"584\" height=\"504\" srcset=\"http:\/\/www.strandvejen23.dk\/wp-content\/uploads\/2019\/02\/ZbmsTU9WR8uW1hNFnU9Mjw_thumb_7b0f.jpg 1024w, http:\/\/www.strandvejen23.dk\/wp-content\/uploads\/2019\/02\/ZbmsTU9WR8uW1hNFnU9Mjw_thumb_7b0f-300x259.jpg 300w, http:\/\/www.strandvejen23.dk\/wp-content\/uploads\/2019\/02\/ZbmsTU9WR8uW1hNFnU9Mjw_thumb_7b0f-768x663.jpg 768w, http:\/\/www.strandvejen23.dk\/wp-content\/uploads\/2019\/02\/ZbmsTU9WR8uW1hNFnU9Mjw_thumb_7b0f-348x300.jpg 348w\" sizes=\"auto, (max-width: 584px) 100vw, 584px\" \/><\/a><\/p>\n<p>P\u00e5 v\u00e5r tidigare rundresa i Indiska Oceanen 2018\u00a0bes\u00f6kte vi n\u00e5gra \u00f6ar i Seychellerna, d\u00e4ribland den lilla \u00f6n La Digue med c.a 2 000 innev\u00e5nare, n\u00e4stan inga bilar och otroliga beacher.<\/p>\n<p>N\u00e4r jag fr\u00e5gade Denise om hon ville \u00e5terv\u00e4nda hit redan nu i februari 2019 svarade hon omedelbart JA! ?<\/p>\n<p><a href=\"http:\/\/www.strandvejen23.dk\/wp-content\/uploads\/2019\/02\/PerDenise.jpg\"><img loading=\"lazy\" decoding=\"async\" class=\"size-large wp-image-1971 aligncenter\" src=\"http:\/\/www.strandvejen23.dk\/wp-content\/uploads\/2019\/02\/PerDenise-1024x769.jpg\" alt=\"\" width=\"584\" height=\"439\" srcset=\"http:\/\/www.strandvejen23.dk\/wp-content\/uploads\/2019\/02\/PerDenise-1024x769.jpg 1024w, http:\/\/www.strandvejen23.dk\/wp-content\/uploads\/2019\/02\/PerDenise-300x225.jpg 300w, http:\/\/www.strandvejen23.dk\/wp-content\/uploads\/2019\/02\/PerDenise-768x577.jpg 768w, http:\/\/www.strandvejen23.dk\/wp-content\/uploads\/2019\/02\/PerDenise-399x300.jpg 399w\" sizes=\"auto, (max-width: 584px) 100vw, 584px\" \/><\/a><\/p>\n<p><a href=\"http:\/\/www.strandvejen23.dk\/wp-content\/uploads\/2019\/02\/IMG_4288.png\"><img loading=\"lazy\" decoding=\"async\" class=\"alignnone wp-image-1972\" src=\"http:\/\/www.strandvejen23.dk\/wp-content\/uploads\/2019\/02\/IMG_4288.png\" alt=\"\" width=\"273\" height=\"360\" \/><\/a><a href=\"http:\/\/www.strandvejen23.dk\/wp-content\/uploads\/2019\/02\/IMG_4374.jpg\"><img loading=\"lazy\" decoding=\"async\" class=\"alignnone wp-image-1974\" src=\"http:\/\/www.strandvejen23.dk\/wp-content\/uploads\/2019\/02\/IMG_4374-768x1024.jpg\" alt=\"\" width=\"270\" height=\"358\" \/><\/a><\/p>\n<p><a href=\"http:\/\/www.strandvejen23.dk\/wp-content\/uploads\/2019\/02\/IMG_4370.jpg\"><img loading=\"lazy\" decoding=\"async\" class=\"size-large wp-image-1973 aligncenter\" src=\"http:\/\/www.strandvejen23.dk\/wp-content\/uploads\/2019\/02\/IMG_4370-1024x768.jpg\" alt=\"\" width=\"584\" height=\"438\" srcset=\"http:\/\/www.strandvejen23.dk\/wp-content\/uploads\/2019\/02\/IMG_4370-1024x768.jpg 1024w, http:\/\/www.strandvejen23.dk\/wp-content\/uploads\/2019\/02\/IMG_4370-300x225.jpg 300w, http:\/\/www.strandvejen23.dk\/wp-content\/uploads\/2019\/02\/IMG_4370-768x576.jpg 768w, http:\/\/www.strandvejen23.dk\/wp-content\/uploads\/2019\/02\/IMG_4370-400x300.jpg 400w\" sizes=\"auto, (max-width: 584px) 100vw, 584px\" \/><\/a><\/p>\n<p><a href=\"http:\/\/www.strandvejen23.dk\/wp-content\/uploads\/2019\/02\/Mt7ZE5VBQnG9QOG0bmFzxg.jpg\"><img loading=\"lazy\" decoding=\"async\" class=\"size-large wp-image-1962 aligncenter\" src=\"http:\/\/www.strandvejen23.dk\/wp-content\/uploads\/2019\/02\/Mt7ZE5VBQnG9QOG0bmFzxg-1024x768.jpg\" alt=\"\" width=\"584\" height=\"438\" srcset=\"http:\/\/www.strandvejen23.dk\/wp-content\/uploads\/2019\/02\/Mt7ZE5VBQnG9QOG0bmFzxg-1024x768.jpg 1024w, http:\/\/www.strandvejen23.dk\/wp-content\/uploads\/2019\/02\/Mt7ZE5VBQnG9QOG0bmFzxg-300x225.jpg 300w, http:\/\/www.strandvejen23.dk\/wp-content\/uploads\/2019\/02\/Mt7ZE5VBQnG9QOG0bmFzxg-768x576.jpg 768w, http:\/\/www.strandvejen23.dk\/wp-content\/uploads\/2019\/02\/Mt7ZE5VBQnG9QOG0bmFzxg-400x300.jpg 400w\" sizes=\"auto, (max-width: 584px) 100vw, 584px\" \/><\/a><\/p>\n<p><a href=\"http:\/\/www.strandvejen23.dk\/wp-content\/uploads\/2019\/02\/NTo7FS2QOyTNaINGLVGFw.jpg\"><img loading=\"lazy\" decoding=\"async\" class=\"size-large wp-image-1964 aligncenter\" src=\"http:\/\/www.strandvejen23.dk\/wp-content\/uploads\/2019\/02\/NTo7FS2QOyTNaINGLVGFw-1024x768.jpg\" alt=\"\" width=\"584\" height=\"438\" srcset=\"http:\/\/www.strandvejen23.dk\/wp-content\/uploads\/2019\/02\/NTo7FS2QOyTNaINGLVGFw-1024x768.jpg 1024w, http:\/\/www.strandvejen23.dk\/wp-content\/uploads\/2019\/02\/NTo7FS2QOyTNaINGLVGFw-300x225.jpg 300w, http:\/\/www.strandvejen23.dk\/wp-content\/uploads\/2019\/02\/NTo7FS2QOyTNaINGLVGFw-768x576.jpg 768w, http:\/\/www.strandvejen23.dk\/wp-content\/uploads\/2019\/02\/NTo7FS2QOyTNaINGLVGFw-400x300.jpg 400w\" sizes=\"auto, (max-width: 584px) 100vw, 584px\" \/><\/a><\/p>\n<p style=\"text-align: center;\"><a href=\"http:\/\/www.strandvejen23.dk\/wp-content\/uploads\/2019\/02\/fullsizeoutput_36f1.jpeg\"><img loading=\"lazy\" decoding=\"async\" class=\"alignnone size-large wp-image-1968 aligncenter\" src=\"http:\/\/www.strandvejen23.dk\/wp-content\/uploads\/2019\/02\/fullsizeoutput_36f1-1024x768.jpeg\" alt=\"\" width=\"584\" height=\"438\" srcset=\"http:\/\/www.strandvejen23.dk\/wp-content\/uploads\/2019\/02\/fullsizeoutput_36f1-1024x768.jpeg 1024w, http:\/\/www.strandvejen23.dk\/wp-content\/uploads\/2019\/02\/fullsizeoutput_36f1-300x225.jpeg 300w, http:\/\/www.strandvejen23.dk\/wp-content\/uploads\/2019\/02\/fullsizeoutput_36f1-768x576.jpeg 768w, http:\/\/www.strandvejen23.dk\/wp-content\/uploads\/2019\/02\/fullsizeoutput_36f1-400x300.jpeg 400w\" sizes=\"auto, (max-width: 584px) 100vw, 584px\" \/><\/a>Orchid Self Catering Appartment d\u00e4r vi bor st\u00f6rre delen av v\u00e5r vistelse p\u00e5 La Digeue.<\/p>\n<p>P\u00e5 La Digue \u00e4r livet soft. H\u00e4r bor c:a 2 000 innev\u00e5nare och det kommer g\u00e4ster fr\u00e5n i princip hela v\u00e4rlden. H\u00e4r finns n\u00e4stan inga bilar och det allm\u00e4nna transportmedlet \u00e4r cykel. H\u00e4r finns heller n\u00e4stan ingen industri f\u00f6rutom turistn\u00e4ringen (hotell och restaurang), fisk och lite vanilj + kokos produktion. S\u00e5 vanligaste yrkena \u00e4r service och cykeluthyrare!<\/p>\n<p>I \u00e5r kan vi ocks\u00e5 se att elcyklarna har blivit popul\u00e4ra bland innev\u00e5narna, turisterna f\u00e5r trampa!<br \/>\nOxar och k\u00e4rror \u00e4r numera n\u00e4stan helt borta!<\/p>\n<p>Runt \u00f6n finns minst 10 st\u00f6rre str\u00e4nder,\u00a0flera med korallrev\/sand och r\u00f6d granit.<\/p>\n<p><a href=\"http:\/\/www.strandvejen23.dk\/wp-content\/uploads\/2019\/02\/fullsizeoutput_3727.jpeg\"><img loading=\"lazy\" decoding=\"async\" class=\"size-large wp-image-1978 aligncenter\" src=\"http:\/\/www.strandvejen23.dk\/wp-content\/uploads\/2019\/02\/fullsizeoutput_3727-1024x768.jpeg\" alt=\"\" width=\"584\" height=\"438\" srcset=\"http:\/\/www.strandvejen23.dk\/wp-content\/uploads\/2019\/02\/fullsizeoutput_3727-1024x768.jpeg 1024w, http:\/\/www.strandvejen23.dk\/wp-content\/uploads\/2019\/02\/fullsizeoutput_3727-300x225.jpeg 300w, http:\/\/www.strandvejen23.dk\/wp-content\/uploads\/2019\/02\/fullsizeoutput_3727-768x576.jpeg 768w, http:\/\/www.strandvejen23.dk\/wp-content\/uploads\/2019\/02\/fullsizeoutput_3727-400x300.jpeg 400w\" sizes=\"auto, (max-width: 584px) 100vw, 584px\" \/><\/a><\/p>\n<p><a href=\"http:\/\/www.strandvejen23.dk\/wp-content\/uploads\/2019\/02\/IMG_4405.jpg\"><img loading=\"lazy\" decoding=\"async\" class=\"size-large wp-image-1979 aligncenter\" src=\"http:\/\/www.strandvejen23.dk\/wp-content\/uploads\/2019\/02\/IMG_4405-768x1024.jpg\" alt=\"\" width=\"584\" height=\"779\" srcset=\"http:\/\/www.strandvejen23.dk\/wp-content\/uploads\/2019\/02\/IMG_4405-768x1024.jpg 768w, http:\/\/www.strandvejen23.dk\/wp-content\/uploads\/2019\/02\/IMG_4405-225x300.jpg 225w\" sizes=\"auto, (max-width: 584px) 100vw, 584px\" \/><\/a><\/p>\n<p><img loading=\"lazy\" decoding=\"async\" class=\"wp-image-1993 size-large aligncenter\" src=\"http:\/\/www.strandvejen23.dk\/wp-content\/uploads\/2019\/02\/CbxKhDDRfizDB4D73GQ-e1549949142954-768x1024.jpg\" alt=\"\" width=\"584\" height=\"779\" srcset=\"http:\/\/www.strandvejen23.dk\/wp-content\/uploads\/2019\/02\/CbxKhDDRfizDB4D73GQ-e1549949142954-768x1024.jpg 768w, http:\/\/www.strandvejen23.dk\/wp-content\/uploads\/2019\/02\/CbxKhDDRfizDB4D73GQ-e1549949142954-225x300.jpg 225w\" sizes=\"auto, (max-width: 584px) 100vw, 584px\" \/><\/p>\n<p style=\"text-align: center;\">Livet i ett n\u00f6tskal! ? ?<\/p>\n<p>V\u00e4dret \u00e4r tropiskt dvs det kan st\u00f6rtregna ibland men alltid c:a 27 grader varmt dygnet runt, \u00e5ret runt. Vi fick b\u00f6rja v\u00e5r vistelse med att k\u00f6pa ett paraply men efter ett par dagar upph\u00f6rde regnandet som v\u00e4l var.<\/p>\n<p><a href=\"http:\/\/www.strandvejen23.dk\/wp-content\/uploads\/2019\/02\/9VRxAv4TxqFwIVxD7xtw.jpg\"><img loading=\"lazy\" decoding=\"async\" class=\"size-large wp-image-1988 aligncenter\" src=\"http:\/\/www.strandvejen23.dk\/wp-content\/uploads\/2019\/02\/9VRxAv4TxqFwIVxD7xtw-1024x768.jpg\" alt=\"\" width=\"584\" height=\"438\" srcset=\"http:\/\/www.strandvejen23.dk\/wp-content\/uploads\/2019\/02\/9VRxAv4TxqFwIVxD7xtw-1024x768.jpg 1024w, http:\/\/www.strandvejen23.dk\/wp-content\/uploads\/2019\/02\/9VRxAv4TxqFwIVxD7xtw-300x225.jpg 300w, http:\/\/www.strandvejen23.dk\/wp-content\/uploads\/2019\/02\/9VRxAv4TxqFwIVxD7xtw-768x576.jpg 768w, http:\/\/www.strandvejen23.dk\/wp-content\/uploads\/2019\/02\/9VRxAv4TxqFwIVxD7xtw-400x300.jpg 400w\" sizes=\"auto, (max-width: 584px) 100vw, 584px\" \/><\/a><\/p>\n<p><a href=\"http:\/\/www.strandvejen23.dk\/wp-content\/uploads\/2019\/02\/sbD37WhTpupzZYIxyJsaQ.jpg\"><img loading=\"lazy\" decoding=\"async\" class=\"wp-image-1996 size-large aligncenter\" src=\"http:\/\/www.strandvejen23.dk\/wp-content\/uploads\/2019\/02\/sbD37WhTpupzZYIxyJsaQ-e1549949070838-768x1024.jpg\" alt=\"\" width=\"584\" height=\"779\" srcset=\"http:\/\/www.strandvejen23.dk\/wp-content\/uploads\/2019\/02\/sbD37WhTpupzZYIxyJsaQ-e1549949070838-768x1024.jpg 768w, http:\/\/www.strandvejen23.dk\/wp-content\/uploads\/2019\/02\/sbD37WhTpupzZYIxyJsaQ-e1549949070838-225x300.jpg 225w\" sizes=\"auto, (max-width: 584px) 100vw, 584px\" \/><\/a><img loading=\"lazy\" decoding=\"async\" class=\"wp-image-1995 size-large aligncenter\" src=\"http:\/\/www.strandvejen23.dk\/wp-content\/uploads\/2019\/02\/Iln2bvqbReesN8RAFvl3Xw-e1549949093459-768x1024.jpg\" alt=\"\" width=\"584\" height=\"779\" srcset=\"http:\/\/www.strandvejen23.dk\/wp-content\/uploads\/2019\/02\/Iln2bvqbReesN8RAFvl3Xw-e1549949093459-768x1024.jpg 768w, http:\/\/www.strandvejen23.dk\/wp-content\/uploads\/2019\/02\/Iln2bvqbReesN8RAFvl3Xw-e1549949093459-225x300.jpg 225w\" sizes=\"auto, (max-width: 584px) 100vw, 584px\" \/> <a href=\"http:\/\/www.strandvejen23.dk\/wp-content\/uploads\/2019\/02\/EpoP57cSkm1acQtIVaQ.jpg\"><img loading=\"lazy\" decoding=\"async\" class=\"wp-image-1994 aligncenter\" src=\"http:\/\/www.strandvejen23.dk\/wp-content\/uploads\/2019\/02\/EpoP57cSkm1acQtIVaQ-e1549949115917-768x1024.jpg\" alt=\"\" width=\"267\" height=\"355\" srcset=\"http:\/\/www.strandvejen23.dk\/wp-content\/uploads\/2019\/02\/EpoP57cSkm1acQtIVaQ-e1549949115917-768x1024.jpg 768w, http:\/\/www.strandvejen23.dk\/wp-content\/uploads\/2019\/02\/EpoP57cSkm1acQtIVaQ-e1549949115917-225x300.jpg 225w\" sizes=\"auto, (max-width: 267px) 100vw, 267px\" \/><\/a><\/p>\n<p><a href=\"http:\/\/www.strandvejen23.dk\/wp-content\/uploads\/2019\/02\/UNADJUSTEDNONRAW_thumb_7ac4.jpg\"><img loading=\"lazy\" decoding=\"async\" class=\"size-large wp-image-2004 aligncenter\" src=\"http:\/\/www.strandvejen23.dk\/wp-content\/uploads\/2019\/02\/UNADJUSTEDNONRAW_thumb_7ac4-1024x768.jpg\" alt=\"\" width=\"584\" height=\"438\" srcset=\"http:\/\/www.strandvejen23.dk\/wp-content\/uploads\/2019\/02\/UNADJUSTEDNONRAW_thumb_7ac4.jpg 1024w, http:\/\/www.strandvejen23.dk\/wp-content\/uploads\/2019\/02\/UNADJUSTEDNONRAW_thumb_7ac4-300x225.jpg 300w, http:\/\/www.strandvejen23.dk\/wp-content\/uploads\/2019\/02\/UNADJUSTEDNONRAW_thumb_7ac4-768x576.jpg 768w, http:\/\/www.strandvejen23.dk\/wp-content\/uploads\/2019\/02\/UNADJUSTEDNONRAW_thumb_7ac4-400x300.jpg 400w\" sizes=\"auto, (max-width: 584px) 100vw, 584px\" \/><\/a><\/p>\n<p style=\"text-align: center;\"><a href=\"http:\/\/www.strandvejen23.dk\/wp-content\/uploads\/2019\/02\/fullsizeoutput_3743.jpeg\"><img loading=\"lazy\" decoding=\"async\" class=\"alignnone size-large wp-image-1991\" src=\"http:\/\/www.strandvejen23.dk\/wp-content\/uploads\/2019\/02\/fullsizeoutput_3743-768x1024.jpeg\" alt=\"\" width=\"584\" height=\"779\" srcset=\"http:\/\/www.strandvejen23.dk\/wp-content\/uploads\/2019\/02\/fullsizeoutput_3743-768x1024.jpeg 768w, http:\/\/www.strandvejen23.dk\/wp-content\/uploads\/2019\/02\/fullsizeoutput_3743-225x300.jpeg 225w\" sizes=\"auto, (max-width: 584px) 100vw, 584px\" \/><\/a><\/p>\n<p style=\"text-align: center;\"><a href=\"http:\/\/www.strandvejen23.dk\/wp-content\/uploads\/2019\/02\/fullsizeoutput_373f.jpeg\"><img loading=\"lazy\" decoding=\"async\" class=\"alignnone size-large wp-image-1992\" src=\"http:\/\/www.strandvejen23.dk\/wp-content\/uploads\/2019\/02\/gYWrejtSyahm6x9q8sVfQ-1024x768.jpg\" alt=\"\" width=\"584\" height=\"438\" srcset=\"http:\/\/www.strandvejen23.dk\/wp-content\/uploads\/2019\/02\/gYWrejtSyahm6x9q8sVfQ-1024x768.jpg 1024w, http:\/\/www.strandvejen23.dk\/wp-content\/uploads\/2019\/02\/gYWrejtSyahm6x9q8sVfQ-300x225.jpg 300w, http:\/\/www.strandvejen23.dk\/wp-content\/uploads\/2019\/02\/gYWrejtSyahm6x9q8sVfQ-768x576.jpg 768w, http:\/\/www.strandvejen23.dk\/wp-content\/uploads\/2019\/02\/gYWrejtSyahm6x9q8sVfQ-400x300.jpg 400w\" sizes=\"auto, (max-width: 584px) 100vw, 584px\" \/><img loading=\"lazy\" decoding=\"async\" class=\"alignnone size-large wp-image-1990\" src=\"http:\/\/www.strandvejen23.dk\/wp-content\/uploads\/2019\/02\/fullsizeoutput_373f-768x1024.jpeg\" alt=\"\" width=\"584\" height=\"779\" srcset=\"http:\/\/www.strandvejen23.dk\/wp-content\/uploads\/2019\/02\/fullsizeoutput_373f-768x1024.jpeg 768w, http:\/\/www.strandvejen23.dk\/wp-content\/uploads\/2019\/02\/fullsizeoutput_373f-225x300.jpeg 225w\" sizes=\"auto, (max-width: 584px) 100vw, 584px\" \/><\/a><a href=\"http:\/\/www.strandvejen23.dk\/wp-content\/uploads\/2019\/02\/IMG_4425-kopia.jpg\"><img loading=\"lazy\" decoding=\"async\" class=\"size-large wp-image-2007 aligncenter\" src=\"http:\/\/www.strandvejen23.dk\/wp-content\/uploads\/2019\/02\/IMG_4425-kopia-1024x768.jpg\" alt=\"\" width=\"584\" height=\"438\" srcset=\"http:\/\/www.strandvejen23.dk\/wp-content\/uploads\/2019\/02\/IMG_4425-kopia-1024x768.jpg 1024w, http:\/\/www.strandvejen23.dk\/wp-content\/uploads\/2019\/02\/IMG_4425-kopia-300x225.jpg 300w, http:\/\/www.strandvejen23.dk\/wp-content\/uploads\/2019\/02\/IMG_4425-kopia-768x576.jpg 768w, http:\/\/www.strandvejen23.dk\/wp-content\/uploads\/2019\/02\/IMG_4425-kopia-400x300.jpg 400w\" sizes=\"auto, (max-width: 584px) 100vw, 584px\" \/><\/a>Vy fr\u00e5n toppen av La Dige mot Praslin<\/p>\n<p style=\"text-align: center;\"><a href=\"http:\/\/www.strandvejen23.dk\/wp-content\/uploads\/2019\/02\/IMG_4504.jpg\"><img loading=\"lazy\" decoding=\"async\" class=\"alignnone size-large wp-image-1998 aligncenter\" src=\"http:\/\/www.strandvejen23.dk\/wp-content\/uploads\/2019\/02\/IMG_4504-768x1024.jpg\" alt=\"\" width=\"584\" height=\"779\" srcset=\"http:\/\/www.strandvejen23.dk\/wp-content\/uploads\/2019\/02\/IMG_4504-768x1024.jpg 768w, http:\/\/www.strandvejen23.dk\/wp-content\/uploads\/2019\/02\/IMG_4504-225x300.jpg 225w\" sizes=\"auto, (max-width: 584px) 100vw, 584px\" \/><\/a>Bye, bye Seychellerna<\/p>\n<p><img loading=\"lazy\" decoding=\"async\" class=\"size-large wp-image-1999 aligncenter\" src=\"http:\/\/www.strandvejen23.dk\/wp-content\/uploads\/2019\/02\/IMG_4505-768x1024.jpg\" alt=\"\" width=\"584\" height=\"779\" srcset=\"http:\/\/www.strandvejen23.dk\/wp-content\/uploads\/2019\/02\/IMG_4505-768x1024.jpg 768w, http:\/\/www.strandvejen23.dk\/wp-content\/uploads\/2019\/02\/IMG_4505-225x300.jpg 225w\" sizes=\"auto, (max-width: 584px) 100vw, 584px\" \/><\/p>\n<p style=\"text-align: center;\">Hello Africa (Sudan)<\/p>\n<p style=\"text-align: left;\">Om du skulle k\u00e4nna dig lockad att \u00e5ka till Seychellerna n\u00e5gon g\u00e5ng kan det vara bra att k\u00e4nna till f\u00f6ljande:<\/p>\n<ul>\n<li style=\"text-align: left;\">Att flyga t\/r Seychellerna \u00e4r f\u00f6rh\u00e5llandevis billigt. Vi fl\u00f6g med British Airways via London som flyger till Victoria p\u00e5 Mahe 2 ggr i veckan. Listar man ut vika dagar detta \u00e4r s\u00e5 g\u00e5r det att komma undan med 4 750:- SEK t\/r G\u00f6teborg.<\/li>\n<li style=\"text-align: left;\">D\u00e4remot att bo p\u00e5 Seychellerna \u00e4r relativt dyrt (fr\u00e5n c:a 1 000 SEK\/natt i en l\u00e4genhet med eget k\u00f6k eller guesthouse med eget rum\/toalett\/litet pentry och alltid med luftkonditionering.) ?<\/li>\n<li style=\"text-align: left;\">Att transportera sig fr\u00e5n huvud\u00f6n, Mahe med modern katamaran till Praslin (1h) och La Digue (+ 30 min) \u00e4r r\u00e4tt dyrt (c:a 2 000:-\/pers t\/r).<\/li>\n<li style=\"text-align: left;\">P\u00e5 La Digue hyr man f\u00f6redragsvis en cykel f\u00f6r 50-100 SCR\/dygn 30-60 SEK\/dygn)<\/li>\n<li style=\"text-align: left;\">Att \u00e5ka lokal buss \u00e4r superbilligt (7 SCR = 4 SEK) men man kan inte ta med sig n\u00e5got bagage.<\/li>\n<li style=\"text-align: left;\">P\u00e5 Seychellerna finns m\u00e5nga bra Take Away. Maten \u00e4r v\u00e4lkryddad supergod (fisk, k\u00f6tt, kyckling och vegetariskt).<\/li>\n<li style=\"text-align: left;\">H\u00e4r \u00e4r f\u00f6rh\u00e5llandevis rent och snyggt!<\/li>\n<li style=\"text-align: left;\">Naturen \u00e4r fantastisk med palmer, korallrev, bad, frukter, fisk, etc.<\/li>\n<li style=\"text-align: left;\">Folket \u00e4r mycket v\u00e4nliga och hj\u00e4lpsamma. N\u00e4stan alla pratar engelska, franska och kreol.<\/li>\n<li style=\"text-align: left;\">H\u00e4r finns n\u00e4stan inga p\u00e5tr\u00e4ngande s\u00e4ljare och grymma skyltar. Och inget att k\u00f6pa heller!<\/li>\n<li style=\"text-align: left;\">N\u00e4stan ingen kriminalitet trotts att heroinmissbruk \u00e4r ganska vanligt (c:a 1%)<\/li>\n<li style=\"text-align: left;\">Det regnar kraftigt fr\u00e5n och till men temperaturen \u00e4r konstant 28 grader \u00e5ret\/dygnet runt.<br \/>\nTag med regnjacka och badkl\u00e4der!<\/li>\n<li style=\"text-align: left;\">Seychellerna ligger strax s\u00f6der om ekvatorn och 3 tidszoner f\u00f6re oss (CET).<\/li>\n<li style=\"text-align: left;\">Seychellerna lever av sin bes\u00f6ksn\u00e4ring\/turism d\u00e4rf\u00f6r \u00e4r allt som har med det j\u00e4ttedyrt.<br \/>\n\u00d6vrig produktion \u00e4r fiske (export av tonfisk), kokos och vanilj.<\/li>\n<\/ul>\n<p>\/Denise &amp; Per<\/p>\n","protected":false},"excerpt":{"rendered":"<p>Ja, just s\u00e5 h\u00e4r vackert \u00e4r det p\u00e5 Seychellerna. P\u00e5 v\u00e5r tidigare rundresa i Indiska Oceanen 2018\u00a0bes\u00f6kte vi n\u00e5gra \u00f6ar i Seychellerna, d\u00e4ribland den lilla \u00f6n La Digue med c.a 2 000 innev\u00e5nare, n\u00e4stan inga bilar och otroliga beacher. N\u00e4r &hellip; <a href=\"http:\/\/www.strandvejen23.dk\/?page_id=1959\">L\u00e4s mer <span class=\"meta-nav\">&rarr;<\/span><\/a><\/p>\n","protected":false},"author":3,"featured_media":0,"parent":0,"menu_order":0,"comment_status":"closed","ping_status":"closed","template":"","meta":{"footnotes":""},"class_list":["post-1959","page","type-page","status-publish","hentry"],"_links":{"self":[{"href":"http:\/\/www.strandvejen23.dk\/index.php?rest_route=\/wp\/v2\/pages\/1959","targetHints":{"allow":["GET"]}}],"collection":[{"href":"http:\/\/www.strandvejen23.dk\/index.php?rest_route=\/wp\/v2\/pages"}],"about":[{"href":"http:\/\/www.strandvejen23.dk\/index.php?rest_route=\/wp\/v2\/types\/page"}],"author":[{"embeddable":true,"href":"http:\/\/www.strandvejen23.dk\/index.php?rest_route=\/wp\/v2\/users\/3"}],"replies":[{"embeddable":true,"href":"http:\/\/www.strandvejen23.dk\/index.php?rest_route=%2Fwp%2Fv2%2Fcomments&post=1959"}],"version-history":[{"count":30,"href":"http:\/\/www.strandvejen23.dk\/index.php?rest_route=\/wp\/v2\/pages\/1959\/revisions"}],"predecessor-version":[{"id":2509,"href":"http:\/\/www.strandvejen23.dk\/index.php?rest_route=\/wp\/v2\/pages\/1959\/revisions\/2509"}],"wp:attachment":[{"href":"http:\/\/www.strandvejen23.dk\/index.php?rest_route=%2Fwp%2Fv2%2Fmedia&parent=1959"}],"curies":[{"name":"wp","href":"https:\/\/api.w.org\/{rel}","templated":true}]}}