{"id":2570,"date":"2023-02-25T12:40:32","date_gmt":"2023-02-25T11:40:32","guid":{"rendered":"http:\/\/www.strandvejen23.dk\/?page_id=2570"},"modified":"2023-06-25T22:56:05","modified_gmt":"2023-06-25T20:56:05","slug":"marocko-2023","status":"publish","type":"page","link":"http:\/\/www.strandvejen23.dk\/?page_id=2570","title":{"rendered":"Marocko 2023"},"content":{"rendered":"\n<p>Februari 2023<\/p>\n\n\n<div class=\"wp-block-image\">\n<figure class=\"aligncenter size-full\"><a href=\"http:\/\/www.strandvejen23.dk\/wp-content\/uploads\/2023\/02\/IMG_2190.png\"><img loading=\"lazy\" decoding=\"async\" width=\"640\" height=\"480\" src=\"http:\/\/www.strandvejen23.dk\/wp-content\/uploads\/2023\/02\/IMG_2190.png\" alt=\"\" class=\"wp-image-2590\" srcset=\"http:\/\/www.strandvejen23.dk\/wp-content\/uploads\/2023\/02\/IMG_2190.png 640w, http:\/\/www.strandvejen23.dk\/wp-content\/uploads\/2023\/02\/IMG_2190-300x225.png 300w, http:\/\/www.strandvejen23.dk\/wp-content\/uploads\/2023\/02\/IMG_2190-400x300.png 400w\" sizes=\"auto, (max-width: 640px) 100vw, 640px\" \/><\/a><\/figure>\n<\/div>\n\n\n<p><\/p>\n\n\n\n<p>Vi \u00e5kte till Marocko p\u00e5 inr\u00e5dan av flera v\u00e4nner. Annorlunda, upplevelserikt och intressant land med h\u00e4rliga m\u00e4nniskor och kultur. Taxi, mat &amp; alkoholfri dryck, f\u00e4rsk frukt, hantverk (tr\u00e4, silver, textil, l\u00e4der, etc.) \u00e4r billigt i Marocko. Alkohol \u00e4r d\u00e4remot dyrt (muslimskt land\/pris som hemma och ibland sv\u00e5rt att f\u00e5 tag i. Maten \u00e4r fr\u00e4sch, god och hygienen helt OK. Kaffet \u00e4r gott!<\/p>\n\n\n\n<p>Vi spenderade sex dygn i Essasouria, en liten fiskeby p\u00e5 Atlantkusten med c:a 80&nbsp;000 innev\u00e5nare.<\/p>\n\n\n\n<p>Vi bodde i en s.k. riad (g\u00e5rdshus) i Medinan (stad innanf\u00f6r murar). P\u00e5 dagarna gick vi i bilfria gr\u00e4nder, till fiskehamnen eller p\u00e5 den stora stranden. Essasouria \u00e4r k\u00e4nd f\u00f6r mycket vind och surfing i alla former. Vi hade dock inte n\u00e5gon vind under veckan vi var d\u00e4r. D\u00e4remot regnade det lite l\u00e4tt ett par dagar vilket det g\u00f6r c:a 30 dagar\/\u00e5r. V\u00e4dret i februari var mellan 14-26 grader med b\u00e5de sol och regn.<\/p>\n\n\n\n<p>M\u00e4nniskorna \u00e4r mestadels trevliga, serviceminded och raska i steget. S\u00e4ljare kan vara p\u00e5passliga men inte s\u00e4rskilt efterh\u00e4ngsna n\u00e4r man v\u00e4l indikerat att man inte t\u00e4nker k\u00f6pa n\u00e5got. I aff\u00e4rerna\/st\u00e5nden finns ofta massor av samma sak. Folk i gemen gillar inte att vara med p\u00e5 bild eller att man fotograferar p\u00e5 \u00f6ppen gata utan att be om lov f\u00f6rst.<\/p>\n\n\n\n<p>Skall man s\u00e4ga n\u00e5got negativt s\u00e5 \u00e4r det att kvinnof\u00f6rtrycket \u00e4r vida utbrett. \u00c5kte taxi i Marrakech och hamnade p\u00e5 en smal gata d\u00e4r en bil h\u00f6ll p\u00e5 med att g\u00f6ra en perfekt fickparkering. Den kvinnliga chauff\u00f6ren blev utsk\u00e4lld av v\u00e5r taxichauff\u00f6r! \ud83e\udd28<\/p>\n\n\n\n<p>Fattigdomen visar ocks\u00e5 med m\u00e5nga gatuf\u00f6rs\u00e4ljare som s\u00e4ljer klockor, parfymer, solglas\u00f6gon, kl\u00e4der, elektronik, m.m.<\/p>\n\n\n\n<p>P\u00e5 gatorna spelar ofta gatumusikanter b\u00e5de nationell och internationell musik. Atletiska upptr\u00e4danden p\u00e5 offentliga platser \u00e4r heller inte ovanligt.<\/p>\n\n\n\n<p>P\u00e5 marknaden i Marrakech s\u00e4ljs och visas allt m\u00f6jligt t.ex. ormar, spel, hennatatueringar, kryddor, frukt och gr\u00f6nt.<\/p>\n\n\n\n<p>Titt som t\u00e4tt k\u00f6r en &#8221;muezzin&#8221; i g\u00e5ng med b\u00f6neutrop &#8221;<em>Allahu akbar<\/em>, <em>Hayya &#8217;ala s-salat<\/em>&#8230;&#8221;, 4-5 ggr per dygn i stora h\u00f6gtalare fr\u00e5n de m\u00e5nga minareterna.<\/p>\n\n\n\n<figure class=\"wp-block-image size-large\"><a href=\"http:\/\/www.strandvejen23.dk\/wp-content\/uploads\/2023\/02\/3E35DD2B-0B47-43E1-9E16-3EED8DEF78C7-scaled.jpeg\"><img loading=\"lazy\" decoding=\"async\" width=\"768\" height=\"1024\" src=\"http:\/\/www.strandvejen23.dk\/wp-content\/uploads\/2023\/02\/3E35DD2B-0B47-43E1-9E16-3EED8DEF78C7-768x1024.jpeg\" alt=\"\" class=\"wp-image-2610\" srcset=\"http:\/\/www.strandvejen23.dk\/wp-content\/uploads\/2023\/02\/3E35DD2B-0B47-43E1-9E16-3EED8DEF78C7-768x1024.jpeg 768w, http:\/\/www.strandvejen23.dk\/wp-content\/uploads\/2023\/02\/3E35DD2B-0B47-43E1-9E16-3EED8DEF78C7-225x300.jpeg 225w, http:\/\/www.strandvejen23.dk\/wp-content\/uploads\/2023\/02\/3E35DD2B-0B47-43E1-9E16-3EED8DEF78C7-1152x1536.jpeg 1152w, http:\/\/www.strandvejen23.dk\/wp-content\/uploads\/2023\/02\/3E35DD2B-0B47-43E1-9E16-3EED8DEF78C7-1536x2048.jpeg 1536w, http:\/\/www.strandvejen23.dk\/wp-content\/uploads\/2023\/02\/3E35DD2B-0B47-43E1-9E16-3EED8DEF78C7-scaled.jpeg 1920w\" sizes=\"auto, (max-width: 768px) 100vw, 768px\" \/><\/a><\/figure>\n\n\n\n<figure class=\"wp-block-gallery has-nested-images columns-default is-cropped wp-block-gallery-1 is-layout-flex wp-block-gallery-is-layout-flex\">\n<figure class=\"wp-block-image size-large\"><a href=\"http:\/\/www.strandvejen23.dk\/wp-content\/uploads\/2023\/02\/1C62B400-D632-49FB-97C5-DA965688327E-scaled.jpeg\"><img loading=\"lazy\" decoding=\"async\" width=\"1024\" height=\"768\" data-id=\"2576\" src=\"http:\/\/www.strandvejen23.dk\/wp-content\/uploads\/2023\/02\/1C62B400-D632-49FB-97C5-DA965688327E-1024x768.jpeg\" alt=\"\" class=\"wp-image-2576\" srcset=\"http:\/\/www.strandvejen23.dk\/wp-content\/uploads\/2023\/02\/1C62B400-D632-49FB-97C5-DA965688327E-1024x768.jpeg 1024w, http:\/\/www.strandvejen23.dk\/wp-content\/uploads\/2023\/02\/1C62B400-D632-49FB-97C5-DA965688327E-300x225.jpeg 300w, http:\/\/www.strandvejen23.dk\/wp-content\/uploads\/2023\/02\/1C62B400-D632-49FB-97C5-DA965688327E-768x576.jpeg 768w, http:\/\/www.strandvejen23.dk\/wp-content\/uploads\/2023\/02\/1C62B400-D632-49FB-97C5-DA965688327E-1536x1152.jpeg 1536w, http:\/\/www.strandvejen23.dk\/wp-content\/uploads\/2023\/02\/1C62B400-D632-49FB-97C5-DA965688327E-2048x1536.jpeg 2048w, http:\/\/www.strandvejen23.dk\/wp-content\/uploads\/2023\/02\/1C62B400-D632-49FB-97C5-DA965688327E-400x300.jpeg 400w\" sizes=\"auto, (max-width: 1024px) 100vw, 1024px\" \/><\/a><\/figure>\n\n\n\n<figure class=\"wp-block-image size-large\"><a href=\"http:\/\/www.strandvejen23.dk\/wp-content\/uploads\/2023\/02\/027A3B00-8CFE-4CC8-8F1D-BF40E2EFE2CB-scaled.jpeg\"><img loading=\"lazy\" decoding=\"async\" width=\"1024\" height=\"768\" data-id=\"2575\" src=\"http:\/\/www.strandvejen23.dk\/wp-content\/uploads\/2023\/02\/027A3B00-8CFE-4CC8-8F1D-BF40E2EFE2CB-1024x768.jpeg\" alt=\"\" class=\"wp-image-2575\" srcset=\"http:\/\/www.strandvejen23.dk\/wp-content\/uploads\/2023\/02\/027A3B00-8CFE-4CC8-8F1D-BF40E2EFE2CB-1024x768.jpeg 1024w, http:\/\/www.strandvejen23.dk\/wp-content\/uploads\/2023\/02\/027A3B00-8CFE-4CC8-8F1D-BF40E2EFE2CB-300x225.jpeg 300w, http:\/\/www.strandvejen23.dk\/wp-content\/uploads\/2023\/02\/027A3B00-8CFE-4CC8-8F1D-BF40E2EFE2CB-768x576.jpeg 768w, http:\/\/www.strandvejen23.dk\/wp-content\/uploads\/2023\/02\/027A3B00-8CFE-4CC8-8F1D-BF40E2EFE2CB-1536x1152.jpeg 1536w, http:\/\/www.strandvejen23.dk\/wp-content\/uploads\/2023\/02\/027A3B00-8CFE-4CC8-8F1D-BF40E2EFE2CB-2048x1536.jpeg 2048w, http:\/\/www.strandvejen23.dk\/wp-content\/uploads\/2023\/02\/027A3B00-8CFE-4CC8-8F1D-BF40E2EFE2CB-400x300.jpeg 400w\" sizes=\"auto, (max-width: 1024px) 100vw, 1024px\" \/><\/a><\/figure>\n\n\n\n<figure class=\"wp-block-image size-large\"><a href=\"http:\/\/www.strandvejen23.dk\/wp-content\/uploads\/2023\/02\/09570135-3DA4-4099-8A4E-3B5302D9646D-scaled.jpeg\"><img loading=\"lazy\" decoding=\"async\" width=\"768\" height=\"1024\" data-id=\"2572\" src=\"http:\/\/www.strandvejen23.dk\/wp-content\/uploads\/2023\/02\/09570135-3DA4-4099-8A4E-3B5302D9646D-768x1024.jpeg\" alt=\"\" class=\"wp-image-2572\" srcset=\"http:\/\/www.strandvejen23.dk\/wp-content\/uploads\/2023\/02\/09570135-3DA4-4099-8A4E-3B5302D9646D-768x1024.jpeg 768w, http:\/\/www.strandvejen23.dk\/wp-content\/uploads\/2023\/02\/09570135-3DA4-4099-8A4E-3B5302D9646D-225x300.jpeg 225w, http:\/\/www.strandvejen23.dk\/wp-content\/uploads\/2023\/02\/09570135-3DA4-4099-8A4E-3B5302D9646D-1152x1536.jpeg 1152w, http:\/\/www.strandvejen23.dk\/wp-content\/uploads\/2023\/02\/09570135-3DA4-4099-8A4E-3B5302D9646D-1536x2048.jpeg 1536w, http:\/\/www.strandvejen23.dk\/wp-content\/uploads\/2023\/02\/09570135-3DA4-4099-8A4E-3B5302D9646D-scaled.jpeg 1920w\" sizes=\"auto, (max-width: 768px) 100vw, 768px\" \/><\/a><\/figure>\n\n\n\n<figure class=\"wp-block-image size-large\"><a href=\"http:\/\/www.strandvejen23.dk\/wp-content\/uploads\/2023\/02\/0683B688-0F35-45C8-8056-0369146D239B-scaled.jpeg\"><img loading=\"lazy\" decoding=\"async\" width=\"1024\" height=\"768\" data-id=\"2573\" src=\"http:\/\/www.strandvejen23.dk\/wp-content\/uploads\/2023\/02\/0683B688-0F35-45C8-8056-0369146D239B-1024x768.jpeg\" alt=\"\" class=\"wp-image-2573\" srcset=\"http:\/\/www.strandvejen23.dk\/wp-content\/uploads\/2023\/02\/0683B688-0F35-45C8-8056-0369146D239B-1024x768.jpeg 1024w, http:\/\/www.strandvejen23.dk\/wp-content\/uploads\/2023\/02\/0683B688-0F35-45C8-8056-0369146D239B-300x225.jpeg 300w, http:\/\/www.strandvejen23.dk\/wp-content\/uploads\/2023\/02\/0683B688-0F35-45C8-8056-0369146D239B-768x576.jpeg 768w, http:\/\/www.strandvejen23.dk\/wp-content\/uploads\/2023\/02\/0683B688-0F35-45C8-8056-0369146D239B-1536x1152.jpeg 1536w, http:\/\/www.strandvejen23.dk\/wp-content\/uploads\/2023\/02\/0683B688-0F35-45C8-8056-0369146D239B-2048x1536.jpeg 2048w, http:\/\/www.strandvejen23.dk\/wp-content\/uploads\/2023\/02\/0683B688-0F35-45C8-8056-0369146D239B-400x300.jpeg 400w\" sizes=\"auto, (max-width: 1024px) 100vw, 1024px\" \/><\/a><\/figure>\n\n\n\n<figure class=\"wp-block-image size-large\"><a href=\"http:\/\/www.strandvejen23.dk\/wp-content\/uploads\/2023\/02\/208E5E55-75ED-4C6D-81EF-1B27186CC3EB-scaled.jpeg\"><img loading=\"lazy\" decoding=\"async\" width=\"1024\" height=\"768\" data-id=\"2571\" src=\"http:\/\/www.strandvejen23.dk\/wp-content\/uploads\/2023\/02\/208E5E55-75ED-4C6D-81EF-1B27186CC3EB-1024x768.jpeg\" alt=\"\" class=\"wp-image-2571\" srcset=\"http:\/\/www.strandvejen23.dk\/wp-content\/uploads\/2023\/02\/208E5E55-75ED-4C6D-81EF-1B27186CC3EB-1024x768.jpeg 1024w, http:\/\/www.strandvejen23.dk\/wp-content\/uploads\/2023\/02\/208E5E55-75ED-4C6D-81EF-1B27186CC3EB-300x225.jpeg 300w, http:\/\/www.strandvejen23.dk\/wp-content\/uploads\/2023\/02\/208E5E55-75ED-4C6D-81EF-1B27186CC3EB-768x576.jpeg 768w, http:\/\/www.strandvejen23.dk\/wp-content\/uploads\/2023\/02\/208E5E55-75ED-4C6D-81EF-1B27186CC3EB-1536x1152.jpeg 1536w, http:\/\/www.strandvejen23.dk\/wp-content\/uploads\/2023\/02\/208E5E55-75ED-4C6D-81EF-1B27186CC3EB-2048x1536.jpeg 2048w, http:\/\/www.strandvejen23.dk\/wp-content\/uploads\/2023\/02\/208E5E55-75ED-4C6D-81EF-1B27186CC3EB-400x300.jpeg 400w\" sizes=\"auto, (max-width: 1024px) 100vw, 1024px\" \/><\/a><\/figure>\n\n\n\n<figure class=\"wp-block-image size-large\"><a href=\"http:\/\/www.strandvejen23.dk\/wp-content\/uploads\/2023\/02\/919714D7-523E-4F7C-9CC4-7D0F51D8387B-scaled.jpeg\"><img loading=\"lazy\" decoding=\"async\" width=\"1024\" height=\"768\" data-id=\"2574\" src=\"http:\/\/www.strandvejen23.dk\/wp-content\/uploads\/2023\/02\/919714D7-523E-4F7C-9CC4-7D0F51D8387B-1024x768.jpeg\" alt=\"\" class=\"wp-image-2574\" srcset=\"http:\/\/www.strandvejen23.dk\/wp-content\/uploads\/2023\/02\/919714D7-523E-4F7C-9CC4-7D0F51D8387B-1024x768.jpeg 1024w, http:\/\/www.strandvejen23.dk\/wp-content\/uploads\/2023\/02\/919714D7-523E-4F7C-9CC4-7D0F51D8387B-300x225.jpeg 300w, http:\/\/www.strandvejen23.dk\/wp-content\/uploads\/2023\/02\/919714D7-523E-4F7C-9CC4-7D0F51D8387B-768x576.jpeg 768w, http:\/\/www.strandvejen23.dk\/wp-content\/uploads\/2023\/02\/919714D7-523E-4F7C-9CC4-7D0F51D8387B-1536x1152.jpeg 1536w, http:\/\/www.strandvejen23.dk\/wp-content\/uploads\/2023\/02\/919714D7-523E-4F7C-9CC4-7D0F51D8387B-2048x1536.jpeg 2048w, http:\/\/www.strandvejen23.dk\/wp-content\/uploads\/2023\/02\/919714D7-523E-4F7C-9CC4-7D0F51D8387B-400x300.jpeg 400w\" sizes=\"auto, (max-width: 1024px) 100vw, 1024px\" \/><\/a><\/figure>\n\n\n\n<figure class=\"wp-block-image size-large\"><a href=\"http:\/\/www.strandvejen23.dk\/wp-content\/uploads\/2023\/02\/334C2123-2EDE-41A6-A6D0-70F221C4D4D5-scaled.jpeg\"><img loading=\"lazy\" decoding=\"async\" width=\"1024\" height=\"768\" data-id=\"2577\" src=\"http:\/\/www.strandvejen23.dk\/wp-content\/uploads\/2023\/02\/334C2123-2EDE-41A6-A6D0-70F221C4D4D5-1024x768.jpeg\" alt=\"\" class=\"wp-image-2577\" srcset=\"http:\/\/www.strandvejen23.dk\/wp-content\/uploads\/2023\/02\/334C2123-2EDE-41A6-A6D0-70F221C4D4D5-1024x768.jpeg 1024w, http:\/\/www.strandvejen23.dk\/wp-content\/uploads\/2023\/02\/334C2123-2EDE-41A6-A6D0-70F221C4D4D5-300x225.jpeg 300w, http:\/\/www.strandvejen23.dk\/wp-content\/uploads\/2023\/02\/334C2123-2EDE-41A6-A6D0-70F221C4D4D5-768x576.jpeg 768w, http:\/\/www.strandvejen23.dk\/wp-content\/uploads\/2023\/02\/334C2123-2EDE-41A6-A6D0-70F221C4D4D5-1536x1152.jpeg 1536w, http:\/\/www.strandvejen23.dk\/wp-content\/uploads\/2023\/02\/334C2123-2EDE-41A6-A6D0-70F221C4D4D5-2048x1536.jpeg 2048w, http:\/\/www.strandvejen23.dk\/wp-content\/uploads\/2023\/02\/334C2123-2EDE-41A6-A6D0-70F221C4D4D5-400x300.jpeg 400w\" sizes=\"auto, (max-width: 1024px) 100vw, 1024px\" \/><\/a><\/figure>\n\n\n\n<figure class=\"wp-block-image size-large\"><a href=\"http:\/\/www.strandvejen23.dk\/wp-content\/uploads\/2023\/02\/281194D1-2F86-4DDA-ACE2-329DAAC2593A_1_201_a-scaled.jpeg\"><img loading=\"lazy\" decoding=\"async\" width=\"1024\" height=\"686\" data-id=\"2578\" src=\"http:\/\/www.strandvejen23.dk\/wp-content\/uploads\/2023\/02\/281194D1-2F86-4DDA-ACE2-329DAAC2593A_1_201_a-1024x686.jpeg\" alt=\"\" class=\"wp-image-2578\" srcset=\"http:\/\/www.strandvejen23.dk\/wp-content\/uploads\/2023\/02\/281194D1-2F86-4DDA-ACE2-329DAAC2593A_1_201_a-1024x686.jpeg 1024w, http:\/\/www.strandvejen23.dk\/wp-content\/uploads\/2023\/02\/281194D1-2F86-4DDA-ACE2-329DAAC2593A_1_201_a-300x201.jpeg 300w, http:\/\/www.strandvejen23.dk\/wp-content\/uploads\/2023\/02\/281194D1-2F86-4DDA-ACE2-329DAAC2593A_1_201_a-768x514.jpeg 768w, http:\/\/www.strandvejen23.dk\/wp-content\/uploads\/2023\/02\/281194D1-2F86-4DDA-ACE2-329DAAC2593A_1_201_a-1536x1029.jpeg 1536w, http:\/\/www.strandvejen23.dk\/wp-content\/uploads\/2023\/02\/281194D1-2F86-4DDA-ACE2-329DAAC2593A_1_201_a-2048x1371.jpeg 2048w, http:\/\/www.strandvejen23.dk\/wp-content\/uploads\/2023\/02\/281194D1-2F86-4DDA-ACE2-329DAAC2593A_1_201_a-448x300.jpeg 448w\" sizes=\"auto, (max-width: 1024px) 100vw, 1024px\" \/><\/a><\/figure>\n\n\n\n<figure class=\"wp-block-image size-large\"><a href=\"http:\/\/www.strandvejen23.dk\/wp-content\/uploads\/2023\/02\/52FF4DE4-5887-4B9B-82D0-E502E5724026-scaled.jpeg\"><img loading=\"lazy\" decoding=\"async\" width=\"768\" height=\"1024\" data-id=\"2580\" src=\"http:\/\/www.strandvejen23.dk\/wp-content\/uploads\/2023\/02\/52FF4DE4-5887-4B9B-82D0-E502E5724026-768x1024.jpeg\" alt=\"\" class=\"wp-image-2580\" srcset=\"http:\/\/www.strandvejen23.dk\/wp-content\/uploads\/2023\/02\/52FF4DE4-5887-4B9B-82D0-E502E5724026-768x1024.jpeg 768w, http:\/\/www.strandvejen23.dk\/wp-content\/uploads\/2023\/02\/52FF4DE4-5887-4B9B-82D0-E502E5724026-225x300.jpeg 225w, http:\/\/www.strandvejen23.dk\/wp-content\/uploads\/2023\/02\/52FF4DE4-5887-4B9B-82D0-E502E5724026-1152x1536.jpeg 1152w, http:\/\/www.strandvejen23.dk\/wp-content\/uploads\/2023\/02\/52FF4DE4-5887-4B9B-82D0-E502E5724026-1536x2048.jpeg 1536w, http:\/\/www.strandvejen23.dk\/wp-content\/uploads\/2023\/02\/52FF4DE4-5887-4B9B-82D0-E502E5724026-scaled.jpeg 1920w\" sizes=\"auto, (max-width: 768px) 100vw, 768px\" \/><\/a><\/figure>\n\n\n\n<figure class=\"wp-block-image size-large\"><a href=\"http:\/\/www.strandvejen23.dk\/wp-content\/uploads\/2023\/02\/1D680195-46D6-480B-8CE6-A371C9F81C20-scaled.jpeg\"><img loading=\"lazy\" decoding=\"async\" width=\"768\" height=\"1024\" data-id=\"2579\" src=\"http:\/\/www.strandvejen23.dk\/wp-content\/uploads\/2023\/02\/1D680195-46D6-480B-8CE6-A371C9F81C20-768x1024.jpeg\" alt=\"\" class=\"wp-image-2579\" srcset=\"http:\/\/www.strandvejen23.dk\/wp-content\/uploads\/2023\/02\/1D680195-46D6-480B-8CE6-A371C9F81C20-768x1024.jpeg 768w, http:\/\/www.strandvejen23.dk\/wp-content\/uploads\/2023\/02\/1D680195-46D6-480B-8CE6-A371C9F81C20-225x300.jpeg 225w, http:\/\/www.strandvejen23.dk\/wp-content\/uploads\/2023\/02\/1D680195-46D6-480B-8CE6-A371C9F81C20-1152x1536.jpeg 1152w, http:\/\/www.strandvejen23.dk\/wp-content\/uploads\/2023\/02\/1D680195-46D6-480B-8CE6-A371C9F81C20-1536x2048.jpeg 1536w, http:\/\/www.strandvejen23.dk\/wp-content\/uploads\/2023\/02\/1D680195-46D6-480B-8CE6-A371C9F81C20-scaled.jpeg 1920w\" sizes=\"auto, (max-width: 768px) 100vw, 768px\" \/><\/a><\/figure>\n\n\n\n<figure class=\"wp-block-image size-large\"><a href=\"http:\/\/www.strandvejen23.dk\/wp-content\/uploads\/2023\/02\/FCEF3718-F1BB-41B6-A2DC-DD70CDC545F4-scaled.jpeg\"><img loading=\"lazy\" decoding=\"async\" width=\"768\" height=\"1024\" data-id=\"2581\" src=\"http:\/\/www.strandvejen23.dk\/wp-content\/uploads\/2023\/02\/FCEF3718-F1BB-41B6-A2DC-DD70CDC545F4-768x1024.jpeg\" alt=\"\" class=\"wp-image-2581\" srcset=\"http:\/\/www.strandvejen23.dk\/wp-content\/uploads\/2023\/02\/FCEF3718-F1BB-41B6-A2DC-DD70CDC545F4-768x1024.jpeg 768w, http:\/\/www.strandvejen23.dk\/wp-content\/uploads\/2023\/02\/FCEF3718-F1BB-41B6-A2DC-DD70CDC545F4-225x300.jpeg 225w, http:\/\/www.strandvejen23.dk\/wp-content\/uploads\/2023\/02\/FCEF3718-F1BB-41B6-A2DC-DD70CDC545F4-1152x1536.jpeg 1152w, http:\/\/www.strandvejen23.dk\/wp-content\/uploads\/2023\/02\/FCEF3718-F1BB-41B6-A2DC-DD70CDC545F4-1536x2048.jpeg 1536w, http:\/\/www.strandvejen23.dk\/wp-content\/uploads\/2023\/02\/FCEF3718-F1BB-41B6-A2DC-DD70CDC545F4-scaled.jpeg 1920w\" sizes=\"auto, (max-width: 768px) 100vw, 768px\" \/><\/a><\/figure>\n\n\n\n<figure class=\"wp-block-image size-large\"><a href=\"http:\/\/www.strandvejen23.dk\/wp-content\/uploads\/2023\/02\/BF075971-DF4B-47C5-BC6C-2C67964618C8-scaled.jpeg\"><img loading=\"lazy\" decoding=\"async\" width=\"768\" height=\"1024\" data-id=\"2582\" src=\"http:\/\/www.strandvejen23.dk\/wp-content\/uploads\/2023\/02\/BF075971-DF4B-47C5-BC6C-2C67964618C8-768x1024.jpeg\" alt=\"\" class=\"wp-image-2582\" srcset=\"http:\/\/www.strandvejen23.dk\/wp-content\/uploads\/2023\/02\/BF075971-DF4B-47C5-BC6C-2C67964618C8-768x1024.jpeg 768w, http:\/\/www.strandvejen23.dk\/wp-content\/uploads\/2023\/02\/BF075971-DF4B-47C5-BC6C-2C67964618C8-225x300.jpeg 225w, http:\/\/www.strandvejen23.dk\/wp-content\/uploads\/2023\/02\/BF075971-DF4B-47C5-BC6C-2C67964618C8-1152x1536.jpeg 1152w, http:\/\/www.strandvejen23.dk\/wp-content\/uploads\/2023\/02\/BF075971-DF4B-47C5-BC6C-2C67964618C8-1536x2048.jpeg 1536w, http:\/\/www.strandvejen23.dk\/wp-content\/uploads\/2023\/02\/BF075971-DF4B-47C5-BC6C-2C67964618C8-scaled.jpeg 1920w\" sizes=\"auto, (max-width: 768px) 100vw, 768px\" \/><\/a><\/figure>\n\n\n\n<figure class=\"wp-block-image size-large\"><a href=\"http:\/\/www.strandvejen23.dk\/wp-content\/uploads\/2023\/02\/D4408860-FB96-40FE-970D-E75E1E5AD46F-scaled.jpeg\"><img loading=\"lazy\" decoding=\"async\" width=\"1024\" height=\"768\" data-id=\"2583\" src=\"http:\/\/www.strandvejen23.dk\/wp-content\/uploads\/2023\/02\/D4408860-FB96-40FE-970D-E75E1E5AD46F-1024x768.jpeg\" alt=\"\" class=\"wp-image-2583\" srcset=\"http:\/\/www.strandvejen23.dk\/wp-content\/uploads\/2023\/02\/D4408860-FB96-40FE-970D-E75E1E5AD46F-1024x768.jpeg 1024w, http:\/\/www.strandvejen23.dk\/wp-content\/uploads\/2023\/02\/D4408860-FB96-40FE-970D-E75E1E5AD46F-300x225.jpeg 300w, http:\/\/www.strandvejen23.dk\/wp-content\/uploads\/2023\/02\/D4408860-FB96-40FE-970D-E75E1E5AD46F-768x576.jpeg 768w, http:\/\/www.strandvejen23.dk\/wp-content\/uploads\/2023\/02\/D4408860-FB96-40FE-970D-E75E1E5AD46F-1536x1152.jpeg 1536w, http:\/\/www.strandvejen23.dk\/wp-content\/uploads\/2023\/02\/D4408860-FB96-40FE-970D-E75E1E5AD46F-2048x1536.jpeg 2048w, http:\/\/www.strandvejen23.dk\/wp-content\/uploads\/2023\/02\/D4408860-FB96-40FE-970D-E75E1E5AD46F-400x300.jpeg 400w\" sizes=\"auto, (max-width: 1024px) 100vw, 1024px\" \/><\/a><\/figure>\n\n\n\n<figure class=\"wp-block-image size-large\"><a href=\"http:\/\/www.strandvejen23.dk\/wp-content\/uploads\/2023\/02\/2F4661EE-79A6-43B5-B4E2-1A3FD9FCABC0_1_201_a-scaled.jpeg\"><img loading=\"lazy\" decoding=\"async\" width=\"768\" height=\"1024\" data-id=\"2584\" src=\"http:\/\/www.strandvejen23.dk\/wp-content\/uploads\/2023\/02\/2F4661EE-79A6-43B5-B4E2-1A3FD9FCABC0_1_201_a-768x1024.jpeg\" alt=\"\" class=\"wp-image-2584\" srcset=\"http:\/\/www.strandvejen23.dk\/wp-content\/uploads\/2023\/02\/2F4661EE-79A6-43B5-B4E2-1A3FD9FCABC0_1_201_a-768x1024.jpeg 768w, http:\/\/www.strandvejen23.dk\/wp-content\/uploads\/2023\/02\/2F4661EE-79A6-43B5-B4E2-1A3FD9FCABC0_1_201_a-225x300.jpeg 225w, http:\/\/www.strandvejen23.dk\/wp-content\/uploads\/2023\/02\/2F4661EE-79A6-43B5-B4E2-1A3FD9FCABC0_1_201_a-1152x1536.jpeg 1152w, http:\/\/www.strandvejen23.dk\/wp-content\/uploads\/2023\/02\/2F4661EE-79A6-43B5-B4E2-1A3FD9FCABC0_1_201_a-1536x2048.jpeg 1536w, http:\/\/www.strandvejen23.dk\/wp-content\/uploads\/2023\/02\/2F4661EE-79A6-43B5-B4E2-1A3FD9FCABC0_1_201_a-scaled.jpeg 1920w\" sizes=\"auto, (max-width: 768px) 100vw, 768px\" \/><\/a><\/figure>\n\n\n\n<figure class=\"wp-block-image size-large\"><a href=\"http:\/\/www.strandvejen23.dk\/wp-content\/uploads\/2023\/02\/F787AE2F-AAB9-4F3D-BD8B-1F623BB8D555-scaled.jpeg\"><img loading=\"lazy\" decoding=\"async\" width=\"1024\" height=\"768\" data-id=\"2585\" src=\"http:\/\/www.strandvejen23.dk\/wp-content\/uploads\/2023\/02\/F787AE2F-AAB9-4F3D-BD8B-1F623BB8D555-1024x768.jpeg\" alt=\"\" class=\"wp-image-2585\" srcset=\"http:\/\/www.strandvejen23.dk\/wp-content\/uploads\/2023\/02\/F787AE2F-AAB9-4F3D-BD8B-1F623BB8D555-1024x768.jpeg 1024w, http:\/\/www.strandvejen23.dk\/wp-content\/uploads\/2023\/02\/F787AE2F-AAB9-4F3D-BD8B-1F623BB8D555-300x225.jpeg 300w, http:\/\/www.strandvejen23.dk\/wp-content\/uploads\/2023\/02\/F787AE2F-AAB9-4F3D-BD8B-1F623BB8D555-768x576.jpeg 768w, http:\/\/www.strandvejen23.dk\/wp-content\/uploads\/2023\/02\/F787AE2F-AAB9-4F3D-BD8B-1F623BB8D555-1536x1152.jpeg 1536w, http:\/\/www.strandvejen23.dk\/wp-content\/uploads\/2023\/02\/F787AE2F-AAB9-4F3D-BD8B-1F623BB8D555-2048x1536.jpeg 2048w, http:\/\/www.strandvejen23.dk\/wp-content\/uploads\/2023\/02\/F787AE2F-AAB9-4F3D-BD8B-1F623BB8D555-400x300.jpeg 400w\" sizes=\"auto, (max-width: 1024px) 100vw, 1024px\" \/><\/a><\/figure>\n<\/figure>\n\n\n\n<figure class=\"wp-block-gallery has-nested-images columns-default is-cropped wp-block-gallery-2 is-layout-flex wp-block-gallery-is-layout-flex\">\n<figure class=\"wp-block-image size-large\"><a href=\"http:\/\/www.strandvejen23.dk\/wp-content\/uploads\/2023\/02\/IMG_2193.png\"><img loading=\"lazy\" decoding=\"async\" width=\"480\" height=\"640\" data-id=\"2591\" src=\"http:\/\/www.strandvejen23.dk\/wp-content\/uploads\/2023\/02\/IMG_2193.png\" alt=\"\" class=\"wp-image-2591\" srcset=\"http:\/\/www.strandvejen23.dk\/wp-content\/uploads\/2023\/02\/IMG_2193.png 480w, http:\/\/www.strandvejen23.dk\/wp-content\/uploads\/2023\/02\/IMG_2193-225x300.png 225w\" sizes=\"auto, (max-width: 480px) 100vw, 480px\" \/><\/a><\/figure>\n\n\n\n<figure class=\"wp-block-image size-large\"><a href=\"http:\/\/www.strandvejen23.dk\/wp-content\/uploads\/2023\/02\/IMG_2192.png\"><img loading=\"lazy\" decoding=\"async\" width=\"480\" height=\"640\" data-id=\"2592\" src=\"http:\/\/www.strandvejen23.dk\/wp-content\/uploads\/2023\/02\/IMG_2192.png\" alt=\"\" class=\"wp-image-2592\" srcset=\"http:\/\/www.strandvejen23.dk\/wp-content\/uploads\/2023\/02\/IMG_2192.png 480w, http:\/\/www.strandvejen23.dk\/wp-content\/uploads\/2023\/02\/IMG_2192-225x300.png 225w\" sizes=\"auto, (max-width: 480px) 100vw, 480px\" \/><\/a><\/figure>\n\n\n\n<figure class=\"wp-block-image size-large\"><a href=\"http:\/\/www.strandvejen23.dk\/wp-content\/uploads\/2023\/02\/IMG_2176.png\"><img loading=\"lazy\" decoding=\"async\" width=\"480\" height=\"640\" data-id=\"2594\" src=\"http:\/\/www.strandvejen23.dk\/wp-content\/uploads\/2023\/02\/IMG_2176.png\" alt=\"\" class=\"wp-image-2594\" srcset=\"http:\/\/www.strandvejen23.dk\/wp-content\/uploads\/2023\/02\/IMG_2176.png 480w, http:\/\/www.strandvejen23.dk\/wp-content\/uploads\/2023\/02\/IMG_2176-225x300.png 225w\" sizes=\"auto, (max-width: 480px) 100vw, 480px\" \/><\/a><\/figure>\n\n\n\n<figure class=\"wp-block-image size-large\"><a href=\"http:\/\/www.strandvejen23.dk\/wp-content\/uploads\/2023\/02\/IMG_2177.png\"><img loading=\"lazy\" decoding=\"async\" width=\"480\" height=\"640\" data-id=\"2593\" src=\"http:\/\/www.strandvejen23.dk\/wp-content\/uploads\/2023\/02\/IMG_2177.png\" alt=\"\" class=\"wp-image-2593\" srcset=\"http:\/\/www.strandvejen23.dk\/wp-content\/uploads\/2023\/02\/IMG_2177.png 480w, http:\/\/www.strandvejen23.dk\/wp-content\/uploads\/2023\/02\/IMG_2177-225x300.png 225w\" sizes=\"auto, (max-width: 480px) 100vw, 480px\" \/><\/a><\/figure>\n<\/figure>\n\n\n\n<figure class=\"wp-block-gallery has-nested-images columns-default is-cropped wp-block-gallery-3 is-layout-flex wp-block-gallery-is-layout-flex\"><\/figure>\n","protected":false},"excerpt":{"rendered":"<p>Februari 2023 Vi \u00e5kte till Marocko p\u00e5 inr\u00e5dan av flera v\u00e4nner. Annorlunda, upplevelserikt och intressant land med h\u00e4rliga m\u00e4nniskor och kultur. Taxi, mat &amp; alkoholfri dryck, f\u00e4rsk frukt, hantverk (tr\u00e4, silver, textil, l\u00e4der, etc.) \u00e4r billigt i Marocko. Alkohol \u00e4r &hellip; <a href=\"http:\/\/www.strandvejen23.dk\/?page_id=2570\">L\u00e4s mer <span class=\"meta-nav\">&rarr;<\/span><\/a><\/p>\n","protected":false},"author":3,"featured_media":0,"parent":0,"menu_order":0,"comment_status":"closed","ping_status":"closed","template":"","meta":{"footnotes":""},"class_list":["post-2570","page","type-page","status-publish","hentry"],"_links":{"self":[{"href":"http:\/\/www.strandvejen23.dk\/index.php?rest_route=\/wp\/v2\/pages\/2570","targetHints":{"allow":["GET"]}}],"collection":[{"href":"http:\/\/www.strandvejen23.dk\/index.php?rest_route=\/wp\/v2\/pages"}],"about":[{"href":"http:\/\/www.strandvejen23.dk\/index.php?rest_route=\/wp\/v2\/types\/page"}],"author":[{"embeddable":true,"href":"http:\/\/www.strandvejen23.dk\/index.php?rest_route=\/wp\/v2\/users\/3"}],"replies":[{"embeddable":true,"href":"http:\/\/www.strandvejen23.dk\/index.php?rest_route=%2Fwp%2Fv2%2Fcomments&post=2570"}],"version-history":[{"count":17,"href":"http:\/\/www.strandvejen23.dk\/index.php?rest_route=\/wp\/v2\/pages\/2570\/revisions"}],"predecessor-version":[{"id":2636,"href":"http:\/\/www.strandvejen23.dk\/index.php?rest_route=\/wp\/v2\/pages\/2570\/revisions\/2636"}],"wp:attachment":[{"href":"http:\/\/www.strandvejen23.dk\/index.php?rest_route=%2Fwp%2Fv2%2Fmedia&parent=2570"}],"curies":[{"name":"wp","href":"https:\/\/api.w.org\/{rel}","templated":true}]}}