{"id":2615,"date":"2023-06-25T17:02:50","date_gmt":"2023-06-25T15:02:50","guid":{"rendered":"https:\/\/www.strandvejen23.dk\/?page_id=2615"},"modified":"2023-06-27T21:54:13","modified_gmt":"2023-06-27T19:54:13","slug":"medelhavskryssning-2023","status":"publish","type":"page","link":"http:\/\/www.strandvejen23.dk\/?page_id=2615","title":{"rendered":"Medelhavskryssning 2023"},"content":{"rendered":"\n<figure class=\"wp-block-image size-large\"><a href=\"http:\/\/www.strandvejen23.dk\/wp-content\/uploads\/2023\/06\/B49F84A4-1B1C-4F4B-861F-0B3E4F4743E5-scaled.jpeg\"><img loading=\"lazy\" decoding=\"async\" width=\"1024\" height=\"768\" src=\"http:\/\/www.strandvejen23.dk\/wp-content\/uploads\/2023\/06\/B49F84A4-1B1C-4F4B-861F-0B3E4F4743E5-1024x768.jpeg\" alt=\"\" class=\"wp-image-2616\" srcset=\"http:\/\/www.strandvejen23.dk\/wp-content\/uploads\/2023\/06\/B49F84A4-1B1C-4F4B-861F-0B3E4F4743E5-1024x768.jpeg 1024w, http:\/\/www.strandvejen23.dk\/wp-content\/uploads\/2023\/06\/B49F84A4-1B1C-4F4B-861F-0B3E4F4743E5-300x225.jpeg 300w, http:\/\/www.strandvejen23.dk\/wp-content\/uploads\/2023\/06\/B49F84A4-1B1C-4F4B-861F-0B3E4F4743E5-768x576.jpeg 768w, http:\/\/www.strandvejen23.dk\/wp-content\/uploads\/2023\/06\/B49F84A4-1B1C-4F4B-861F-0B3E4F4743E5-1536x1152.jpeg 1536w, http:\/\/www.strandvejen23.dk\/wp-content\/uploads\/2023\/06\/B49F84A4-1B1C-4F4B-861F-0B3E4F4743E5-2048x1536.jpeg 2048w, http:\/\/www.strandvejen23.dk\/wp-content\/uploads\/2023\/06\/B49F84A4-1B1C-4F4B-861F-0B3E4F4743E5-400x300.jpeg 400w\" sizes=\"auto, (max-width: 1024px) 100vw, 1024px\" \/><\/a><\/figure>\n\n\n\n<p class=\"has-text-align-center\">Barcelona-Cannes-Livorno\/Florens-Civitavecchia\/Rom-Neapel-Mallorca-Ibiza-Barcelona<\/p>\n\n\n\n<p>Ja, det \u00e4r otroligt att Denise och jag kan t\u00e4nka oss att resa p\u00e5 ett s\u00e5 stort kryssningsfartyg och uppskatta det. Ombord finns inte m\u00e5nga fr\u00e5n Skandinavien, mest amerikaner. Man kan j\u00e4mf\u00f6ra det med ett bes\u00f6k i Las Vegas eller som en flygplats d\u00e4r man bor som p\u00e5 ett 4-stj\u00e4rnigt hotell med bra underh\u00e5llning och god mat ombord. Man hinner se och tr\u00e4ffa m\u00e5nga m\u00e4nniskor p\u00e5 kort tid. Servicen \u00e4r bland det b\u00e4sta vi upplevt n\u00e5gonsin.<\/p>\n\n\n\n<p><strong>Barcelona, Spanien<\/strong><\/p>\n\n\n\n<p>Startade i Barcelona, en livlig stad med folk fr\u00e5n hela v\u00e4rlden.<\/p>\n\n\n\n<p>FCB supporters firade ligasegern. Massor av folk p\u00e5 stan.<\/p>\n\n\n\n<p>Vi \u00f6vernattade p\u00e5 ett hotell, tog en l\u00e5ng promenad och bes\u00f6kte bl.a. en bodega.<\/p>\n\n\n\n<p>Innan vi gick ombord p\u00e5 m\/s Norweigen Epic han vi med ett fint bes\u00f6k p\u00e5 Miro museet.<\/p>\n\n\n<div class=\"wp-block-image\">\n<figure class=\"aligncenter size-large is-resized\"><a href=\"https:\/\/www.strandvejen23.dk\/wp-content\/uploads\/2023\/06\/B585C84F-DC9E-427C-826A-2D05D666BC58-scaled.jpeg\"><img loading=\"lazy\" decoding=\"async\" src=\"https:\/\/www.strandvejen23.dk\/wp-content\/uploads\/2023\/06\/B585C84F-DC9E-427C-826A-2D05D666BC58-768x1024.jpeg\" alt=\"\" class=\"wp-image-2622\" width=\"440\" height=\"587\" srcset=\"http:\/\/www.strandvejen23.dk\/wp-content\/uploads\/2023\/06\/B585C84F-DC9E-427C-826A-2D05D666BC58-768x1024.jpeg 768w, http:\/\/www.strandvejen23.dk\/wp-content\/uploads\/2023\/06\/B585C84F-DC9E-427C-826A-2D05D666BC58-225x300.jpeg 225w, http:\/\/www.strandvejen23.dk\/wp-content\/uploads\/2023\/06\/B585C84F-DC9E-427C-826A-2D05D666BC58-1152x1536.jpeg 1152w, http:\/\/www.strandvejen23.dk\/wp-content\/uploads\/2023\/06\/B585C84F-DC9E-427C-826A-2D05D666BC58-1536x2048.jpeg 1536w, http:\/\/www.strandvejen23.dk\/wp-content\/uploads\/2023\/06\/B585C84F-DC9E-427C-826A-2D05D666BC58-scaled.jpeg 1920w\" sizes=\"auto, (max-width: 440px) 100vw, 440px\" \/><\/a><\/figure>\n<\/div>\n\n\n<p class=\"has-text-align-center\">Bes\u00f6k p\u00e5 Miro museet i Barcelona<\/p>\n\n\n\n<p><\/p>\n\n\n\n<p>Avg\u00e5ng mot Cannes<\/p>\n\n\n\n<p><strong>Cannes, Frankrike<\/strong><\/p>\n\n\n\n<p>Filmfestival<\/p>\n\n\n\n<figure class=\"wp-block-image size-large\"><a href=\"https:\/\/www.strandvejen23.dk\/wp-content\/uploads\/2023\/06\/41A80430-3927-4348-BDDE-2178939512A7-scaled.jpeg\"><img loading=\"lazy\" decoding=\"async\" width=\"1024\" height=\"768\" src=\"https:\/\/www.strandvejen23.dk\/wp-content\/uploads\/2023\/06\/41A80430-3927-4348-BDDE-2178939512A7-1024x768.jpeg\" alt=\"\" class=\"wp-image-2623\" srcset=\"http:\/\/www.strandvejen23.dk\/wp-content\/uploads\/2023\/06\/41A80430-3927-4348-BDDE-2178939512A7-1024x768.jpeg 1024w, http:\/\/www.strandvejen23.dk\/wp-content\/uploads\/2023\/06\/41A80430-3927-4348-BDDE-2178939512A7-300x225.jpeg 300w, http:\/\/www.strandvejen23.dk\/wp-content\/uploads\/2023\/06\/41A80430-3927-4348-BDDE-2178939512A7-768x576.jpeg 768w, http:\/\/www.strandvejen23.dk\/wp-content\/uploads\/2023\/06\/41A80430-3927-4348-BDDE-2178939512A7-1536x1152.jpeg 1536w, http:\/\/www.strandvejen23.dk\/wp-content\/uploads\/2023\/06\/41A80430-3927-4348-BDDE-2178939512A7-2048x1536.jpeg 2048w, http:\/\/www.strandvejen23.dk\/wp-content\/uploads\/2023\/06\/41A80430-3927-4348-BDDE-2178939512A7-400x300.jpeg 400w\" sizes=\"auto, (max-width: 1024px) 100vw, 1024px\" \/><\/a><\/figure>\n\n\n\n<p>Fin stad!<\/p>\n\n\n\n<p><strong>Livorno, Italien<\/strong><\/p>\n\n\n\n<p>Vi gick en tur i stan och bes\u00f6kte bl.a. saluhallarna.<\/p>\n\n\n\n<p><strong>Livorno dag 2<\/strong><\/p>\n\n\n\n<p>Vi tog t\u00e5get via Pisa till Florens (Firenze) 4h<\/p>\n\n\n<div class=\"wp-block-image\">\n<figure class=\"aligncenter size-large is-resized\"><a href=\"https:\/\/www.strandvejen23.dk\/wp-content\/uploads\/2023\/06\/A919BA1D-F545-4215-9150-48339316F89F-scaled.jpeg\"><img loading=\"lazy\" decoding=\"async\" src=\"https:\/\/www.strandvejen23.dk\/wp-content\/uploads\/2023\/06\/A919BA1D-F545-4215-9150-48339316F89F-768x1024.jpeg\" alt=\"\" class=\"wp-image-2625\" width=\"274\" height=\"365\" srcset=\"http:\/\/www.strandvejen23.dk\/wp-content\/uploads\/2023\/06\/A919BA1D-F545-4215-9150-48339316F89F-768x1024.jpeg 768w, http:\/\/www.strandvejen23.dk\/wp-content\/uploads\/2023\/06\/A919BA1D-F545-4215-9150-48339316F89F-225x300.jpeg 225w, http:\/\/www.strandvejen23.dk\/wp-content\/uploads\/2023\/06\/A919BA1D-F545-4215-9150-48339316F89F-1152x1536.jpeg 1152w, http:\/\/www.strandvejen23.dk\/wp-content\/uploads\/2023\/06\/A919BA1D-F545-4215-9150-48339316F89F-1536x2048.jpeg 1536w, http:\/\/www.strandvejen23.dk\/wp-content\/uploads\/2023\/06\/A919BA1D-F545-4215-9150-48339316F89F-scaled.jpeg 1920w\" sizes=\"auto, (max-width: 274px) 100vw, 274px\" \/><\/a><\/figure>\n<\/div>\n\n\n<p class=\"has-text-align-center\">Bes\u00f6kte Michelangelo statyn<\/p>\n\n\n\n<p><strong>Civitavecchia\/Rom, Italian<\/strong><\/p>\n\n\n\n<p>Vi tog t\u00e5get till Rom 3h och \u00e5kte runt i stan p\u00e5 en Jump on \u2013 jump off buss<\/p>\n\n\n\n<p><strong>Neapel<\/strong><\/p>\n\n\n\n<p>Vi gick en tur i stan som firade ligavinst och som skulle spela mot Milan p\u00e5 kv\u00e4llen.<\/p>\n\n\n\n<figure class=\"wp-block-image size-large\"><a href=\"https:\/\/www.strandvejen23.dk\/wp-content\/uploads\/2023\/06\/09D085F7-E412-4D3D-AA5A-9FB0ABB066FB-scaled.jpeg\"><img loading=\"lazy\" decoding=\"async\" width=\"1024\" height=\"768\" src=\"https:\/\/www.strandvejen23.dk\/wp-content\/uploads\/2023\/06\/09D085F7-E412-4D3D-AA5A-9FB0ABB066FB-1024x768.jpeg\" alt=\"\" class=\"wp-image-2631\" srcset=\"http:\/\/www.strandvejen23.dk\/wp-content\/uploads\/2023\/06\/09D085F7-E412-4D3D-AA5A-9FB0ABB066FB-1024x768.jpeg 1024w, http:\/\/www.strandvejen23.dk\/wp-content\/uploads\/2023\/06\/09D085F7-E412-4D3D-AA5A-9FB0ABB066FB-300x225.jpeg 300w, http:\/\/www.strandvejen23.dk\/wp-content\/uploads\/2023\/06\/09D085F7-E412-4D3D-AA5A-9FB0ABB066FB-768x576.jpeg 768w, http:\/\/www.strandvejen23.dk\/wp-content\/uploads\/2023\/06\/09D085F7-E412-4D3D-AA5A-9FB0ABB066FB-1536x1152.jpeg 1536w, http:\/\/www.strandvejen23.dk\/wp-content\/uploads\/2023\/06\/09D085F7-E412-4D3D-AA5A-9FB0ABB066FB-2048x1536.jpeg 2048w, http:\/\/www.strandvejen23.dk\/wp-content\/uploads\/2023\/06\/09D085F7-E412-4D3D-AA5A-9FB0ABB066FB-400x300.jpeg 400w\" sizes=\"auto, (max-width: 1024px) 100vw, 1024px\" \/><\/a><\/figure>\n\n\n\n<figure class=\"wp-block-image size-large\"><a href=\"https:\/\/www.strandvejen23.dk\/wp-content\/uploads\/2023\/06\/CC4FCC81-DCB2-4ED6-A566-949AB2FD7FBF-scaled.jpeg\"><img loading=\"lazy\" decoding=\"async\" width=\"1024\" height=\"768\" src=\"https:\/\/www.strandvejen23.dk\/wp-content\/uploads\/2023\/06\/CC4FCC81-DCB2-4ED6-A566-949AB2FD7FBF-1024x768.jpeg\" alt=\"\" class=\"wp-image-2632\" srcset=\"http:\/\/www.strandvejen23.dk\/wp-content\/uploads\/2023\/06\/CC4FCC81-DCB2-4ED6-A566-949AB2FD7FBF-1024x768.jpeg 1024w, http:\/\/www.strandvejen23.dk\/wp-content\/uploads\/2023\/06\/CC4FCC81-DCB2-4ED6-A566-949AB2FD7FBF-300x225.jpeg 300w, http:\/\/www.strandvejen23.dk\/wp-content\/uploads\/2023\/06\/CC4FCC81-DCB2-4ED6-A566-949AB2FD7FBF-768x576.jpeg 768w, http:\/\/www.strandvejen23.dk\/wp-content\/uploads\/2023\/06\/CC4FCC81-DCB2-4ED6-A566-949AB2FD7FBF-1536x1152.jpeg 1536w, http:\/\/www.strandvejen23.dk\/wp-content\/uploads\/2023\/06\/CC4FCC81-DCB2-4ED6-A566-949AB2FD7FBF-2048x1536.jpeg 2048w, http:\/\/www.strandvejen23.dk\/wp-content\/uploads\/2023\/06\/CC4FCC81-DCB2-4ED6-A566-949AB2FD7FBF-400x300.jpeg 400w\" sizes=\"auto, (max-width: 1024px) 100vw, 1024px\" \/><\/a><\/figure>\n\n\n\n<p class=\"has-text-align-center\">Delade en pizza + ett glas vin.<\/p>\n\n\n\n<p>Denise gl\u00f6mde sin v\u00e4ska men den \u00e5terfanns som tur var med pass, ID och allting.<\/p>\n\n\n\n<p>Vi seglade en dag till havs i fint v\u00e4der till Mallorca<\/p>\n\n\n\n<p><strong>Mallorca<\/strong><\/p>\n\n\n\n<p>Vi hyrde en bil och k\u00f6rde runt p\u00e5 den fina \u00f6n.<\/p>\n\n\n\n<p><strong>Ibiza<\/strong><\/p>\n\n\n\n<figure class=\"wp-block-image size-large\"><a href=\"http:\/\/www.strandvejen23.dk\/wp-content\/uploads\/2023\/06\/5318B250-676D-4605-A24A-27BDAB3B8D68-scaled.jpeg\"><img loading=\"lazy\" decoding=\"async\" width=\"1024\" height=\"768\" src=\"http:\/\/www.strandvejen23.dk\/wp-content\/uploads\/2023\/06\/5318B250-676D-4605-A24A-27BDAB3B8D68-1024x768.jpeg\" alt=\"\" class=\"wp-image-2629\" srcset=\"http:\/\/www.strandvejen23.dk\/wp-content\/uploads\/2023\/06\/5318B250-676D-4605-A24A-27BDAB3B8D68-1024x768.jpeg 1024w, http:\/\/www.strandvejen23.dk\/wp-content\/uploads\/2023\/06\/5318B250-676D-4605-A24A-27BDAB3B8D68-300x225.jpeg 300w, http:\/\/www.strandvejen23.dk\/wp-content\/uploads\/2023\/06\/5318B250-676D-4605-A24A-27BDAB3B8D68-768x576.jpeg 768w, http:\/\/www.strandvejen23.dk\/wp-content\/uploads\/2023\/06\/5318B250-676D-4605-A24A-27BDAB3B8D68-1536x1152.jpeg 1536w, http:\/\/www.strandvejen23.dk\/wp-content\/uploads\/2023\/06\/5318B250-676D-4605-A24A-27BDAB3B8D68-2048x1536.jpeg 2048w, http:\/\/www.strandvejen23.dk\/wp-content\/uploads\/2023\/06\/5318B250-676D-4605-A24A-27BDAB3B8D68-400x300.jpeg 400w\" sizes=\"auto, (max-width: 1024px) 100vw, 1024px\" \/><\/a><\/figure>\n\n\n\n<p class=\"has-text-align-center\">Vi promenerade p\u00e5 party\u00f6n bland \u00f6verlevande hippies.<\/p>\n\n\n\n<p><strong>\u00c5ter till Barcelona<\/strong><\/p>\n\n\n\n<p><strong>Slutomd\u00f6me:<\/strong><\/p>\n\n\n\n<ul class=\"wp-block-list\">\n<li>M\u00e5nga fika och cocktails\/drinkar!<\/li>\n\n\n\n<li>Bra musik och upptr\u00e4danden ombord!<\/li>\n\n\n\n<li>God och mycket mat ombord.<\/li>\n\n\n\n<li>Rent och snyggt!<\/li>\n\n\n\n<li>M\u00e5nga passagerare och bes\u00e4ttning (totalt 4&nbsp;200, varav 2600 passagerare 1&nbsp;600 i bes\u00e4ttningen fr\u00e5n totalt 80 l\u00e4nder. Mestadels amerikanare och inte m\u00e5nga nordbor).<\/li>\n\n\n\n<li>M\u00e5nga, framf\u00f6r allt amerikaner, \u00e4r enormt \u00f6verviktiga<\/li>\n\n\n\n<li>Tatueringar \u00f6ver mer eller mindre hela kroppen alltmer vanligt<\/li>\n\n\n\n<li>F\u00f6rmycket spel och dobbel ombord<\/li>\n\n\n\n<li>D\u00e5lig och tidsbegr\u00e4nsad intrernetuppkoppling ombord.<\/li>\n\n\n\n<li>P\u00e5 denna vecka blev vi debiterade 4&nbsp;000 SEK extra i lokal VAT (moms)<\/li>\n<\/ul>\n\n\n\n<p>Ekonomi:<\/p>\n\n\n\n<ul class=\"wp-block-list\">\n<li>Resan gick p\u00e5 c:a 20&nbsp;000 SEK\/person dvs 2&nbsp;000 SEK\/dygn och person\n<ul class=\"wp-block-list\">\n<li><span style=\"color: initial; font-family: -apple-system, BlinkMacSystemFont, &quot;Segoe UI&quot;, Roboto, Oxygen-Sans, Ubuntu, Cantarell, &quot;Helvetica Neue&quot;, sans-serif;\">Flyg 3&nbsp;000:-\/pers (t\/r)B\u00e5t inkl. mat ombord 12&nbsp;500 SEK\/pers<\/span><\/li>\n<\/ul>\n<\/li>\n\n\n\n<li><ul><li>Moms\/<span style=\"color: initial; font-family: -apple-system, BlinkMacSystemFont, &quot;Segoe UI&quot;, Roboto, Oxygen-Sans, Ubuntu, Cantarell, &quot;Helvetica Neue&quot;, sans-serif;\">Vat 2&nbsp;000 SEK\/pers<\/span><\/li><\/ul><\/li>\n\n\n\n<li><ul><li><span style=\"color: initial; font-family: -apple-system, BlinkMacSystemFont, &quot;Segoe UI&quot;, Roboto, Oxygen-Sans, Ubuntu, Cantarell, &quot;Helvetica Neue&quot;, sans-serif;\">\u00d6vernattning Barcelona 500 SEK\/pers<\/span><\/li><\/ul>\n<ul class=\"wp-block-list\">\n<li>Ink\u00f6p i land totalt 3&nbsp;000 SEK\/pers (taxi, buss, t\u00e5g, fika, etc.)<br><\/li>\n<\/ul>\n<\/li>\n\n\n\n<li>Trevlig och prisv\u00e4rd upplevelse\/resa bland m\u00e5nga trevliga amerikanare, m.fl.<\/li>\n\n\n\n<li>Nu har vi gjort detta ett par g\u00e5nger och \u00e4r r\u00e4tt n\u00f6jda med det.<\/li>\n<\/ul>\n\n\n\n<figure class=\"wp-block-gallery has-nested-images columns-default is-cropped wp-block-gallery-1 is-layout-flex wp-block-gallery-is-layout-flex\">\n<figure class=\"wp-block-image size-large\"><a href=\"https:\/\/www.strandvejen23.dk\/wp-content\/uploads\/2023\/06\/74E55064-E620-4B6D-AB53-5711B1F0380C_1_201_a-scaled.jpeg\"><img loading=\"lazy\" decoding=\"async\" width=\"1024\" height=\"817\" data-id=\"2639\" src=\"https:\/\/www.strandvejen23.dk\/wp-content\/uploads\/2023\/06\/74E55064-E620-4B6D-AB53-5711B1F0380C_1_201_a-1024x817.jpeg\" alt=\"\" class=\"wp-image-2639\" srcset=\"http:\/\/www.strandvejen23.dk\/wp-content\/uploads\/2023\/06\/74E55064-E620-4B6D-AB53-5711B1F0380C_1_201_a-1024x817.jpeg 1024w, http:\/\/www.strandvejen23.dk\/wp-content\/uploads\/2023\/06\/74E55064-E620-4B6D-AB53-5711B1F0380C_1_201_a-300x239.jpeg 300w, http:\/\/www.strandvejen23.dk\/wp-content\/uploads\/2023\/06\/74E55064-E620-4B6D-AB53-5711B1F0380C_1_201_a-768x613.jpeg 768w, http:\/\/www.strandvejen23.dk\/wp-content\/uploads\/2023\/06\/74E55064-E620-4B6D-AB53-5711B1F0380C_1_201_a-1536x1226.jpeg 1536w, http:\/\/www.strandvejen23.dk\/wp-content\/uploads\/2023\/06\/74E55064-E620-4B6D-AB53-5711B1F0380C_1_201_a-2048x1634.jpeg 2048w, http:\/\/www.strandvejen23.dk\/wp-content\/uploads\/2023\/06\/74E55064-E620-4B6D-AB53-5711B1F0380C_1_201_a-376x300.jpeg 376w\" sizes=\"auto, (max-width: 1024px) 100vw, 1024px\" \/><\/a><\/figure>\n\n\n\n<figure class=\"wp-block-image size-large\"><a href=\"https:\/\/www.strandvejen23.dk\/wp-content\/uploads\/2023\/06\/512748ED-0370-47CC-A78E-58BF538C8BB3_1_201_a-scaled.jpeg\"><img loading=\"lazy\" decoding=\"async\" width=\"768\" height=\"1024\" data-id=\"2638\" src=\"https:\/\/www.strandvejen23.dk\/wp-content\/uploads\/2023\/06\/512748ED-0370-47CC-A78E-58BF538C8BB3_1_201_a-768x1024.jpeg\" alt=\"\" class=\"wp-image-2638\" srcset=\"http:\/\/www.strandvejen23.dk\/wp-content\/uploads\/2023\/06\/512748ED-0370-47CC-A78E-58BF538C8BB3_1_201_a-768x1024.jpeg 768w, http:\/\/www.strandvejen23.dk\/wp-content\/uploads\/2023\/06\/512748ED-0370-47CC-A78E-58BF538C8BB3_1_201_a-225x300.jpeg 225w, http:\/\/www.strandvejen23.dk\/wp-content\/uploads\/2023\/06\/512748ED-0370-47CC-A78E-58BF538C8BB3_1_201_a-1152x1536.jpeg 1152w, http:\/\/www.strandvejen23.dk\/wp-content\/uploads\/2023\/06\/512748ED-0370-47CC-A78E-58BF538C8BB3_1_201_a-1536x2048.jpeg 1536w, http:\/\/www.strandvejen23.dk\/wp-content\/uploads\/2023\/06\/512748ED-0370-47CC-A78E-58BF538C8BB3_1_201_a-scaled.jpeg 1920w\" sizes=\"auto, (max-width: 768px) 100vw, 768px\" \/><\/a><\/figure>\n\n\n\n<figure class=\"wp-block-image size-large\"><a href=\"https:\/\/www.strandvejen23.dk\/wp-content\/uploads\/2023\/06\/51890FEA-E28D-44B4-A1A1-673A920E5CDD_1_201_a-scaled.jpeg\"><img loading=\"lazy\" decoding=\"async\" width=\"1024\" height=\"768\" data-id=\"2640\" src=\"https:\/\/www.strandvejen23.dk\/wp-content\/uploads\/2023\/06\/51890FEA-E28D-44B4-A1A1-673A920E5CDD_1_201_a-1024x768.jpeg\" alt=\"\" class=\"wp-image-2640\" srcset=\"http:\/\/www.strandvejen23.dk\/wp-content\/uploads\/2023\/06\/51890FEA-E28D-44B4-A1A1-673A920E5CDD_1_201_a-1024x768.jpeg 1024w, http:\/\/www.strandvejen23.dk\/wp-content\/uploads\/2023\/06\/51890FEA-E28D-44B4-A1A1-673A920E5CDD_1_201_a-300x225.jpeg 300w, http:\/\/www.strandvejen23.dk\/wp-content\/uploads\/2023\/06\/51890FEA-E28D-44B4-A1A1-673A920E5CDD_1_201_a-768x576.jpeg 768w, http:\/\/www.strandvejen23.dk\/wp-content\/uploads\/2023\/06\/51890FEA-E28D-44B4-A1A1-673A920E5CDD_1_201_a-1536x1152.jpeg 1536w, http:\/\/www.strandvejen23.dk\/wp-content\/uploads\/2023\/06\/51890FEA-E28D-44B4-A1A1-673A920E5CDD_1_201_a-2048x1536.jpeg 2048w, http:\/\/www.strandvejen23.dk\/wp-content\/uploads\/2023\/06\/51890FEA-E28D-44B4-A1A1-673A920E5CDD_1_201_a-400x300.jpeg 400w\" sizes=\"auto, (max-width: 1024px) 100vw, 1024px\" \/><\/a><\/figure>\n\n\n\n<figure class=\"wp-block-image size-large\"><a href=\"https:\/\/www.strandvejen23.dk\/wp-content\/uploads\/2023\/06\/44D7C176-A4FC-4976-870F-3CF2DEE38DB5-1-scaled.jpeg\"><img loading=\"lazy\" decoding=\"async\" width=\"1024\" height=\"768\" data-id=\"2641\" src=\"https:\/\/www.strandvejen23.dk\/wp-content\/uploads\/2023\/06\/44D7C176-A4FC-4976-870F-3CF2DEE38DB5-1-1024x768.jpeg\" alt=\"\" class=\"wp-image-2641\" srcset=\"http:\/\/www.strandvejen23.dk\/wp-content\/uploads\/2023\/06\/44D7C176-A4FC-4976-870F-3CF2DEE38DB5-1-1024x768.jpeg 1024w, http:\/\/www.strandvejen23.dk\/wp-content\/uploads\/2023\/06\/44D7C176-A4FC-4976-870F-3CF2DEE38DB5-1-300x225.jpeg 300w, http:\/\/www.strandvejen23.dk\/wp-content\/uploads\/2023\/06\/44D7C176-A4FC-4976-870F-3CF2DEE38DB5-1-768x576.jpeg 768w, http:\/\/www.strandvejen23.dk\/wp-content\/uploads\/2023\/06\/44D7C176-A4FC-4976-870F-3CF2DEE38DB5-1-1536x1152.jpeg 1536w, http:\/\/www.strandvejen23.dk\/wp-content\/uploads\/2023\/06\/44D7C176-A4FC-4976-870F-3CF2DEE38DB5-1-2048x1536.jpeg 2048w, http:\/\/www.strandvejen23.dk\/wp-content\/uploads\/2023\/06\/44D7C176-A4FC-4976-870F-3CF2DEE38DB5-1-400x300.jpeg 400w\" sizes=\"auto, (max-width: 1024px) 100vw, 1024px\" \/><\/a><\/figure>\n<\/figure>\n","protected":false},"excerpt":{"rendered":"<p>Barcelona-Cannes-Livorno\/Florens-Civitavecchia\/Rom-Neapel-Mallorca-Ibiza-Barcelona Ja, det \u00e4r otroligt att Denise och jag kan t\u00e4nka oss att resa p\u00e5 ett s\u00e5 stort kryssningsfartyg och uppskatta det. Ombord finns inte m\u00e5nga fr\u00e5n Skandinavien, mest amerikaner. Man kan j\u00e4mf\u00f6ra det med ett bes\u00f6k i Las Vegas &hellip; <a href=\"http:\/\/www.strandvejen23.dk\/?page_id=2615\">L\u00e4s mer <span class=\"meta-nav\">&rarr;<\/span><\/a><\/p>\n","protected":false},"author":3,"featured_media":0,"parent":0,"menu_order":0,"comment_status":"closed","ping_status":"closed","template":"","meta":{"footnotes":""},"class_list":["post-2615","page","type-page","status-publish","hentry"],"_links":{"self":[{"href":"http:\/\/www.strandvejen23.dk\/index.php?rest_route=\/wp\/v2\/pages\/2615","targetHints":{"allow":["GET"]}}],"collection":[{"href":"http:\/\/www.strandvejen23.dk\/index.php?rest_route=\/wp\/v2\/pages"}],"about":[{"href":"http:\/\/www.strandvejen23.dk\/index.php?rest_route=\/wp\/v2\/types\/page"}],"author":[{"embeddable":true,"href":"http:\/\/www.strandvejen23.dk\/index.php?rest_route=\/wp\/v2\/users\/3"}],"replies":[{"embeddable":true,"href":"http:\/\/www.strandvejen23.dk\/index.php?rest_route=%2Fwp%2Fv2%2Fcomments&post=2615"}],"version-history":[{"count":12,"href":"http:\/\/www.strandvejen23.dk\/index.php?rest_route=\/wp\/v2\/pages\/2615\/revisions"}],"predecessor-version":[{"id":2691,"href":"http:\/\/www.strandvejen23.dk\/index.php?rest_route=\/wp\/v2\/pages\/2615\/revisions\/2691"}],"wp:attachment":[{"href":"http:\/\/www.strandvejen23.dk\/index.php?rest_route=%2Fwp%2Fv2%2Fmedia&parent=2615"}],"curies":[{"name":"wp","href":"https:\/\/api.w.org\/{rel}","templated":true}]}}