{"id":28,"date":"2012-09-19T17:10:18","date_gmt":"2012-09-19T15:10:18","guid":{"rendered":"http:\/\/www.dental24.se\/strandvejen23\/?page_id=28"},"modified":"2024-07-17T07:41:27","modified_gmt":"2024-07-17T05:41:27","slug":"laso","status":"publish","type":"page","link":"http:\/\/www.strandvejen23.dk\/?page_id=28","title":{"rendered":"Fakta om L\u00e6s\u00f8"},"content":{"rendered":"<p style=\"text-align: left;\">L\u00e6s\u00f8 \u00e4r en dansk \u00f6 mitt i Kattegatt.<\/p>\n<p style=\"text-align: left;\">\u00d6n \u00e4r 101 km\u00b2 stor (c:a 20 x 5 km, ungef\u00e4r lika stor som F\u00e5r\u00f6 i Sverige eller halva Hisingen och med 1 785 inv\u00e5nare (2021), det l\u00e4gsta antalet inv\u00e5nare f\u00f6r en kommun i Danmark.<\/p>\n<p><a href=\"http:\/\/www.strandvejen23.dk\/wp-content\/uploads\/2012\/09\/Laeso.png\"><img loading=\"lazy\" decoding=\"async\" class=\"size-medium wp-image-372 alignright\" title=\"Laeso\" src=\"http:\/\/www.strandvejen23.dk\/wp-content\/uploads\/2012\/09\/Laeso-241x300.png\" alt=\"\" width=\"241\" height=\"300\" srcset=\"http:\/\/www.strandvejen23.dk\/wp-content\/uploads\/2012\/09\/Laeso-241x300.png 241w, http:\/\/www.strandvejen23.dk\/wp-content\/uploads\/2012\/09\/Laeso.png 250w\" sizes=\"auto, (max-width: 241px) 100vw, 241px\" \/><\/a>Huvudort \u00e4r <strong>Byrum<\/strong> som ligger mitt p\u00e5 \u00f6n. Ett stort antal sommarhus \u00e4r uppf\u00f6rda p\u00e5 \u00f6n, men de ligger glest och v\u00e4l i samklang med naturen.<\/p>\n<p>De tv\u00e5 hamnarna i <strong>\u00d8sterby<\/strong> och <strong>Vester\u00f8 Havn<\/strong> \u00e4r fiskehamnar d\u00e4r hemfiskarnas f\u00e5ngster landas. Havskr\u00e4fta (<em>Jungruhummer<\/em>) och krabba \u00e4r en L\u00e6s\u00f8-specialiteter liksom salt (se nedan) och t\u00e5ng.<\/p>\n<p>F\u00f6rsta l\u00f6rdagen i augusti firas den \u00e5rliga Jungfruhummer festival i \u00d8sterby hamn.<\/p>\n<p>De bofasta f\u00f6rs\u00f6rjer sig f\u00f6rutom p\u00e5 fiske och jordbruk huvudsakligen p\u00e5 bes\u00f6ksn\u00e4ringen (sommarg\u00e4ster\/turism).<br \/>Varje \u00e5r bes\u00f6ker 80-100 tusen personer L\u00e6s\u00f8, framf\u00f6rallt under sommarm\u00e5naderna juli-augusti.<\/p>\n<p>\u00d6sterby har f\u00e5tt en stor utbyggd hamn f\u00f6r fritidsb\u00e5tar och tar emot m\u00e5nga helgseglare fr\u00e5n bl.a. G\u00f6teborg. Det \u00e4r 30 nautiska mil fr\u00e5n G\u00f6teborg till den v\u00e4lskyddade \u00d6sterby Havn alt. 45 nautiska mil fr\u00e5n G\u00f6teborg tlll Vester\u00f8 Havn.<\/p>\n<p><strong>Saltsyderiet<\/strong> (tillverkning av bordssalt) \u00e4r en nyetablerad attraktion d\u00e4r det gamla hantverket visas upp. En g\u00e5ng hotade den omfattande verksamheten hela L\u00e6s\u00f8, eftersom man eldade upp all skog vid tillverkningen\/saltsydningen.<\/p>\n<p>Det finns en 18-h\u00e5ls <strong>golfbana<\/strong> och ett flertal hotellm\u00f6jligheter. F\u00f6r de h\u00e4stintresserade finns det goda m\u00f6jligheter att <strong>rida<\/strong>. Man anv\u00e4nder sig p\u00e5 L\u00e6s\u00f8 av framf\u00f6rallt islandsh\u00e4star, som visat sig idealiska \u00e4ven f\u00f6r ovana ryttare och en h\u00e4stras som v\u00e4l passar till L\u00e6s\u00f8s speciella natur.<\/p>\n<p><a href=\"http:\/\/www.strandvejen23.dk\/wp-content\/uploads\/2012\/09\/fearjan1.jpg\"><img loading=\"lazy\" decoding=\"async\" class=\"aligncenter size-full wp-image-374\" title=\"fearjan\" src=\"http:\/\/www.strandvejen23.dk\/wp-content\/uploads\/2012\/09\/fearjan1.jpg\" alt=\"\" width=\"246\" height=\"105\" \/><\/a><\/p>\n<p>\u00d6n har fast daglig f\u00e4rjef\u00f6rbindelse fr\u00e5n Vester\u00f8 Havn till Fredrikshamn p\u00e5 Jylland (1,5 h).<\/p>\n<p>L\u00e6s\u00f8 var bland de omr\u00e5den som ingick i de f\u00f6rsta kraven p\u00e5 danska landavtr\u00e4delser till Sverige i de inledande f\u00f6rhandlingarna inf\u00f6r <a title=\"Freden i Roskilde\" href=\"http:\/\/sv.wikipedia.org\/wiki\/Freden_i_Roskilde\" target=\"_blank\" rel=\"noopener noreferrer\">Roskildefreden<\/a> 1658. Detta anspr\u00e5k gavs dock tidigt upp och L\u00e6s\u00f8 f\u00f6rblev d\u00e4rf\u00f6r danskt.<\/p>\n<p><strong>Video L\u00e6s\u00f8 &#8211; a visit in the Land of Light:<\/strong><\/p>\n<p><iframe loading=\"lazy\" title=\"L\u00e6s\u00f8 - a visit in the Land of Light. part 1\" width=\"584\" height=\"329\" src=\"https:\/\/www.youtube.com\/embed\/FYJ81VsHRqk?feature=oembed\" frameborder=\"0\" allow=\"accelerometer; autoplay; clipboard-write; encrypted-media; gyroscope; picture-in-picture; web-share\" referrerpolicy=\"strict-origin-when-cross-origin\" allowfullscreen><\/iframe><\/p>\n<p><iframe loading=\"lazy\" title=\"L\u00e6s\u00f8 - a visit in the Land of Light, part 2\" width=\"584\" height=\"329\" src=\"https:\/\/www.youtube.com\/embed\/oSLLyNKrp7k?feature=oembed\" frameborder=\"0\" allow=\"accelerometer; autoplay; clipboard-write; encrypted-media; gyroscope; picture-in-picture; web-share\" referrerpolicy=\"strict-origin-when-cross-origin\" allowfullscreen><\/iframe><\/p>\n<p><strong><a href=\"http:\/\/www.batliv.se\/wp-content\/uploads\/2018\/09\/L%C3%A4s%C3%B6-B%C3%A5tliv-5-18.pdf\" target=\"_blank\" rel=\"noopener noreferrer\">L\u00e5ngliggare p\u00e5 v\u00e4lbes\u00f6kta L\u00e4s\u00f6<\/a> <\/strong>(bra artikel i B\u00e5tliv)<\/p>\n<p><strong><a href=\"http:\/\/sv.wikipedia.org\/wiki\/L%C3%A6s%C3%B8\" target=\"_blank\" rel=\"noopener noreferrer\">L\u00e6s\u00f8<\/a><a href=\"http:\/\/www.reseguiden.se\/reseguider\/laso-en-dansk-sommaridyll-4610\" target=\"_blank\" rel=\"noopener noreferrer\">\u00a0\u2013 en dansk sommaridyll \u203a\u203a<\/a><\/strong> (Reseguiden.se)<\/p>\n<div class=\"article__headline--container\">\n<p class=\"article__headline\"><strong><a href=\"http:\/\/www.dn.se\/resor\/danmark\/laso-ett-danskt-strandparadis\/\" target=\"_blank\" rel=\"noopener noreferrer\">L\u00e4s\u00f6 \u2013 ett danskt strandparadis (DN) &gt;&gt;<\/a><\/strong><\/p>\n<\/div>\n<p id=\"articleHeader\"><strong><a href=\"https:\/\/www.gp.se\/livsstil\/resor\/st%C3%B6rst-solchans-p%C3%A5-l%C3%A4s%C3%B6-1.1077410\" target=\"_blank\" rel=\"noopener noreferrer\">St\u00f6rst solchans p\u00e5\u00a0<\/a><a href=\"http:\/\/sv.wikipedia.org\/wiki\/L%C3%A6s%C3%B8\" target=\"_blank\" rel=\"noopener noreferrer\">L\u00e6s\u00f8<\/a><a href=\"http:\/\/www.gp.se\/resor\/1.203003-storst-solchans-pa-laso\" target=\"_blank\" rel=\"noopener noreferrer\"> \u203a\u203a<\/a><\/strong> (G\u00f6teborgs-Posten)<\/p>\n<p><strong><a href=\"https:\/\/www.visitlaesoe.dk\/\" target=\"_blank\" rel=\"noopener noreferrer\">Visit L\u00e6s\u00f8 \u203a\u203a<\/a> <\/strong>(L\u00e6s\u00f8 Turistbureau)<\/p>\n<p class=\"article__headline\"><strong><a href=\"\/\/\/Users\/per\/Downloads\/SVD_D_BILAGA_2017-05-07.pdf\" target=\"_blank\" rel=\"noopener noreferrer\">SALTST\u00c4NKT P\u00c5 SOLSIDAN<\/a><\/strong> Kattegatts \u00f6p\u00e4rla L\u00e4s\u00f6 v\u00e4lkomnar med milsvida str\u00e4nder och sols\u00e4kra somrar. (SvD 7 maj 2017)<\/p>\n<p><strong><a href=\"http:\/\/sv.wikipedia.org\/wiki\/L%C3%A6s%C3%B8\" target=\"_blank\" rel=\"noopener noreferrer\">Fakta om L\u00e6s\u00f8 \u203a\u203a<\/a><\/strong> (Wikipedia)<\/p>\n<p style=\"text-align: center;\"><a href=\"http:\/\/www.strandvejen23.dk\/wp-content\/uploads\/2012\/09\/IMG_09371.jpg\"><img loading=\"lazy\" decoding=\"async\" class=\"aligncenter size-medium wp-image-382\" title=\"IMG_0937\" src=\"http:\/\/www.strandvejen23.dk\/wp-content\/uploads\/2012\/09\/IMG_09371-224x300.jpg\" alt=\"\" width=\"224\" height=\"300\" srcset=\"http:\/\/www.strandvejen23.dk\/wp-content\/uploads\/2012\/09\/IMG_09371-224x300.jpg 224w, http:\/\/www.strandvejen23.dk\/wp-content\/uploads\/2012\/09\/IMG_09371-764x1024.jpg 764w, http:\/\/www.strandvejen23.dk\/wp-content\/uploads\/2012\/09\/IMG_09371.jpg 1936w\" sizes=\"auto, (max-width: 224px) 100vw, 224px\" \/><\/a><\/p>\n\n\n<figure class=\"wp-block-image size-large\"><a href=\"http:\/\/www.strandvejen23.dk\/wp-content\/uploads\/2021\/05\/Laeso2.jpeg\"><img loading=\"lazy\" decoding=\"async\" width=\"1024\" height=\"645\" src=\"http:\/\/www.strandvejen23.dk\/wp-content\/uploads\/2021\/05\/Laeso2-1024x645.jpeg\" alt=\"\" class=\"wp-image-2265\" srcset=\"http:\/\/www.strandvejen23.dk\/wp-content\/uploads\/2021\/05\/Laeso2-1024x645.jpeg 1024w, http:\/\/www.strandvejen23.dk\/wp-content\/uploads\/2021\/05\/Laeso2-300x189.jpeg 300w, http:\/\/www.strandvejen23.dk\/wp-content\/uploads\/2021\/05\/Laeso2-768x484.jpeg 768w, http:\/\/www.strandvejen23.dk\/wp-content\/uploads\/2021\/05\/Laeso2-1536x968.jpeg 1536w, http:\/\/www.strandvejen23.dk\/wp-content\/uploads\/2021\/05\/Laeso2-476x300.jpeg 476w, http:\/\/www.strandvejen23.dk\/wp-content\/uploads\/2021\/05\/Laeso2.jpeg 1805w\" sizes=\"auto, (max-width: 1024px) 100vw, 1024px\" \/><\/a><\/figure>\n","protected":false},"excerpt":{"rendered":"<p>L\u00e6s\u00f8 \u00e4r en dansk \u00f6 mitt i Kattegatt. \u00d6n \u00e4r 101 km\u00b2 stor (c:a 20 x 5 km, ungef\u00e4r lika stor som F\u00e5r\u00f6 i Sverige eller halva Hisingen och med 1 785 inv\u00e5nare (2021), det l\u00e4gsta antalet inv\u00e5nare f\u00f6r en &hellip; <a href=\"http:\/\/www.strandvejen23.dk\/?page_id=28\">L\u00e4s mer <span class=\"meta-nav\">&rarr;<\/span><\/a><\/p>\n","protected":false},"author":3,"featured_media":0,"parent":0,"menu_order":0,"comment_status":"closed","ping_status":"open","template":"","meta":{"footnotes":""},"class_list":["post-28","page","type-page","status-publish","hentry"],"_links":{"self":[{"href":"http:\/\/www.strandvejen23.dk\/index.php?rest_route=\/wp\/v2\/pages\/28","targetHints":{"allow":["GET"]}}],"collection":[{"href":"http:\/\/www.strandvejen23.dk\/index.php?rest_route=\/wp\/v2\/pages"}],"about":[{"href":"http:\/\/www.strandvejen23.dk\/index.php?rest_route=\/wp\/v2\/types\/page"}],"author":[{"embeddable":true,"href":"http:\/\/www.strandvejen23.dk\/index.php?rest_route=\/wp\/v2\/users\/3"}],"replies":[{"embeddable":true,"href":"http:\/\/www.strandvejen23.dk\/index.php?rest_route=%2Fwp%2Fv2%2Fcomments&post=28"}],"version-history":[{"count":65,"href":"http:\/\/www.strandvejen23.dk\/index.php?rest_route=\/wp\/v2\/pages\/28\/revisions"}],"predecessor-version":[{"id":2760,"href":"http:\/\/www.strandvejen23.dk\/index.php?rest_route=\/wp\/v2\/pages\/28\/revisions\/2760"}],"wp:attachment":[{"href":"http:\/\/www.strandvejen23.dk\/index.php?rest_route=%2Fwp%2Fv2%2Fmedia&parent=28"}],"curies":[{"name":"wp","href":"https:\/\/api.w.org\/{rel}","templated":true}]}}