{"id":45,"date":"2012-09-19T18:46:13","date_gmt":"2012-09-19T16:46:13","guid":{"rendered":"http:\/\/www.dental24.se\/strandvejen23\/?page_id=45"},"modified":"2024-06-18T17:35:29","modified_gmt":"2024-06-18T15:35:29","slug":"att-bo","status":"publish","type":"page","link":"http:\/\/www.strandvejen23.dk\/?page_id=45","title":{"rendered":"Att bo"},"content":{"rendered":"<p>Vi har endast ett begr\u00e4nsat antal platser i huset men det finns m\u00e5nga andra m\u00f6jligheter&#8230;<\/p>\n<p><a href=\"http:\/\/www.strandvejen23.dk\/wp-content\/uploads\/2012\/09\/Camping.jpeg\"><img loading=\"lazy\" decoding=\"async\" class=\"alignnone size-full wp-image-1140\" src=\"http:\/\/www.strandvejen23.dk\/wp-content\/uploads\/2012\/09\/Camping.jpeg\" alt=\"\" width=\"840\" height=\"460\" srcset=\"http:\/\/www.strandvejen23.dk\/wp-content\/uploads\/2012\/09\/Camping.jpeg 840w, http:\/\/www.strandvejen23.dk\/wp-content\/uploads\/2012\/09\/Camping-300x164.jpeg 300w, http:\/\/www.strandvejen23.dk\/wp-content\/uploads\/2012\/09\/Camping-768x421.jpeg 768w, http:\/\/www.strandvejen23.dk\/wp-content\/uploads\/2012\/09\/Camping-500x274.jpeg 500w\" sizes=\"auto, (max-width: 840px) 100vw, 840px\" \/><\/a><\/p>\n<p><iframe loading=\"lazy\" title=\"L\u00e6s\u00f8 Camping og Hytteby\" width=\"584\" height=\"329\" src=\"https:\/\/www.youtube.com\/embed\/kjbtNz4sf2I?feature=oembed\" frameborder=\"0\" allow=\"accelerometer; autoplay; clipboard-write; encrypted-media; gyroscope; picture-in-picture; web-share\" referrerpolicy=\"strict-origin-when-cross-origin\" allowfullscreen><\/iframe><\/p>\n<h3><strong>Hytter p\u00e5 campingplatsen<\/strong><\/h3>\n<p>Eget hus p\u00e5 camping platsen c:a 20 minuters promenad fr\u00e5n hamnen\/f\u00e4rjan.<\/p>\n<p>Alternativt ta bussen (gratis) fr\u00e5n f\u00e4rjan ett par h\u00e5llplatser. Bussen g\u00e5r n\u00e4r f\u00e4rjan g\u00e5r\/kommer. C:a 15-20 min. promenad till Strandvejen och Denise hus p\u00e5 Strandvejen 23.<\/p>\n<p>Ev. lakan + handdukar och st\u00e4dning tillkommer.<\/p>\n<p>Du\/ni bor i hytter 1-4 personer (tv\u00e5 v\u00e5ningss\u00e4ngar) med egen toalett f\u00f6r <span style=\"text-decoration: underline;\">totalt<\/span> c:a 750:-DEK\/dygn.<\/p>\n<p><strong>L\u00e6s\u00f8 camping <\/strong>Vester\u00f8 Havn Telefon +45 98499495<\/p>\n<p><strong>Alternativt kan ni bo p\u00e5:<\/strong><\/p>\n<p><a href=\"http:\/\/www.strandvejen23.dk\/wp-content\/uploads\/2012\/09\/Nygaard.jpeg\"><img loading=\"lazy\" decoding=\"async\" class=\"alignnone size-full wp-image-1145\" src=\"http:\/\/www.strandvejen23.dk\/wp-content\/uploads\/2012\/09\/Nygaard.jpeg\" alt=\"\" width=\"960\" height=\"300\" srcset=\"http:\/\/www.strandvejen23.dk\/wp-content\/uploads\/2012\/09\/Nygaard.jpeg 960w, http:\/\/www.strandvejen23.dk\/wp-content\/uploads\/2012\/09\/Nygaard-300x94.jpeg 300w, http:\/\/www.strandvejen23.dk\/wp-content\/uploads\/2012\/09\/Nygaard-768x240.jpeg 768w, http:\/\/www.strandvejen23.dk\/wp-content\/uploads\/2012\/09\/Nygaard-500x156.jpeg 500w\" sizes=\"auto, (max-width: 960px) 100vw, 960px\" \/><\/a><\/p>\n<div id=\"footercontent\">\n<div>\n<div class=\"fotercontentboxs\">\n<p><strong><a href=\"http:\/\/hotel-nygaard.dk\/\" target=\"_blank\" rel=\"noopener noreferrer\">Hotel\u00a0Nygaard<\/a> <\/strong>mycket n\u00e4ra Byrum<\/p>\n<p><a href=\"http:\/\/www.strandvejen23.dk\/wp-content\/uploads\/2012\/09\/gydensgaard-logo.jpeg\"><img loading=\"lazy\" decoding=\"async\" class=\"alignnone size-full wp-image-1146\" src=\"http:\/\/www.strandvejen23.dk\/wp-content\/uploads\/2012\/09\/gydensgaard-logo.jpeg\" alt=\"\" width=\"960\" height=\"200\" srcset=\"http:\/\/www.strandvejen23.dk\/wp-content\/uploads\/2012\/09\/gydensgaard-logo.jpeg 960w, http:\/\/www.strandvejen23.dk\/wp-content\/uploads\/2012\/09\/gydensgaard-logo-300x63.jpeg 300w, http:\/\/www.strandvejen23.dk\/wp-content\/uploads\/2012\/09\/gydensgaard-logo-768x160.jpeg 768w, http:\/\/www.strandvejen23.dk\/wp-content\/uploads\/2012\/09\/gydensgaard-logo-500x104.jpeg 500w\" sizes=\"auto, (max-width: 960px) 100vw, 960px\" \/><\/a><\/p>\n<\/div>\n<\/div>\n<\/div>\n<p><strong><a href=\"http:\/\/laesoe-ferielejlighed.dk\/\" target=\"_blank\" rel=\"noopener noreferrer\">Gydensgaard, ferielejligheder<\/a><\/strong> n\u00e4ra Byrum<\/p>\n<p><a href=\"http:\/\/www.strandvejen23.dk\/wp-content\/uploads\/2012\/09\/Ostergaard2.jpeg\"><img loading=\"lazy\" decoding=\"async\" class=\"alignnone size-full wp-image-1147\" src=\"http:\/\/www.strandvejen23.dk\/wp-content\/uploads\/2012\/09\/Ostergaard2.jpeg\" alt=\"\" width=\"940\" height=\"375\" srcset=\"http:\/\/www.strandvejen23.dk\/wp-content\/uploads\/2012\/09\/Ostergaard2.jpeg 940w, http:\/\/www.strandvejen23.dk\/wp-content\/uploads\/2012\/09\/Ostergaard2-300x120.jpeg 300w, http:\/\/www.strandvejen23.dk\/wp-content\/uploads\/2012\/09\/Ostergaard2-768x306.jpeg 768w, http:\/\/www.strandvejen23.dk\/wp-content\/uploads\/2012\/09\/Ostergaard2-500x199.jpeg 500w\" sizes=\"auto, (max-width: 940px) 100vw, 940px\" \/><\/a><\/p>\n<div class=\"container\">\n<nav class=\"eleven columns\">\n<div id=\"c156\" class=\"csc-default\">\n<p class=\"bodytext\"><strong><a href=\"https:\/\/oestergaardkulturbb.dk\/\" target=\"_blank\" rel=\"noopener noreferrer\">\u00d8sterg\u00e5rd Bed &amp; Breakfast<\/a><\/strong> ganska n\u00e4ra Byrum<\/p>\n<p class=\"bodytext\"><a href=\"http:\/\/www.strandvejen23.dk\/wp-content\/uploads\/2012\/09\/Strandgaarden-haven.jpeg\"><img loading=\"lazy\" decoding=\"async\" class=\"alignnone size-full wp-image-1143\" src=\"http:\/\/www.strandvejen23.dk\/wp-content\/uploads\/2012\/09\/Strandgaarden-haven.jpeg\" alt=\"\" width=\"903\" height=\"500\" srcset=\"http:\/\/www.strandvejen23.dk\/wp-content\/uploads\/2012\/09\/Strandgaarden-haven.jpeg 903w, http:\/\/www.strandvejen23.dk\/wp-content\/uploads\/2012\/09\/Strandgaarden-haven-300x166.jpeg 300w, http:\/\/www.strandvejen23.dk\/wp-content\/uploads\/2012\/09\/Strandgaarden-haven-768x425.jpeg 768w, http:\/\/www.strandvejen23.dk\/wp-content\/uploads\/2012\/09\/Strandgaarden-haven-500x277.jpeg 500w\" sizes=\"auto, (max-width: 903px) 100vw, 903px\" \/><\/a><\/p>\n<p>https:\/\/www.youtube.com\/watch?v=l-JdzV63t1M<\/p>\n<\/div>\n<\/nav>\n<\/div>\n<p><a href=\"https:\/\/hotelstrandgaarden.dk\/\" target=\"_blank\" rel=\"noopener noreferrer\"><strong>Strandgaarden<\/strong><\/a>, Strandvejen, Vester\u00f8 Havn<\/p>\n<p><a href=\"http:\/\/www.strandvejen23.dk\/wp-content\/uploads\/2012\/09\/Havnebakken3.jpeg\"><img loading=\"lazy\" decoding=\"async\" class=\"alignnone size-full wp-image-1144\" src=\"http:\/\/www.strandvejen23.dk\/wp-content\/uploads\/2012\/09\/Havnebakken3.jpeg\" alt=\"\" width=\"800\" height=\"534\" srcset=\"http:\/\/www.strandvejen23.dk\/wp-content\/uploads\/2012\/09\/Havnebakken3.jpeg 800w, http:\/\/www.strandvejen23.dk\/wp-content\/uploads\/2012\/09\/Havnebakken3-300x200.jpeg 300w, http:\/\/www.strandvejen23.dk\/wp-content\/uploads\/2012\/09\/Havnebakken3-768x513.jpeg 768w, http:\/\/www.strandvejen23.dk\/wp-content\/uploads\/2012\/09\/Havnebakken3-449x300.jpeg 449w\" sizes=\"auto, (max-width: 800px) 100vw, 800px\" \/><\/a><\/p>\n<p><strong><a href=\"http:\/\/www.havnebakken.dk\" target=\"_blank\" rel=\"noopener noreferrer\">Havnebackken<\/a><\/strong>,\u00a0Vester\u00f8 Havn<\/p>\n<p>Det finns m\u00e5nga sommarhus att hyra p\u00e5 L\u00e6s\u00f8 se: <strong><a href=\"https:\/\/www.sologstrand.se\/\" target=\"_blank\" rel=\"noopener noreferrer\">Sol och Strand &gt;&gt;<\/a><\/strong><\/p>\n<p>Se \u00e4ven <strong><a href=\"https:\/\/www.tripadvisor.se\/Hotels-g1102339-Laesoe_Island_North_Jutland_Jutland-Hotels.html#MAPVIEW\" target=\"_blank\" rel=\"noopener noreferrer\">Tripadviser inkl. karta &gt;&gt;<\/a><\/strong><\/p>\n<h3>T\u00e4lta!<\/h3>\n<p style=\"text-align: center;\"><a href=\"http:\/\/www.strandvejen23.dk\/wp-content\/uploads\/2012\/09\/tent.jpg\"><img loading=\"lazy\" decoding=\"async\" class=\"size-full wp-image-353 aligncenter\" title=\"tent\" src=\"http:\/\/www.strandvejen23.dk\/wp-content\/uploads\/2012\/09\/tent.jpg\" alt=\"\" width=\"259\" height=\"194\" \/><\/a>2 rum med egen uteplats! \ud83d\ude42<\/p>\n<p style=\"text-align: center;\"><a href=\"http:\/\/www.strandvejen23.dk\/wp-content\/uploads\/2012\/09\/hamnen.jpg\"><img loading=\"lazy\" decoding=\"async\" class=\"aligncenter size-full wp-image-355\" title=\"hamnen\" src=\"http:\/\/www.strandvejen23.dk\/wp-content\/uploads\/2012\/09\/hamnen.jpg\" alt=\"\" width=\"180\" height=\"240\" \/><\/a> Bo ombord p\u00e5 egen b\u00e5t &#8221;All inclusive&#8221;<\/p>\n<h3>Hamnar p\u00e5 L\u00e6s\u00f8<\/h3>\n<p><a href=\"https:\/\/havne.laesoe.dk\/om-havnene-paa-laesoe\" target=\"_blank\" rel=\"noopener\">Vester\u00f8 Havn \u203a\u203a<\/a><\/p>\n<p><a href=\"https:\/\/havne.laesoe.dk\/om-havnene-paa-laesoe\" target=\"_blank\" rel=\"noopener\">\u00d8sterby\u00a0Havn\/Marina \u203a\u203a<\/a><\/p>\n","protected":false},"excerpt":{"rendered":"<p>Vi har endast ett begr\u00e4nsat antal platser i huset men det finns m\u00e5nga andra m\u00f6jligheter&#8230; Hytter p\u00e5 campingplatsen Eget hus p\u00e5 camping platsen c:a 20 minuters promenad fr\u00e5n hamnen\/f\u00e4rjan. Alternativt ta bussen (gratis) fr\u00e5n f\u00e4rjan ett par h\u00e5llplatser. Bussen g\u00e5r &hellip; <a href=\"http:\/\/www.strandvejen23.dk\/?page_id=45\">L\u00e4s mer <span class=\"meta-nav\">&rarr;<\/span><\/a><\/p>\n","protected":false},"author":3,"featured_media":0,"parent":0,"menu_order":0,"comment_status":"closed","ping_status":"open","template":"","meta":{"footnotes":""},"class_list":["post-45","page","type-page","status-publish","hentry"],"_links":{"self":[{"href":"http:\/\/www.strandvejen23.dk\/index.php?rest_route=\/wp\/v2\/pages\/45","targetHints":{"allow":["GET"]}}],"collection":[{"href":"http:\/\/www.strandvejen23.dk\/index.php?rest_route=\/wp\/v2\/pages"}],"about":[{"href":"http:\/\/www.strandvejen23.dk\/index.php?rest_route=\/wp\/v2\/types\/page"}],"author":[{"embeddable":true,"href":"http:\/\/www.strandvejen23.dk\/index.php?rest_route=\/wp\/v2\/users\/3"}],"replies":[{"embeddable":true,"href":"http:\/\/www.strandvejen23.dk\/index.php?rest_route=%2Fwp%2Fv2%2Fcomments&post=45"}],"version-history":[{"count":60,"href":"http:\/\/www.strandvejen23.dk\/index.php?rest_route=\/wp\/v2\/pages\/45\/revisions"}],"predecessor-version":[{"id":2736,"href":"http:\/\/www.strandvejen23.dk\/index.php?rest_route=\/wp\/v2\/pages\/45\/revisions\/2736"}],"wp:attachment":[{"href":"http:\/\/www.strandvejen23.dk\/index.php?rest_route=%2Fwp%2Fv2%2Fmedia&parent=45"}],"curies":[{"name":"wp","href":"https:\/\/api.w.org\/{rel}","templated":true}]}}