{"id":489,"date":"2013-08-19T20:24:23","date_gmt":"2013-08-19T18:24:23","guid":{"rendered":"http:\/\/www.strandvejen23.dk\/?page_id=489"},"modified":"2022-04-24T23:29:49","modified_gmt":"2022-04-24T21:29:49","slug":"musik","status":"publish","type":"page","link":"http:\/\/www.strandvejen23.dk\/?page_id=489","title":{"rendered":"Musik"},"content":{"rendered":"<p><strong>Du kom med alt det der var dig<\/strong><\/p>\n<p><iframe loading=\"lazy\" title=\"Erik Grip: Du kom med alt (live)\" width=\"584\" height=\"438\" src=\"https:\/\/www.youtube.com\/embed\/Q3vvXZj_tw8?feature=oembed\" frameborder=\"0\" allow=\"accelerometer; autoplay; clipboard-write; encrypted-media; gyroscope; picture-in-picture; web-share\" referrerpolicy=\"strict-origin-when-cross-origin\" allowfullscreen><\/iframe><\/p>\n<p>Du kom med alt hvad der var dig<br \/>\nog spr\u00e6ngte hver en sp\u00e6rret vej<br \/>\nog hvilket for\u00e5r blev det!<br \/>\nDet \u00e5r, da alt blev st\u00e6rkt og klart<br \/>\nog vildt og fyldt med t\u00f8brudsfart<br \/>\nog alting r\u00e5bte: lev det!<\/p>\n<p>Jeg stormed\u2019 ud og k\u00f8bte \u00f8l<br \/>\nja, vintrens gamle, stive f\u00f8l<br \/>\nf\u00f3r ud p\u00e5 gr\u00f8nne enge<br \/>\nog du blev varm og lys og fuld<br \/>\nog h\u00e5ret var det pure guld<br \/>\nsom solen \u2013 skjult for l\u00e6nge<\/p>\n<p>Og blomster \u00e5bned\u2019 sig og s\u00e5<br \/>\nat nu blev himlen stor og bl\u00e5<br \/>\nog stunden f\u00f8dt til gl\u00e6de.<br \/>\nDin n\u00e6ve var s\u00e5 varm og god<br \/>\nog du blev smuk og fuld af mod<br \/>\ns\u00e5 smuk, jeg m\u00e5tte gr\u00e6de.<\/p>\n<p>Vorherren selv b\u00f8d ind til fest<br \/>\nog kyssed* hver benovet g\u00e6st<br \/>\ni k\u00e6rlighedens sale<br \/>\nmed \u00f8jne, undrende og bl\u00e5<br \/>\nvi bare s\u00e5 og s\u00e5 og s\u00e5<br \/>\nog slugte livets tale:<\/p>\n<p>At livet det er livet v\u00e6rd<br \/>\np\u00e5 trods af tvivl og stor besv\u00e6r<br \/>\np\u00e5 trods af det, der smerter,<br \/>\nog k\u00e6rligheden er og bli\u2019r<br \/>\nOg hvad end hele verden si\u2019r<br \/>\nS\u00e5 har den vore hjerter<\/p>\n<p><strong>\u00d6ppna landskap<\/strong><\/p>\n<p><iframe loading=\"lazy\" title=\"Ulf Lundell - \u00d6ppna Landskap\" width=\"584\" height=\"438\" src=\"https:\/\/www.youtube.com\/embed\/uuOUev9EgI8?feature=oembed\" frameborder=\"0\" allow=\"accelerometer; autoplay; clipboard-write; encrypted-media; gyroscope; picture-in-picture; web-share\" referrerpolicy=\"strict-origin-when-cross-origin\" allowfullscreen><\/iframe><\/p>\n<p>Jag trivs b\u00e4st i \u00f6ppna landskap, n\u00e4ra havet vill jag bo,<br \/>\nn\u00e5gra m\u00e5nader om \u00e5ret, s\u00e5 att sj\u00e4len kan f\u00e5 ro.<br \/>\nJag trivs b\u00e4st i \u00f6ppna landskap, d\u00e4r vindarna f\u00e5r fart.<br \/>\nD\u00e4r l\u00e4rkorna sl\u00e5r h\u00f6gt i skyn, och sjunger underbart.<br \/>\nD\u00e4r br\u00e4nner jag mitt br\u00e4nnvin sj\u00e4lv, och kryddar med Johannes\u00f6rt,<br \/>\noch dricker det med v\u00e4lbehag, till sill och hembakt v\u00f6rt.<br \/>\nJag trivs b\u00e4st i \u00f6ppna landskap, n\u00e4ra havet vill jag bo.<\/p>\n<p>Jag trivs b\u00e4st i fred och frihet, f\u00f6r b\u00e5de kropp och sj\u00e4l,<br \/>\ningen kommer in i min n\u00e4rhet, som st\u00e4nger in och stj\u00e4l.<br \/>\nJag trivs b\u00e4st n\u00e4r dagen br\u00e4cker, d\u00e4r f\u00e4lten fylls av ljus,<br \/>\nn\u00e4r tuppar gal p\u00e5 avst\u00e5nd, n\u00e4r det \u00e4r l\u00e5ngt till n\u00e4rmsta hus.<br \/>\nMen \u00e4nd\u00e5 s\u00e5 pass n\u00e4ra, att en tyst och stilla natt,<br \/>\nn\u00e4r man sitter under stj\u00e4rnorna, kan h\u00f6ra festens skratt.<br \/>\nJag trivs b\u00e4st i fred och frihet, f\u00f6r b\u00e5de kropp och sj\u00e4l.<\/p>\n<p>Jag trivs b\u00e4st n\u00e4r havet svallar, och m\u00e5sarna ger skri,<br \/>\nn\u00e4r stranden fylls med sn\u00e4ckskal, med havsmusik uti.<br \/>\nN\u00e4r det klara och det enkla, f\u00e5r r\u00e5da som det vill,<br \/>\nn\u00e4r ja, \u00e4r ja, och nej, \u00e4r nej, och tvivlet tiger still.<br \/>\nD\u00e5 binder jag en krans av l\u00f6v, och l\u00e4gger den runt n\u00e4rmaste sten,<br \/>\nd\u00e4r runor ristats f\u00f6r v\u00e5r skull, n\u00e5n g\u00e5ng f\u00f6r l\u00e4nge sen.<br \/>\nJag trivs b\u00e4st n\u00e4r havet svallar, och m\u00e5sarna ger skri.<\/p>\n<p>\u00d6ppet landskap p\u00e5 danska!<\/p>\n<p><iframe loading=\"lazy\" title=\"Erik Grip: \u00c5bent landskab (live)\" width=\"584\" height=\"438\" src=\"https:\/\/www.youtube.com\/embed\/tvxdBGWNvRQ?feature=oembed\" frameborder=\"0\" allow=\"accelerometer; autoplay; clipboard-write; encrypted-media; gyroscope; picture-in-picture; web-share\" referrerpolicy=\"strict-origin-when-cross-origin\" allowfullscreen><\/iframe><\/p>\n<p><strong>En natt jag dr\u00f6mde<\/strong><\/p>\n<p><iframe loading=\"lazy\" title=\"Hep Stars - I natt jag dr\u00f6mde\" width=\"584\" height=\"438\" src=\"https:\/\/www.youtube.com\/embed\/c0xyHIUnETY?feature=oembed\" frameborder=\"0\" allow=\"accelerometer; autoplay; clipboard-write; encrypted-media; gyroscope; picture-in-picture; web-share\" referrerpolicy=\"strict-origin-when-cross-origin\" allowfullscreen><\/iframe><\/p>\n<p>I natt jag dr\u00f6mde, n\u00e5got som jag aldrig dr\u00f6mt f\u00f6rut.<br \/>\nJag dr\u00f6mde det var fred p\u00e5 jord, och alla krig var slut.<\/p>\n<p>Jag dr\u00f6mde om en j\u00e4tte sal, d\u00e4r stadsm\u00e4n satt i rad<br \/>\nS\u00e5 skrev de p\u00e5 ett konvolut, och reste sig och sa:<\/p>\n<p>&#8221;Det finns inga soldater mer, det finns inga gev\u00e4r.<br \/>\nOch ingen k\u00e4nner l\u00e4ngre till, det ordet milit\u00e4r&#8221;<\/p>\n<p>P\u00e5 gatorna gick folk omkring och drog fr\u00e5n krog till krog.<br \/>\nOch alla drack varandra till, och dansade och log.<\/p>\n<p>I natt jag dr\u00f6mde n\u00e5got som jag aldrig dr\u00f6mt f\u00f6rut.<br \/>\nJag dr\u00f6mde det var fred p\u00e5 jord och alla krig var slut.<\/p>\n<p>I natt jag dr\u00f6mde n\u00e5got som jag aldrig dr\u00f6mt f\u00f6rut.<br \/>\nJag dr\u00f6mde det var fred p\u00e5 jord och alla krig var slut!<\/p>\n<p><strong>Jag hade en g\u00e5ng en b\u00e5t<\/strong><\/p>\n<p><iframe loading=\"lazy\" title=\"Cornelis Vreeswijk - Jag Hade En G\u00e5ng En B\u00e5t\" width=\"584\" height=\"438\" src=\"https:\/\/www.youtube.com\/embed\/OSy8Ti2rh7Y?feature=oembed\" frameborder=\"0\" allow=\"accelerometer; autoplay; clipboard-write; encrypted-media; gyroscope; picture-in-picture; web-share\" referrerpolicy=\"strict-origin-when-cross-origin\" allowfullscreen><\/iframe><\/p>\n<p>Jag hade en g\u00e5ng en b\u00e5t<br \/>\nMed segel och ruff och k\u00f6l<br \/>\nMen det var f\u00f6r l\u00e4nge sen, s\u00e5 l\u00e4nge sen<br \/>\nSvara mig du<br \/>\nVar \u00e4r den nu?<br \/>\nJag bara undrar: Var \u00e4r den nu?<\/p>\n<p>Jag hade en g\u00e5ng en dr\u00f6m<br \/>\nJag trodde att den var sann<br \/>\nS\u00e5 v\u00e4cktes jag ur min s\u00f6mn och dr\u00f6mmen f\u00f6rsvann<br \/>\nSvara mig du<br \/>\nVar \u00e4r den nu?<br \/>\nJag bara undrar: Var \u00e4r den nu?<\/p>\n<p>Det fanns en g\u00e5ng en soldat<br \/>\nHan kysste sin mor farv\u00e4l<br \/>\nHan sa till sin flicka; du, jag kommer igen<br \/>\nSvara mig du<br \/>\nVar \u00e4r han nu?<br \/>\nJag bara undrar: Var \u00e4r han nu?<\/p>\n<p>Det fanns en g\u00e5ng en stad<br \/>\nI parken d\u00e4r lekte barn<br \/>\nS\u00e5 sl\u00e4ppte man ner en bomb och staden f\u00f6rsvann<br \/>\nSvara mig du<br \/>\nVar \u00e4r den nu?<br \/>\nJag bara undrar: Var \u00e4r den nu?<\/p>\n<p>Jag hade en g\u00e5ng en b\u00e5t<br \/>\nJag dr\u00f6mde en dr\u00f6m en g\u00e5ng<br \/>\nMen det var f\u00f6r l\u00e4nge sen, s\u00e5 l\u00e4nge sen<br \/>\nSvara mig du<br \/>\nVar \u00e4r dom nu?<br \/>\nJag bara undrar: Var \u00e4r dom nu?<br \/>\nJag bara undrar: Var \u00e4r dom nu?<br \/>\nJag bara undrar: Var \u00e4r dom nu?<\/p>\n<p><strong>Svantes Lykkelige Dag<\/strong><\/p>\n<p><iframe loading=\"lazy\" title=\"Svantes lykkelige dag (om lidt er kaffen klar) - Povl Dissing\" width=\"584\" height=\"438\" src=\"https:\/\/www.youtube.com\/embed\/GhrPgbIHVAQ?feature=oembed\" frameborder=\"0\" allow=\"accelerometer; autoplay; clipboard-write; encrypted-media; gyroscope; picture-in-picture; web-share\" referrerpolicy=\"strict-origin-when-cross-origin\" allowfullscreen><\/iframe><\/p>\n<p>Se, hvilken morgenstund.<br \/>\nSolen er r\u00f8d og rund.<br \/>\nNina er g\u00e5et i bad.<br \/>\nOg jeg spiser ostemad.<br \/>\nLivet er ikke det v\u00e6rste man har<br \/>\nog om lidt er kaffen klar.<\/p>\n<p>Blomsterne blomstrer op.<br \/>\nDer g\u00e5r en edderkop.<br \/>\nFuglene flyver i flok<br \/>\nn\u00e5r de er mange nok.<br \/>\nLykken er ikke det v\u00e6rste man har<br \/>\nog om lidt er kaffen klar.<\/p>\n<p>Gr\u00e6sset er gr\u00f8nt og v\u00e5dt.<br \/>\nBierne har det godt.<br \/>\nLungerne fr\u00e5ser i luft.<br \/>\n\u00c5h, hvilken snerleduft!<br \/>\nGl\u00e6den er ikke det v\u00e6rste man har<br \/>\nog om lidt er kaffen klar.<\/p>\n<p>Sang under brusebad.<br \/>\nHun m\u00e5 vist v\u00e6re glad.<br \/>\nHimlen er temmelig bl\u00e5.<br \/>\nDet kan jeg godt forst\u00e5.<br \/>\nLykken er ikke det v\u00e6rste man har<br \/>\nog om lidt er kaffen klar.<\/p>\n<p>Nu kommer Nina ud,<br \/>\nn\u00f8gen med fugtig hud,<br \/>\nkysser mig k\u00e6rligt og g\u00e5r<br \/>\nind for at re&#8217; sit h\u00e5r.<br \/>\nLivet er ikke det v\u00e6rste man har<br \/>\nog om lidt er kaffen klar.<\/p>\n<p><strong>S\u00e5ng till friheten <\/strong><\/p>\n<p><iframe loading=\"lazy\" title=\"Bj\u00f6rn Afzelius - S\u00e5ng Till Friheten\" width=\"584\" height=\"438\" src=\"https:\/\/www.youtube.com\/embed\/9w1lCmXblKQ?feature=oembed\" frameborder=\"0\" allow=\"accelerometer; autoplay; clipboard-write; encrypted-media; gyroscope; picture-in-picture; web-share\" referrerpolicy=\"strict-origin-when-cross-origin\" allowfullscreen><\/iframe><\/p>\n<p>Du \u00e4r det finaste jag vet<br \/>\nDu \u00e4r det dyraste I v\u00e4rlden<br \/>\nDu \u00e4r som stj\u00e4rnorna<br \/>\nSom vindarna<br \/>\nSom v\u00e5gorna<br \/>\nSom f\u00e5glarna<br \/>\nSom blommorna p\u00e5 marken<\/p>\n<p>Du \u00e4r min ledstj\u00e4rna och v\u00e4n<br \/>\nDu \u00e4r min tro, mitt hopp, min k\u00e4rlek<br \/>\nDu \u00e4r mitt blod<br \/>\nOch mina lungor<br \/>\nMina \u00f6gon<br \/>\nMina skuldror<br \/>\nMina h\u00e4nder och mitt hj\u00e4rta<\/p>\n<p>Friheten \u00e4r ditt vackra namn<br \/>\nV\u00e4nskapen \u00e4r din stolta moder<br \/>\nR\u00e4ttvisan \u00e4r din broder<br \/>\nFreden \u00e4r din syster<br \/>\nKampen \u00e4r din fader<br \/>\nFramtiden ditt ansvar<\/p>\n<p style=\"text-align: left;\"><strong>Kvinde Min<\/strong><\/p>\n<p><iframe loading=\"lazy\" title=\"Kim Larsen &amp; Kjukken - Kvinde Min (Officiel Live-video)\" width=\"584\" height=\"329\" src=\"https:\/\/www.youtube.com\/embed\/JvtHZ5l4TL4?feature=oembed\" frameborder=\"0\" allow=\"accelerometer; autoplay; clipboard-write; encrypted-media; gyroscope; picture-in-picture; web-share\" referrerpolicy=\"strict-origin-when-cross-origin\" allowfullscreen><\/iframe><\/p>\n<p>Kvinde min,jeg elsker dig<br \/>\nog jeg ved, du elsker mig<br \/>\nOg hvad der s\u00e5 end sker<br \/>\n\u00c5h, lad det ske for jeg er din<br \/>\nOg selvom vi har sk\u00e6ndtes tit<br \/>\nog du har gr\u00e6dt og lidt<br \/>\nn\u00e5r det har v\u00e6ret slemt<br \/>\ns\u00e5 glem det nu for jeg er din<br \/>\nOg jeg har huslet \u00c5hh<br \/>\nog spillet tosset \u00c5hh<br \/>\nog jeg har snydt dig, ja,<br \/>\nog skammet mig<br \/>\nog stj\u00e5let af din k\u00e6rlighed<br \/>\ndu ved besked, \u00c5h-, yeah-<br \/>\ndud, du-dud, dud \u00e5h-, yeah-dud, du-dud.dud<br \/>\nuh-ah-di-a-ba-ba-be-di-\u00e5h-<br \/>\nog du er stadigv\u00e6k akkurat liges\u00e5 smuk<br \/>\nsom allerf\u00f8rste gang da du kyssede mig<br \/>\ns\u00e5 inderligt, dud, du-dud, dud<br \/>\ns\u00e5 inderligt, dud, du-dud, dud, du-dud<\/p>\n<p>Tror du, vi skal f\u00f8lges ad<br \/>\ntil livet det er slut<br \/>\n\u00c5h, det h\u00e5ber jeg<br \/>\nja, jeg g\u00f8r &#8211; ja, jeg g\u00f8r<br \/>\nS\u00e5 kvinde kom og dr\u00f8m med mig<br \/>\ni den lange nat<br \/>\nn\u00e5r stjernerne de funkler<br \/>\nog blinker som besat<br \/>\nNej, bliv ikke bange<br \/>\nfor deres sange<br \/>\nhold bare fast i mig<br \/>\nn\u00e5r de fort\u00e6ller dig<br \/>\nat der er tusinde mil<br \/>\nimellem dig og mig<br \/>\nnej, nej<br \/>\ntro det ej<br \/>\nuh-ah-di-aba-ba-be-di-\u00e5h<br \/>\nOg du er stadigv\u00e6k akkurat liges\u00e5 smuk<br \/>\nsom allerf\u00f8rste gang, da du kyssede mig<br \/>\ns\u00e5 inderligt, s\u00e5 inderligt<br \/>\n\u00c5hh, s\u00e5 inderligt-<\/p>\n<p><strong>G\u00f6r mig lycklig nu<\/strong><\/p>\n<p>Dina r\u00f6da l\u00e4ppar, lika r\u00f6da som blod<br \/>\n\u00e5h sensuella, jag ligger f\u00f6r din fot<br \/>\nS\u00e4g du \u00e4r min, att du \u00e4r till f\u00f6r mig<br \/>\nom det s\u00e5 \u00e4r l\u00f6gn, sanning eller ej<\/p>\n<p>G\u00f6r mig lycklig nu<br \/>\nG\u00f6r mig lycklig nu<br \/>\nG\u00f6r mig lycklig nu<br \/>\nG\u00f6r mig lycklig igen<\/p>\n<p>Du som kan smelte hjerter af sten<br \/>\n\u00e5h Sensuella lad mig komme ind<br \/>\nI din duftende have og dit kvindesind<br \/>\n\u00e5h Sensuella lad mig komme ind<\/p>\n<p>G\u00f6r mig lycklig nu<br \/>\nG\u00f6r mig lycklig igen<br \/>\nG\u00f6r mig lycklig nu<br \/>\nG\u00f8r mig lykkelig lige nu<br \/>\nG\u00f6r mig lycklig nu<br \/>\nG\u00f6r mig lycklig igen<\/p>\n<p>Om du k\u00e4nner det f\u00e4rdigt, f\u00e4rdigt och f\u00f6rbi<br \/>\nhvis du f\u00e6lder en t\u00e5re af melankoli<br \/>\nS\u00e5 l\u00e5t mig s\u00e4ga dig detta, kom alltid ih\u00e5g<br \/>\nAv sviken k\u00e4rlek ska v\u00e4rlden best\u00e5<\/p>\n<p>G\u00f6r mig lycklig nu<br \/>\nG\u00f6r mig lycklig nu<br \/>\nG\u00f6r mig lycklig nu<br \/>\nG\u00f6r mig lycklig igen<\/p>\n<p>G\u00f6r mig lycklig nu<br \/>\nG\u00f6r mig lycklig igen<br \/>\nG\u00f6r mig lycklig nu<br \/>\nG\u00f8r mig lykkelig lige nu<br \/>\nG\u00f6r mig lycklig nu<br \/>\nG\u00f6r mig lycklig igen<\/p>\n","protected":false},"excerpt":{"rendered":"<p>Du kom med alt det der var dig Du kom med alt hvad der var dig og spr\u00e6ngte hver en sp\u00e6rret vej og hvilket for\u00e5r blev det! Det \u00e5r, da alt blev st\u00e6rkt og klart og vildt og fyldt med &hellip; <a href=\"http:\/\/www.strandvejen23.dk\/?page_id=489\">L\u00e4s mer <span class=\"meta-nav\">&rarr;<\/span><\/a><\/p>\n","protected":false},"author":3,"featured_media":0,"parent":0,"menu_order":0,"comment_status":"closed","ping_status":"closed","template":"","meta":{"footnotes":""},"class_list":["post-489","page","type-page","status-publish","hentry"],"_links":{"self":[{"href":"http:\/\/www.strandvejen23.dk\/index.php?rest_route=\/wp\/v2\/pages\/489","targetHints":{"allow":["GET"]}}],"collection":[{"href":"http:\/\/www.strandvejen23.dk\/index.php?rest_route=\/wp\/v2\/pages"}],"about":[{"href":"http:\/\/www.strandvejen23.dk\/index.php?rest_route=\/wp\/v2\/types\/page"}],"author":[{"embeddable":true,"href":"http:\/\/www.strandvejen23.dk\/index.php?rest_route=\/wp\/v2\/users\/3"}],"replies":[{"embeddable":true,"href":"http:\/\/www.strandvejen23.dk\/index.php?rest_route=%2Fwp%2Fv2%2Fcomments&post=489"}],"version-history":[{"count":18,"href":"http:\/\/www.strandvejen23.dk\/index.php?rest_route=\/wp\/v2\/pages\/489\/revisions"}],"predecessor-version":[{"id":2479,"href":"http:\/\/www.strandvejen23.dk\/index.php?rest_route=\/wp\/v2\/pages\/489\/revisions\/2479"}],"wp:attachment":[{"href":"http:\/\/www.strandvejen23.dk\/index.php?rest_route=%2Fwp%2Fv2%2Fmedia&parent=489"}],"curies":[{"name":"wp","href":"https:\/\/api.w.org\/{rel}","templated":true}]}}