{"id":855,"date":"2015-02-02T21:58:53","date_gmt":"2015-02-02T20:58:53","guid":{"rendered":"http:\/\/www.strandvejen23.dk\/?page_id=855"},"modified":"2022-03-13T12:17:50","modified_gmt":"2022-03-13T11:17:50","slug":"onnered-v-frolunda-goteborg-sverige","status":"publish","type":"page","link":"http:\/\/www.strandvejen23.dk\/?page_id=855","title":{"rendered":"G\u00f6teborg, \u00d6nnered, V Fr\u00f6lunda, G\u00f6teborg, Sverige"},"content":{"rendered":"<p><a href=\"http:\/\/www.strandvejen23.dk\/wp-content\/uploads\/2015\/02\/Onnered.png\"><img loading=\"lazy\" decoding=\"async\" class=\"alignnone wp-image-1703\" src=\"http:\/\/www.strandvejen23.dk\/wp-content\/uploads\/2015\/02\/Onnered.png\" alt=\"\" width=\"753\" height=\"753\" srcset=\"http:\/\/www.strandvejen23.dk\/wp-content\/uploads\/2015\/02\/Onnered.png 512w, http:\/\/www.strandvejen23.dk\/wp-content\/uploads\/2015\/02\/Onnered-150x150.png 150w, http:\/\/www.strandvejen23.dk\/wp-content\/uploads\/2015\/02\/Onnered-300x300.png 300w\" sizes=\"auto, (max-width: 753px) 100vw, 753px\" \/><\/a><\/p>\n<p><iframe loading=\"lazy\" title=\"This is Gothenburg\" width=\"584\" height=\"329\" src=\"https:\/\/www.youtube.com\/embed\/AZ9Q_oXb1vI?start=92&#038;feature=oembed\" frameborder=\"0\" allow=\"accelerometer; autoplay; clipboard-write; encrypted-media; gyroscope; picture-in-picture; web-share\" referrerpolicy=\"strict-origin-when-cross-origin\" allowfullscreen><\/iframe><\/p>\n<p><iframe loading=\"lazy\" title=\"This is Gothenburg by Annelie Pompe\" width=\"584\" height=\"329\" src=\"https:\/\/www.youtube.com\/embed\/ukXWdDqugF4?feature=oembed\" frameborder=\"0\" allow=\"accelerometer; autoplay; clipboard-write; encrypted-media; gyroscope; picture-in-picture; web-share\" referrerpolicy=\"strict-origin-when-cross-origin\" allowfullscreen><\/iframe><\/p>\n<p><a href=\"http:\/\/www.strandvejen23.dk\/wp-content\/uploads\/2015\/02\/Onnered.jpg\"><img loading=\"lazy\" decoding=\"async\" class=\"alignnone size-full wp-image-941\" src=\"http:\/\/www.strandvejen23.dk\/wp-content\/uploads\/2015\/02\/Onnered.jpg\" alt=\"Onnered\" width=\"910\" height=\"200\" srcset=\"http:\/\/www.strandvejen23.dk\/wp-content\/uploads\/2015\/02\/Onnered.jpg 910w, http:\/\/www.strandvejen23.dk\/wp-content\/uploads\/2015\/02\/Onnered-300x66.jpg 300w, http:\/\/www.strandvejen23.dk\/wp-content\/uploads\/2015\/02\/Onnered-768x169.jpg 768w, http:\/\/www.strandvejen23.dk\/wp-content\/uploads\/2015\/02\/Onnered-500x110.jpg 500w\" sizes=\"auto, (max-width: 910px) 100vw, 910px\" \/><\/a><\/p>\n<p style=\"text-align: center;\">\u00d6nnereds Brygga, Lilla R\u00f6s\u00f6 och \u00d6nnereds B\u00e5tlag<\/p>\n<p><a href=\"http:\/\/www.strandvejen23.dk\/wp-content\/uploads\/2015\/02\/IMG_0828.jpg\"><img loading=\"lazy\" decoding=\"async\" class=\"size-large wp-image-860 aligncenter\" src=\"http:\/\/www.strandvejen23.dk\/wp-content\/uploads\/2015\/02\/IMG_0828-1024x764.jpg\" alt=\"IMG_0828\" width=\"584\" height=\"435\" srcset=\"http:\/\/www.strandvejen23.dk\/wp-content\/uploads\/2015\/02\/IMG_0828-1024x764.jpg 1024w, http:\/\/www.strandvejen23.dk\/wp-content\/uploads\/2015\/02\/IMG_0828-300x224.jpg 300w, http:\/\/www.strandvejen23.dk\/wp-content\/uploads\/2015\/02\/IMG_0828-401x300.jpg 401w\" sizes=\"auto, (max-width: 584px) 100vw, 584px\" \/><\/a><\/p>\n<p><a href=\"http:\/\/www.strandvejen23.dk\/wp-content\/uploads\/2015\/02\/IMG_0487.jpg\"><img loading=\"lazy\" decoding=\"async\" class=\"size-large wp-image-943 aligncenter\" src=\"http:\/\/www.strandvejen23.dk\/wp-content\/uploads\/2015\/02\/IMG_0487-1024x768.jpg\" alt=\"IMG_0487\" width=\"584\" height=\"438\" srcset=\"http:\/\/www.strandvejen23.dk\/wp-content\/uploads\/2015\/02\/IMG_0487-1024x768.jpg 1024w, http:\/\/www.strandvejen23.dk\/wp-content\/uploads\/2015\/02\/IMG_0487-300x225.jpg 300w, http:\/\/www.strandvejen23.dk\/wp-content\/uploads\/2015\/02\/IMG_0487-768x576.jpg 768w, http:\/\/www.strandvejen23.dk\/wp-content\/uploads\/2015\/02\/IMG_0487-400x300.jpg 400w\" sizes=\"auto, (max-width: 584px) 100vw, 584px\" \/><\/a><\/p>\n<p><a href=\"http:\/\/www.strandvejen23.dk\/wp-content\/uploads\/2015\/02\/IMG_0515.jpg\"><img loading=\"lazy\" decoding=\"async\" class=\"size-large wp-image-944 aligncenter\" src=\"http:\/\/www.strandvejen23.dk\/wp-content\/uploads\/2015\/02\/IMG_0515-1024x768.jpg\" alt=\"IMG_0515\" width=\"584\" height=\"438\" srcset=\"http:\/\/www.strandvejen23.dk\/wp-content\/uploads\/2015\/02\/IMG_0515-1024x768.jpg 1024w, http:\/\/www.strandvejen23.dk\/wp-content\/uploads\/2015\/02\/IMG_0515-300x225.jpg 300w, http:\/\/www.strandvejen23.dk\/wp-content\/uploads\/2015\/02\/IMG_0515-768x576.jpg 768w, http:\/\/www.strandvejen23.dk\/wp-content\/uploads\/2015\/02\/IMG_0515-400x300.jpg 400w\" sizes=\"auto, (max-width: 584px) 100vw, 584px\" \/><\/a><\/p>\n<p><a href=\"http:\/\/www.strandvejen23.dk\/wp-content\/uploads\/2015\/02\/IMG_0792.jpg\"><img loading=\"lazy\" decoding=\"async\" class=\"size-large wp-image-939 aligncenter\" src=\"http:\/\/www.strandvejen23.dk\/wp-content\/uploads\/2015\/02\/IMG_0792-1024x768.jpg\" alt=\"IMG_0792\" width=\"584\" height=\"438\" srcset=\"http:\/\/www.strandvejen23.dk\/wp-content\/uploads\/2015\/02\/IMG_0792-1024x768.jpg 1024w, http:\/\/www.strandvejen23.dk\/wp-content\/uploads\/2015\/02\/IMG_0792-300x225.jpg 300w, http:\/\/www.strandvejen23.dk\/wp-content\/uploads\/2015\/02\/IMG_0792-768x576.jpg 768w, http:\/\/www.strandvejen23.dk\/wp-content\/uploads\/2015\/02\/IMG_0792-400x300.jpg 400w\" sizes=\"auto, (max-width: 584px) 100vw, 584px\" \/><\/a><\/p>\n<p><iframe loading=\"lazy\" title=\"Ganlet vid \u00d6nnered, Vandringstips. Nature at \u00d6nnered, V\u00e4stra Fr\u00f6lunda\" width=\"584\" height=\"329\" src=\"https:\/\/www.youtube.com\/embed\/yjPxCDgE9ZI?feature=oembed\" frameborder=\"0\" allow=\"accelerometer; autoplay; clipboard-write; encrypted-media; gyroscope; picture-in-picture; web-share\" referrerpolicy=\"strict-origin-when-cross-origin\" allowfullscreen><\/iframe><\/p>\n","protected":false},"excerpt":{"rendered":"<p>\u00d6nnereds Brygga, Lilla R\u00f6s\u00f6 och \u00d6nnereds B\u00e5tlag<\/p>\n","protected":false},"author":3,"featured_media":0,"parent":0,"menu_order":0,"comment_status":"closed","ping_status":"closed","template":"","meta":{"footnotes":""},"class_list":["post-855","page","type-page","status-publish","hentry"],"_links":{"self":[{"href":"http:\/\/www.strandvejen23.dk\/index.php?rest_route=\/wp\/v2\/pages\/855","targetHints":{"allow":["GET"]}}],"collection":[{"href":"http:\/\/www.strandvejen23.dk\/index.php?rest_route=\/wp\/v2\/pages"}],"about":[{"href":"http:\/\/www.strandvejen23.dk\/index.php?rest_route=\/wp\/v2\/types\/page"}],"author":[{"embeddable":true,"href":"http:\/\/www.strandvejen23.dk\/index.php?rest_route=\/wp\/v2\/users\/3"}],"replies":[{"embeddable":true,"href":"http:\/\/www.strandvejen23.dk\/index.php?rest_route=%2Fwp%2Fv2%2Fcomments&post=855"}],"version-history":[{"count":20,"href":"http:\/\/www.strandvejen23.dk\/index.php?rest_route=\/wp\/v2\/pages\/855\/revisions"}],"predecessor-version":[{"id":2409,"href":"http:\/\/www.strandvejen23.dk\/index.php?rest_route=\/wp\/v2\/pages\/855\/revisions\/2409"}],"wp:attachment":[{"href":"http:\/\/www.strandvejen23.dk\/index.php?rest_route=%2Fwp%2Fv2%2Fmedia&parent=855"}],"curies":[{"name":"wp","href":"https:\/\/api.w.org\/{rel}","templated":true}]}}