{"id":1893,"date":"2018-08-11T22:45:24","date_gmt":"2018-08-11T20:45:24","guid":{"rendered":"http:\/\/www.strandvejen23.dk\/?page_id=1893"},"modified":"2022-01-15T21:47:50","modified_gmt":"2022-01-15T20:47:50","slug":"peace-love-and-rock-roll-2013","status":"publish","type":"page","link":"https:\/\/www.strandvejen23.dk\/?page_id=1893","title":{"rendered":"Peace, Love and Rock &#038; Roll 2013"},"content":{"rendered":"<p><a href=\"http:\/\/www.strandvejen23.dk\/wp-content\/uploads\/2012\/09\/Flaggapeacelove.jpeg\"><img loading=\"lazy\" decoding=\"async\" class=\"alignnone size-full wp-image-475\" src=\"http:\/\/www.strandvejen23.dk\/wp-content\/uploads\/2012\/09\/Flaggapeacelove.jpeg\" alt=\"\" width=\"960\" height=\"642\" srcset=\"https:\/\/www.strandvejen23.dk\/wp-content\/uploads\/2012\/09\/Flaggapeacelove.jpeg 960w, https:\/\/www.strandvejen23.dk\/wp-content\/uploads\/2012\/09\/Flaggapeacelove-300x200.jpeg 300w, https:\/\/www.strandvejen23.dk\/wp-content\/uploads\/2012\/09\/Flaggapeacelove-448x300.jpeg 448w\" sizes=\"auto, (max-width: 960px) 100vw, 960px\" \/><\/a> <a href=\"http:\/\/www.strandvejen23.dk\/wp-content\/uploads\/2012\/09\/PeaceandLove.jpg\"><img loading=\"lazy\" decoding=\"async\" class=\"alignnone size-full wp-image-476\" src=\"http:\/\/www.strandvejen23.dk\/wp-content\/uploads\/2012\/09\/PeaceandLove.jpg\" alt=\"\" width=\"960\" height=\"642\" srcset=\"https:\/\/www.strandvejen23.dk\/wp-content\/uploads\/2012\/09\/PeaceandLove.jpg 960w, https:\/\/www.strandvejen23.dk\/wp-content\/uploads\/2012\/09\/PeaceandLove-300x200.jpg 300w, https:\/\/www.strandvejen23.dk\/wp-content\/uploads\/2012\/09\/PeaceandLove-448x300.jpg 448w\" sizes=\"auto, (max-width: 960px) 100vw, 960px\" \/><\/a> <a href=\"http:\/\/www.strandvejen23.dk\/wp-content\/uploads\/2012\/09\/Pergettogether.jpeg\"><img loading=\"lazy\" decoding=\"async\" class=\"size-full wp-image-479 aligncenter\" src=\"http:\/\/www.strandvejen23.dk\/wp-content\/uploads\/2012\/09\/Pergettogether.jpeg\" alt=\"\" width=\"740\" height=\"960\" srcset=\"https:\/\/www.strandvejen23.dk\/wp-content\/uploads\/2012\/09\/Pergettogether.jpeg 740w, https:\/\/www.strandvejen23.dk\/wp-content\/uploads\/2012\/09\/Pergettogether-231x300.jpeg 231w\" sizes=\"auto, (max-width: 740px) 100vw, 740px\" \/><\/a> <a href=\"http:\/\/www.strandvejen23.dk\/wp-content\/uploads\/2012\/09\/Bro\u0308llop-10-aug-2013.jpeg\"><img loading=\"lazy\" decoding=\"async\" class=\"alignnone size-full wp-image-478\" src=\"http:\/\/www.strandvejen23.dk\/wp-content\/uploads\/2012\/09\/Bro\u0308llop-10-aug-2013.jpeg\" alt=\"\" width=\"612\" height=\"612\" srcset=\"https:\/\/www.strandvejen23.dk\/wp-content\/uploads\/2012\/09\/Bro\u0308llop-10-aug-2013.jpeg 612w, https:\/\/www.strandvejen23.dk\/wp-content\/uploads\/2012\/09\/Bro\u0308llop-10-aug-2013-150x150.jpeg 150w, https:\/\/www.strandvejen23.dk\/wp-content\/uploads\/2012\/09\/Bro\u0308llop-10-aug-2013-300x300.jpeg 300w\" sizes=\"auto, (max-width: 612px) 100vw, 612px\" \/><\/a> \u00a0<a href=\"http:\/\/www.strandvejen23.dk\/wp-content\/uploads\/2012\/09\/IMG_5537.jpg\"><img loading=\"lazy\" decoding=\"async\" class=\"size-large wp-image-520 aligncenter\" src=\"http:\/\/www.strandvejen23.dk\/wp-content\/uploads\/2012\/09\/IMG_5537-1024x666.jpg\" alt=\"\" width=\"584\" height=\"380\" srcset=\"https:\/\/www.strandvejen23.dk\/wp-content\/uploads\/2012\/09\/IMG_5537-1024x666.jpg 1024w, https:\/\/www.strandvejen23.dk\/wp-content\/uploads\/2012\/09\/IMG_5537-300x195.jpg 300w, https:\/\/www.strandvejen23.dk\/wp-content\/uploads\/2012\/09\/IMG_5537-460x300.jpg 460w\" sizes=\"auto, (max-width: 584px) 100vw, 584px\" \/><\/a> <a href=\"http:\/\/www.strandvejen23.dk\/wp-content\/uploads\/2012\/09\/IMG_5518.jpg\"><img loading=\"lazy\" decoding=\"async\" class=\"size-large wp-image-521 aligncenter\" src=\"http:\/\/www.strandvejen23.dk\/wp-content\/uploads\/2012\/09\/IMG_5518-1024x991.jpg\" alt=\"\" width=\"584\" height=\"565\" srcset=\"https:\/\/www.strandvejen23.dk\/wp-content\/uploads\/2012\/09\/IMG_5518-1024x991.jpg 1024w, https:\/\/www.strandvejen23.dk\/wp-content\/uploads\/2012\/09\/IMG_5518-300x290.jpg 300w, https:\/\/www.strandvejen23.dk\/wp-content\/uploads\/2012\/09\/IMG_5518-309x300.jpg 309w, https:\/\/www.strandvejen23.dk\/wp-content\/uploads\/2012\/09\/IMG_5518.jpg 1633w\" sizes=\"auto, (max-width: 584px) 100vw, 584px\" \/><\/a><\/p>\n<p style=\"text-align: center;\">S\u00e5 kom Tomas, L\u00e6s\u00f8s borgm\u00e4stare &#8211; S\u00e5 blev det br\u00f6llop!<\/p>\n<p><img loading=\"lazy\" decoding=\"async\" class=\"size-large wp-image-510 aligncenter\" src=\"http:\/\/www.strandvejen23.dk\/wp-content\/uploads\/2012\/09\/IMG_1524-768x1024.jpg\" alt=\"\" width=\"584\" height=\"779\" srcset=\"https:\/\/www.strandvejen23.dk\/wp-content\/uploads\/2012\/09\/IMG_1524-768x1024.jpg 768w, https:\/\/www.strandvejen23.dk\/wp-content\/uploads\/2012\/09\/IMG_1524-225x300.jpg 225w, https:\/\/www.strandvejen23.dk\/wp-content\/uploads\/2012\/09\/IMG_1524.jpg 960w\" sizes=\"auto, (max-width: 584px) 100vw, 584px\" \/><\/p>\n","protected":false},"excerpt":{"rendered":"<p>\u00a0 S\u00e5 kom Tomas, L\u00e6s\u00f8s borgm\u00e4stare &#8211; S\u00e5 blev det br\u00f6llop!<\/p>\n","protected":false},"author":3,"featured_media":0,"parent":0,"menu_order":0,"comment_status":"closed","ping_status":"closed","template":"","meta":{"footnotes":""},"class_list":["post-1893","page","type-page","status-publish","hentry"],"_links":{"self":[{"href":"https:\/\/www.strandvejen23.dk\/index.php?rest_route=\/wp\/v2\/pages\/1893","targetHints":{"allow":["GET"]}}],"collection":[{"href":"https:\/\/www.strandvejen23.dk\/index.php?rest_route=\/wp\/v2\/pages"}],"about":[{"href":"https:\/\/www.strandvejen23.dk\/index.php?rest_route=\/wp\/v2\/types\/page"}],"author":[{"embeddable":true,"href":"https:\/\/www.strandvejen23.dk\/index.php?rest_route=\/wp\/v2\/users\/3"}],"replies":[{"embeddable":true,"href":"https:\/\/www.strandvejen23.dk\/index.php?rest_route=%2Fwp%2Fv2%2Fcomments&post=1893"}],"version-history":[{"count":6,"href":"https:\/\/www.strandvejen23.dk\/index.php?rest_route=\/wp\/v2\/pages\/1893\/revisions"}],"predecessor-version":[{"id":2402,"href":"https:\/\/www.strandvejen23.dk\/index.php?rest_route=\/wp\/v2\/pages\/1893\/revisions\/2402"}],"wp:attachment":[{"href":"https:\/\/www.strandvejen23.dk\/index.php?rest_route=%2Fwp%2Fv2%2Fmedia&parent=1893"}],"curies":[{"name":"wp","href":"https:\/\/api.w.org\/{rel}","templated":true}]}}