{"id":3354,"date":"2026-03-22T16:45:33","date_gmt":"2026-03-22T15:45:33","guid":{"rendered":"https:\/\/www.strandvejen23.dk\/?page_id=3354"},"modified":"2026-05-08T10:38:26","modified_gmt":"2026-05-08T08:38:26","slug":"2026-2","status":"publish","type":"page","link":"https:\/\/www.strandvejen23.dk\/?page_id=3354","title":{"rendered":"2026"},"content":{"rendered":"<div class=\"wp-block-image\">\n<figure class=\"aligncenter size-full\"><a href=\"https:\/\/www.strandvejen23.dk\/wp-content\/uploads\/2026\/03\/FEFF017E-F45F-4D26-BFAB-D52704A94376.jpeg\"><img loading=\"lazy\" decoding=\"async\" width=\"1008\" height=\"756\" src=\"https:\/\/www.strandvejen23.dk\/wp-content\/uploads\/2026\/03\/FEFF017E-F45F-4D26-BFAB-D52704A94376.jpeg\" alt=\"\" class=\"wp-image-3359\" srcset=\"https:\/\/www.strandvejen23.dk\/wp-content\/uploads\/2026\/03\/FEFF017E-F45F-4D26-BFAB-D52704A94376.jpeg 1008w, https:\/\/www.strandvejen23.dk\/wp-content\/uploads\/2026\/03\/FEFF017E-F45F-4D26-BFAB-D52704A94376-300x225.jpeg 300w, https:\/\/www.strandvejen23.dk\/wp-content\/uploads\/2026\/03\/FEFF017E-F45F-4D26-BFAB-D52704A94376-768x576.jpeg 768w, https:\/\/www.strandvejen23.dk\/wp-content\/uploads\/2026\/03\/FEFF017E-F45F-4D26-BFAB-D52704A94376-400x300.jpeg 400w\" sizes=\"auto, (max-width: 1008px) 100vw, 1008px\" \/><\/a><\/figure>\n<\/div>\n\n\n<p class=\"has-text-align-center\"><strong>Inbjudan till sommaren 2026<\/strong><\/p>\n\n\n\n<p>Efter en l\u00e5ng m\u00f6rk och kall vinter \u00e4r det dags f\u00f6r sommarens turer med m\/s Pura Vida, en Saga 325.<\/p>\n\n\n\n<p>Liksom tidigare \u00e5r bjuder jag in v\u00e4nner och bekanta ombord enligt \u201dJump on \u2013 Jump off principen\u201d* till en eller flera dagar\/n\u00e4tter ombord.<\/p>\n\n\n\n<p>Vi kan maximalt vara fyra personer som samtidigt \u00f6vernattar ombord. S\u00e5 boka en plats redan nu om du vill vara med.<\/p>\n\n\n\n<p class=\"has-text-align-center\"><strong>Skagerack runt<\/strong> <strong>1 juni &#8211; 15 augusti<\/strong><\/p>\n\n\n\n<figure class=\"wp-block-image size-full\"><a href=\"https:\/\/www.strandvejen23.dk\/wp-content\/uploads\/2026\/03\/image.png\"><img loading=\"lazy\" decoding=\"async\" width=\"888\" height=\"500\" src=\"https:\/\/www.strandvejen23.dk\/wp-content\/uploads\/2026\/03\/image.png\" alt=\"\" class=\"wp-image-3358\" srcset=\"https:\/\/www.strandvejen23.dk\/wp-content\/uploads\/2026\/03\/image.png 888w, https:\/\/www.strandvejen23.dk\/wp-content\/uploads\/2026\/03\/image-300x169.png 300w, https:\/\/www.strandvejen23.dk\/wp-content\/uploads\/2026\/03\/image-768x432.png 768w, https:\/\/www.strandvejen23.dk\/wp-content\/uploads\/2026\/03\/image-500x282.png 500w\" sizes=\"auto, (max-width: 888px) 100vw, 888px\" \/><\/a><\/figure>\n\n\n\n<p>Kanske vill du vara med n\u00e5gon eller flera dagar ombord och uppleva en eller ett par dagar tillsammans i G\u00f6teborgs-, Bohusl\u00e4ns eller s\u00f6dra Norges sk\u00e4rg\u00e5rd alternativt i norra Jylland i Danmark?<\/p>\n\n\n\n<p>Det kan ocks\u00e5 h\u00e4nda att jag ligger till i n\u00e5gon hamn utmed v\u00e4gen och att vi kan ses d\u00e5?<\/p>\n\n\n\n<p>Ett b\u00e4ttre s\u00e4tt att se och uppleva underbara delar av Skandinavien finns knappast!<\/p>\n\n\n\n<p>Intresserad av att delta? V\u00e4lkommen att h\u00f6ra av dig!<\/p>\n\n\n\n<p class=\"has-text-align-center\"><\/p>\n\n\n\n<p>Sj\u00f6s\u00e4ttning \u00e4r planerad till den 10:e april. Under april och maj blir det lite bryggsegling i \u00d6nnered samt n\u00e5gra dagsturer och\/eller kortare \u00f6vernattningar i G\u00f6teborg s\u00f6dra sk\u00e4rg\u00e5rd (ex. Vr\u00e5ng\u00f6, Stora K\u00e4ll\u00f6, Br\u00e4nn\u00f6, Vinga, Asper\u00f6, S\u00e4r\u00f6, etc.).<\/p>\n\n\n<div class=\"wp-block-image\">\n<figure class=\"aligncenter size-large\"><a href=\"https:\/\/www.strandvejen23.dk\/wp-content\/uploads\/2026\/05\/IMG_9369-scaled.jpeg\"><img loading=\"lazy\" decoding=\"async\" width=\"1024\" height=\"768\" src=\"https:\/\/www.strandvejen23.dk\/wp-content\/uploads\/2026\/05\/IMG_9369-1024x768.jpeg\" alt=\"\" class=\"wp-image-3380\" srcset=\"https:\/\/www.strandvejen23.dk\/wp-content\/uploads\/2026\/05\/IMG_9369-1024x768.jpeg 1024w, https:\/\/www.strandvejen23.dk\/wp-content\/uploads\/2026\/05\/IMG_9369-300x225.jpeg 300w, https:\/\/www.strandvejen23.dk\/wp-content\/uploads\/2026\/05\/IMG_9369-768x576.jpeg 768w, https:\/\/www.strandvejen23.dk\/wp-content\/uploads\/2026\/05\/IMG_9369-1536x1152.jpeg 1536w, https:\/\/www.strandvejen23.dk\/wp-content\/uploads\/2026\/05\/IMG_9369-2048x1536.jpeg 2048w, https:\/\/www.strandvejen23.dk\/wp-content\/uploads\/2026\/05\/IMG_9369-400x300.jpeg 400w\" sizes=\"auto, (max-width: 1024px) 100vw, 1024px\" \/><\/a><\/figure>\n<\/div>\n\n\n<p class=\"has-text-align-center\">Vinga<\/p>\n\n\n\n<p>Kanske blir det att g\u00e5 en promenad, bada bastu eller grillad middag eller varf\u00f6r inte luncha p\u00e5 Jungman Jansson p\u00e5 \u00d6nnereds Brygga?Vinga<\/p>\n\n\n\n<p class=\"has-text-align-center\"><strong>Skagerack runt<\/strong> <strong>Tour<\/strong> <strong>2026<\/strong><\/p>\n\n\n\n<p>Vecka 23 (1\u20137 juni)\/ Vecka 24 (8-24 juni)<\/p>\n\n\n\n<p><strong>S\u00f6dra Bohusl\u00e4n<\/strong> <\/p>\n\n\n\n<p>Vinga, Gbg norra sk\u00e4rg\u00e5rd, R\u00f6r\u00f6, Marstrand, \u00c5stol, Kl\u00e4desholmen, K\u00e4rring\u00f6n, Gullholmen, Lysekil, Munkedal\u2026<\/p>\n\n\n\n<p>13\/6 Musikfestival \u2013 Munkedalsparken:<\/p>\n\n\n\n<p>Gruppen Rocks Off spelar &#8211; A tribute to Rolling StonesVecka 24 (8\u201314 juni)<\/p>\n\n\n\n<p><strong>Runt om i mellersta Bohusl\u00e4n<\/strong><\/p>\n\n\n\n<p>Kungshamn\/Sm\u00f6gen, Bovallstrand, Hamburgsund, Fj\u00e4llbacka sk\u00e4rg\u00e5rd, V\u00e4der\u00f6arna\u2026<\/p>\n\n\n\n<p>Vecka 25 (15\u201321 juni)<\/p>\n\n\n\n<p><strong>Norra Bohusl\u00e4n (Grebbestad, Koster <\/strong>\u27a2 <strong>Norge)<\/strong><\/p>\n\n\n\n<p>Midsommar firar vi med min son Johan + familj i Edsvik\/Grebbestad<br><\/p>\n\n\n\n<p>Vecka 26 (22\u201327 juni)<\/p>\n\n\n\n<p><strong>S\u00f6dra Norge<\/strong><\/p>\n\n\n\n<p>Larvik, Skien, Telemarkskanalen, 8 slussar t\/r under 1 veckaVecka 25 och 26 \u00e4r Denise och Bella med ombord.<\/p>\n\n\n\n<p>Vecka 27 (28 juni \u2013 5 juli)<\/p>\n\n\n\n<p><strong>Norge <\/strong>\u27a2 <strong>Danmark <\/strong>(h\u00e4r f\u00e5r man ev. v\u00e4nta p\u00e5 bra v\u00e4der)<\/p>\n\n\n\n<p>Kristiansand, Hirtshals\u2026<\/p>\n\n\n\n<p>Vecka 28 (6\u201312 juli)<\/p>\n\n\n\n<p><strong>Jylland, Norra Danmark<\/strong><\/p>\n\n\n\n<p>Limfjorden, \u00c5lborg\u2026<\/p>\n\n\n\n<p>H\u00e4r har flera redan anm\u00e4lt sitt intresse att vara med.<\/p>\n\n\n\n<p>S\u00e6by<\/p>\n\n\n\n<p>Vecka 29 (13\u201315 juli)<\/p>\n\n\n\n<p>S\u00e6by \u2013 L\u00e6s\u00f8Vecka 30\u201332 (16 juli-14 augusti)<\/p>\n\n\n\n<p><strong>L\u00e6s\u00f8<\/strong><\/p>\n\n\n\n<p>Strandvejen 23<\/p>\n\n\n\n<p>16\/7 Jazz i V\u00e6ster\u00f8 hamn<\/p>\n\n\n\n<p>18\/7 Kajfest i V\u00e6ster\u00f8 hamn<\/p>\n\n\n<div class=\"wp-block-image\">\n<figure class=\"aligncenter size-large\"><a href=\"https:\/\/www.strandvejen23.dk\/wp-content\/uploads\/2026\/04\/IMG_9095-scaled.jpeg\"><img loading=\"lazy\" decoding=\"async\" width=\"1024\" height=\"768\" src=\"https:\/\/www.strandvejen23.dk\/wp-content\/uploads\/2026\/04\/IMG_9095-1024x768.jpeg\" alt=\"\" class=\"wp-image-3371\" srcset=\"https:\/\/www.strandvejen23.dk\/wp-content\/uploads\/2026\/04\/IMG_9095-1024x768.jpeg 1024w, https:\/\/www.strandvejen23.dk\/wp-content\/uploads\/2026\/04\/IMG_9095-300x225.jpeg 300w, https:\/\/www.strandvejen23.dk\/wp-content\/uploads\/2026\/04\/IMG_9095-768x576.jpeg 768w, https:\/\/www.strandvejen23.dk\/wp-content\/uploads\/2026\/04\/IMG_9095-1536x1152.jpeg 1536w, https:\/\/www.strandvejen23.dk\/wp-content\/uploads\/2026\/04\/IMG_9095-2048x1536.jpeg 2048w, https:\/\/www.strandvejen23.dk\/wp-content\/uploads\/2026\/04\/IMG_9095-400x300.jpeg 400w\" sizes=\"auto, (max-width: 1024px) 100vw, 1024px\" \/><\/a><\/figure>\n<\/div>\n\n\n<p class=\"has-text-align-center\">19\/7 Blir det jam med v\u00e4nner p\u00e5 Strandvejen 23<\/p>\n\n\n\n<p>Vecka 30 L\u00e6s\u00f8 Konstfestival<\/p>\n\n\n\n<p>1\/8 Jomfruhummerfestival i \u00d8sterby<\/p>\n\n\n\n<p>Vecka 33 (10\u201314 augusti)<\/p>\n\n\n\n<p><strong>L\u00e6s\u00f8 \u2013 G\u00f6teborg<\/strong><\/p>\n\n\n\n<p>Reservation f\u00f6r sm\u00e4rre f\u00f6r\u00e4ndringar pga t.ex. v\u00e4der och vind.<\/p>\n\n\n\n<p>\u00c4r du intresserad att vara med ombord \u2013 h\u00f6r av dig!<\/p>\n\n\n\n<p><\/p>\n\n\n\n<p>*<strong>Jump on \u2013 Jump off<\/strong><\/p>\n\n\n\n<p>Vill du\/ni vara med kan du\/ni alltid ta buss, t\u00e5g eller b\u00e5t till eller fr\u00e5n n\u00e5gra av orterna p\u00e5 fastland eller i hamn n\u00e5gonstans utmed v\u00e4gen d\u00e4r jag kan stanna till?<\/p>\n\n\n\n<p>Om du\/ni vill \u00f6vernatta ombord s\u00e5 \u00e4r allt du\/ni beh\u00f6ver ha med dig \u00e4r lite s\u00e4ngkl\u00e4der ev. sovs\u00e4ck. Kuddar, t\u00e4cken, flytv\u00e4star finns ombord. Mat och dryck ordnar vi utmed v\u00e4gen.<\/p>\n\n\n\n<p>H\u00f6r av dig\/er om och n\u00e4r du\/ni \u00e4r intresserad av ovan s\u00e5 f\u00f6rs\u00f6ker jag planera d\u00e4refter.<\/p>\n\n\n\n<p>Lite praktiska saker:<\/p>\n\n\n\n<p>\u2022 Min Saga 325 \u00e4r en motorb\u00e5t med fyra kojplatser och har \u201dall inclusive\u201d (vatten, k\u00f6k, kyl, toa, 220V, v\u00e4rmare, VHF-radio, navigationsinstrument, flytv\u00e4star, m.m.).<\/p>\n\n\n\n<p>\u2022 Ingen eller mycket lite erfarenhet av bes\u00e4ttningen erfordras.<\/p>\n\n\n\n<p>\u2022 Tiderna \u00e4r prelimin\u00e4ra och kan komma att f\u00f6r\u00e4ndras beroende p\u00e5 v\u00e4der och vind.<\/p>\n\n\n\n<p>Kostnad: L\u00f6pande kostnader delas broderligt.<\/p>\n","protected":false},"excerpt":{"rendered":"<p>Inbjudan till sommaren 2026 Efter en l\u00e5ng m\u00f6rk och kall vinter \u00e4r det dags f\u00f6r sommarens turer med m\/s Pura Vida, en Saga 325. Liksom tidigare \u00e5r bjuder jag in v\u00e4nner och bekanta ombord enligt \u201dJump on \u2013 Jump off &hellip; <a href=\"https:\/\/www.strandvejen23.dk\/?page_id=3354\">L\u00e4s mer <span class=\"meta-nav\">&rarr;<\/span><\/a><\/p>\n","protected":false},"author":3,"featured_media":0,"parent":0,"menu_order":0,"comment_status":"closed","ping_status":"closed","template":"","meta":{"footnotes":""},"class_list":["post-3354","page","type-page","status-publish","hentry"],"_links":{"self":[{"href":"https:\/\/www.strandvejen23.dk\/index.php?rest_route=\/wp\/v2\/pages\/3354","targetHints":{"allow":["GET"]}}],"collection":[{"href":"https:\/\/www.strandvejen23.dk\/index.php?rest_route=\/wp\/v2\/pages"}],"about":[{"href":"https:\/\/www.strandvejen23.dk\/index.php?rest_route=\/wp\/v2\/types\/page"}],"author":[{"embeddable":true,"href":"https:\/\/www.strandvejen23.dk\/index.php?rest_route=\/wp\/v2\/users\/3"}],"replies":[{"embeddable":true,"href":"https:\/\/www.strandvejen23.dk\/index.php?rest_route=%2Fwp%2Fv2%2Fcomments&post=3354"}],"version-history":[{"count":11,"href":"https:\/\/www.strandvejen23.dk\/index.php?rest_route=\/wp\/v2\/pages\/3354\/revisions"}],"predecessor-version":[{"id":3383,"href":"https:\/\/www.strandvejen23.dk\/index.php?rest_route=\/wp\/v2\/pages\/3354\/revisions\/3383"}],"wp:attachment":[{"href":"https:\/\/www.strandvejen23.dk\/index.php?rest_route=%2Fwp%2Fv2%2Fmedia&parent=3354"}],"curies":[{"name":"wp","href":"https:\/\/api.w.org\/{rel}","templated":true}]}}